{"id":9138,"date":"2022-05-30T20:42:45","date_gmt":"2022-05-30T18:42:45","guid":{"rendered":"https:\/\/hastan.pl\/?post_type=product&#038;p=9138"},"modified":"2025-04-15T22:27:38","modified_gmt":"2025-04-15T20:27:38","slug":"spodenki-wspinaczkowe-meskie-krotkie-polgacie-braz-bordo","status":"publish","type":"product","link":"https:\/\/motywkadence.hastan.pl\/en\/product\/spodenki-wspinaczkowe-meskie-krotkie-polgacie-braz-bordo\/","title":{"rendered":"Climbing Shorts Men&#039;s Short Half Pants Brown Burgundy"},"content":{"rendered":"<p>A na ciep\u0142e dni tniemy Dzikie Gacie<\/p>\n<p>Kolekcja SzachMat &#8211; Hastanowe kombinacje kolorystyczne \ud83d\ude00<\/p>\n<p>Niezwykle mocna bawe\u0142na z\u00a0 dodatkiem elastanu sprawi, \u017ce spodnie wspinaczkowe znios\u0105 wiele. Naturalna tkanina nie powoduj\u0105ca obtar\u0107 czy reakcji alergicznych zadowoli najbardziej wymagaj\u0105cego klienta.<\/p>\n<p>Why is it worth:<\/p>\n<ul>\n<li>Crotch gusset (ideal for splits)<\/li>\n<li>4 Large and convenient pockets<\/li>\n<li>Guma w pasie<\/li>\n<li>Entirely designed and sewn in \u0141\u00f3d\u017a<\/li>\n<li>Accessories: embroidery, tags, button, zipper all made locally in the \u0141\u00f3d\u017a area<\/li>\n<\/ul>\n<p>Works with the harness and provides pocket access.<\/p>\n<p>Pants also look great after climbing. With an ordinary T-shirt, you can boldly go to the city in them.<\/p>\n<p>Packaging - ZERO FOIL - Each climbing pants is packed in a denim bag that you can use in any way. We know from the information from our clients that it will be perfect for quickdraws, climbing shoes, and even crampons \ud83d\ude09<\/p>\n<p>Composition:<br \/>\nCotton 98%<br \/>\nElastane 2%<\/p>\n<table>\n<tbody>\n<tr>\n<td style=\"text-align: center;\" colspan=\"5\" width=\"482\"><strong>Men&#039;s pants<\/strong><\/td>\n<\/tr>\n<tr>\n<td width=\"127\"><\/td>\n<td style=\"text-align: center;\" width=\"112\">S<\/td>\n<td style=\"text-align: center;\" width=\"122\">M<\/td>\n<td style=\"text-align: center;\" width=\"122\">L<\/td>\n<td style=\"text-align: center;\" width=\"122\">XL<\/td>\n<\/tr>\n<tr>\n<td width=\"127\"><strong>Waist width *<\/strong><\/td>\n<td style=\"text-align: center;\" width=\"112\">32\/43<\/td>\n<td style=\"text-align: center;\" width=\"122\">34\/46<\/td>\n<td style=\"text-align: center;\" width=\"122\">35\/48<\/td>\n<td style=\"text-align: center;\" width=\"122\"><\/td>\n<\/tr>\n<tr>\n<td width=\"127\"><strong>The width of the hips<\/strong><\/td>\n<td style=\"text-align: center;\" width=\"112\">51<\/td>\n<td style=\"text-align: center;\" width=\"122\">51,5<\/td>\n<td style=\"text-align: center;\" width=\"122\">51,5<\/td>\n<td style=\"text-align: center;\" width=\"122\"><\/td>\n<\/tr>\n<tr>\n<td width=\"127\"><strong>Length in the crotch<\/strong><\/td>\n<td style=\"text-align: center;\" width=\"112\">24,5<\/td>\n<td style=\"text-align: center;\" width=\"122\">25<\/td>\n<td style=\"text-align: center;\" width=\"122\">25<\/td>\n<td style=\"text-align: center;\" width=\"122\"><\/td>\n<\/tr>\n<tr>\n<td width=\"127\"><strong>Front length<\/strong><\/td>\n<td style=\"text-align: center;\" width=\"112\">49<\/td>\n<td style=\"text-align: center;\" width=\"122\">51<\/td>\n<td style=\"text-align: center;\" width=\"122\">52,5<\/td>\n<td style=\"text-align: center;\" width=\"122\"><\/td>\n<\/tr>\n<\/tbody>\n<\/table>\n<p>* flat without stretching \/ stretched<\/p>","protected":false},"excerpt":{"rendered":"<p>A na ciep\u0142e dni tniemy Dzikie Gacie<\/p>\n<p>Kolekcja SzachMat &#8211; Hastanowe kombinacje kolorystyczne \ud83d\ude00<\/p>","protected":false},"featured_media":9103,"comment_status":"open","ping_status":"closed","template":"","meta":{"_kadence_starter_templates_imported_post":false,"_kad_post_transparent":"","_kad_post_title":"","_kad_post_layout":"","_kad_post_sidebar_id":"","_kad_post_content_style":"","_kad_post_vertical_padding":"","_kad_post_feature":"","_kad_post_feature_position":"","_kad_post_header":false,"_kad_post_footer":false},"product_brand":[],"product_cat":[44,93,137,143],"product_tag":[],"class_list":{"0":"post-9138","1":"product","2":"type-product","3":"status-publish","4":"has-post-thumbnail","6":"product_cat-meskie","7":"product_cat-spodnie-krotkie-meskie","8":"product_cat-ostatnie-sztuki-meskie","9":"product_cat-ostatnie-sztuki","10":"pa_rozmiar-l","11":"pa_rozmiar-m","12":"pa_rozmiar-s","13":"pa_rozmiar-xl","15":"first","16":"instock","17":"taxable","18":"shipping-taxable","19":"purchasable","20":"product-type-variable","21":"entry","22":"content-bg","23":"loop-entry"},"jetpack_sharing_enabled":true,"_links":{"self":[{"href":"https:\/\/motywkadence.hastan.pl\/en\/wp-json\/wp\/v2\/product\/9138","targetHints":{"allow":["GET"]}}],"collection":[{"href":"https:\/\/motywkadence.hastan.pl\/en\/wp-json\/wp\/v2\/product"}],"about":[{"href":"https:\/\/motywkadence.hastan.pl\/en\/wp-json\/wp\/v2\/types\/product"}],"replies":[{"embeddable":true,"href":"https:\/\/motywkadence.hastan.pl\/en\/wp-json\/wp\/v2\/comments?post=9138"}],"wp:featuredmedia":[{"embeddable":true,"href":"https:\/\/motywkadence.hastan.pl\/en\/wp-json\/wp\/v2\/media\/9103"}],"wp:attachment":[{"href":"https:\/\/motywkadence.hastan.pl\/en\/wp-json\/wp\/v2\/media?parent=9138"}],"wp:term":[{"taxonomy":"product_brand","embeddable":true,"href":"https:\/\/motywkadence.hastan.pl\/en\/wp-json\/wp\/v2\/product_brand?post=9138"},{"taxonomy":"product_cat","embeddable":true,"href":"https:\/\/motywkadence.hastan.pl\/en\/wp-json\/wp\/v2\/product_cat?post=9138"},{"taxonomy":"product_tag","embeddable":true,"href":"https:\/\/motywkadence.hastan.pl\/en\/wp-json\/wp\/v2\/product_tag?post=9138"}],"curies":[{"name":"wp","href":"https:\/\/api.w.org\/{rel}","templated":true}]}}