{"id":6556,"date":"2021-12-19T12:45:48","date_gmt":"2021-12-19T11:45:48","guid":{"rendered":"https:\/\/hastan.pl\/?post_type=product&#038;p=6556"},"modified":"2024-12-16T14:40:21","modified_gmt":"2024-12-16T13:40:21","slug":"spodnie-wspinaczkowe-damskie-szlak-niebieski","status":"publish","type":"product","link":"https:\/\/motywkadence.hastan.pl\/en\/product\/spodnie-wspinaczkowe-damskie-szlak-niebieski\/","title":{"rendered":"Climbing Pants Women's - Blue Trail"},"content":{"rendered":"<p>Kr\u00f3j naszych spodni zapewni Ci niesamowit\u0105 wygod\u0119. Uszyte z delikatnego i elastycznego materia\u0142u, sprawiaj\u0105 poczucie jak by\u015b mia\u0142 na sobie dresy.<br \/>\nDelikatny \u015bci\u0105gacz w pasie i w nogawce pozwoli spodniom dopasowa\u0107 si\u0119 do ka\u017cdej sylwetki, a jednocze\u015bnie nie b\u0119dzie uciska\u0142.<\/p>\n<p>Find out what an amazing effect the combination of cotton, nylon and elastane with a pinch of Hastan magic gave \ud83d\ude00<\/p>\n<p>Why is it worth:<\/p>\n<ul>\n<li>Flexible fabric that does not restrict movement<\/li>\n<li>2 Mega Du\u017ce i wygodne kieszenie<\/li>\n<li>Dresowy \u015bci\u0105gacz w pasie i dodatkowo sznurek z Hastanowym logiem<\/li>\n<li>Entirely designed and sewn in \u0141\u00f3d\u017a<\/li>\n<li>Accessories: embroidery, tags, button, zipper all made locally in the \u0141\u00f3d\u017a area<\/li>\n<\/ul>\n<p>It works with the harness and provides access to pockets. The pants also look great after climbing. With an ordinary t-shirt, you can confidently go to the city in them.<\/p>\n<p>Packaging - ZERO FOIL - Each climbing pants is packed in a denim bag that you can use in any way. We know from the information from our clients that it will be perfect for quickdraws, climbing shoes, and even crampons \ud83d\ude09<\/p>\n<p>Composition:<br \/>\nMain fabric: Cotton 59%, Nylon 37%, Elastane 4%<br \/>\nRib: Cotton 96%, Elastane 4%<\/p>\n<table style=\"height: 373px;\" width=\"853\">\n<tbody>\n<tr>\n<td style=\"text-align: center;\" colspan=\"7\" width=\"504\"><strong>Women's trails<\/strong><\/td>\n<\/tr>\n<tr>\n<td width=\"121\"><\/td>\n<td style=\"text-align: center;\" width=\"121\">XXS<\/td>\n<td style=\"text-align: center;\" width=\"121\">XS<\/td>\n<td style=\"text-align: center;\" width=\"121\">S<\/td>\n<td style=\"text-align: center;\" width=\"121\">M<\/td>\n<td style=\"text-align: center;\" width=\"121\">L<\/td>\n<\/tr>\n<tr>\n<td width=\"121\"><strong>Waist circumference*<\/strong><\/td>\n<td style=\"text-align: center;\" width=\"121\">59\/81<\/td>\n<td style=\"text-align: center;\" width=\"121\">63\/85<\/td>\n<td style=\"text-align: center;\" width=\"121\">66\/90<\/td>\n<td style=\"text-align: center;\" width=\"121\">70\/95<\/td>\n<td style=\"text-align: center;\" width=\"121\">74\/100<\/td>\n<\/tr>\n<tr>\n<td width=\"121\"><strong>Thigh circumference<\/strong><\/td>\n<td style=\"text-align: center;\" width=\"121\">46<\/td>\n<td style=\"text-align: center;\" width=\"121\">51<\/td>\n<td style=\"text-align: center;\" width=\"121\">52<\/td>\n<td style=\"text-align: center;\" width=\"121\">54<\/td>\n<td style=\"text-align: center;\" width=\"121\">57<\/td>\n<\/tr>\n<tr>\n<td width=\"121\"><strong>Length in the crotch<\/strong><\/td>\n<td style=\"text-align: center;\" width=\"121\">72<\/td>\n<td style=\"text-align: center;\" width=\"121\">73<\/td>\n<td style=\"text-align: center;\" width=\"121\">74<\/td>\n<td style=\"text-align: center;\" width=\"121\">75<\/td>\n<td style=\"text-align: center;\" width=\"121\">76<\/td>\n<\/tr>\n<tr>\n<td width=\"121\"><strong>Total length<\/strong><\/td>\n<td style=\"text-align: center;\" width=\"121\">94<\/td>\n<td style=\"text-align: center;\" width=\"121\">95<\/td>\n<td style=\"text-align: center;\" width=\"121\">97<\/td>\n<td style=\"text-align: center;\" width=\"121\">99<\/td>\n<td style=\"text-align: center;\" width=\"121\">101<\/td>\n<\/tr>\n<\/tbody>\n<\/table>\n<p>* flat without stretching \/ stretched<\/p>\n<p>See other models - <a href=\"https:\/\/motywkadence.hastan.pl\/en\/kategoria-produktu\/damskie\/spodnie-dlugie-damskie\/\">women&#039;s climbing pants<\/a> from the latest collection:<\/p>\n<ul>\n<li><a href=\"https:\/\/motywkadence.hastan.pl\/en\/product\/spodnie-wspinaczkowe-damskie-czarnodzieje\/\">Sorcerers<\/a><\/li>\n<li><a href=\"https:\/\/motywkadence.hastan.pl\/en\/product\/spodnie-wspinaczkowe-damskie-laciuchy\/\">Chains<\/a><\/li>\n<\/ul>\n<p>What about the top? They will be perfect for autumn chill <a href=\"https:\/\/motywkadence.hastan.pl\/en\/kategoria-produktu\/meskie\/bluzy-damskie\/\">climbing jackets:<\/a><\/p>\n<ul>\n<li><a href=\"https:\/\/motywkadence.hastan.pl\/en\/product\/bluza-lila-las-unisex\/\">Lila Forest<\/a><\/li>\n<li><a href=\"https:\/\/motywkadence.hastan.pl\/en\/produkt\/bluza-miod-zwierzyna-unisex\/\">Game honey<\/a><\/li>\n<\/ul>","protected":false},"excerpt":{"rendered":"<p>The Blue Trail<\/p>","protected":false},"featured_media":7642,"comment_status":"open","ping_status":"closed","template":"","meta":{"_kadence_starter_templates_imported_post":false,"_kad_post_transparent":"","_kad_post_title":"","_kad_post_layout":"","_kad_post_sidebar_id":"","_kad_post_content_style":"","_kad_post_vertical_padding":"","_kad_post_feature":"","_kad_post_feature_position":"","_kad_post_header":false,"_kad_post_footer":false},"product_brand":[],"product_cat":[38,277,87],"product_tag":[],"class_list":{"0":"post-6556","1":"product","2":"type-product","3":"status-publish","4":"has-post-thumbnail","6":"product_cat-damskie","7":"product_cat-szlaki-damskie","8":"product_cat-spodnie-dlugie-damskie","9":"pa_rozmiar-l","10":"pa_rozmiar-m","11":"pa_rozmiar-s","12":"pa_rozmiar-xs","13":"pa_rozmiar-xxs","15":"first","16":"instock","17":"taxable","18":"shipping-taxable","19":"purchasable","20":"product-type-variable","21":"entry","22":"content-bg","23":"loop-entry"},"jetpack_sharing_enabled":true,"_links":{"self":[{"href":"https:\/\/motywkadence.hastan.pl\/en\/wp-json\/wp\/v2\/product\/6556","targetHints":{"allow":["GET"]}}],"collection":[{"href":"https:\/\/motywkadence.hastan.pl\/en\/wp-json\/wp\/v2\/product"}],"about":[{"href":"https:\/\/motywkadence.hastan.pl\/en\/wp-json\/wp\/v2\/types\/product"}],"replies":[{"embeddable":true,"href":"https:\/\/motywkadence.hastan.pl\/en\/wp-json\/wp\/v2\/comments?post=6556"}],"wp:featuredmedia":[{"embeddable":true,"href":"https:\/\/motywkadence.hastan.pl\/en\/wp-json\/wp\/v2\/media\/7642"}],"wp:attachment":[{"href":"https:\/\/motywkadence.hastan.pl\/en\/wp-json\/wp\/v2\/media?parent=6556"}],"wp:term":[{"taxonomy":"product_brand","embeddable":true,"href":"https:\/\/motywkadence.hastan.pl\/en\/wp-json\/wp\/v2\/product_brand?post=6556"},{"taxonomy":"product_cat","embeddable":true,"href":"https:\/\/motywkadence.hastan.pl\/en\/wp-json\/wp\/v2\/product_cat?post=6556"},{"taxonomy":"product_tag","embeddable":true,"href":"https:\/\/motywkadence.hastan.pl\/en\/wp-json\/wp\/v2\/product_tag?post=6556"}],"curies":[{"name":"wp","href":"https:\/\/api.w.org\/{rel}","templated":true}]}}