{"id":6125,"date":"2021-11-15T13:26:06","date_gmt":"2021-11-15T12:26:06","guid":{"rendered":"https:\/\/hastan.pl\/?post_type=product&#038;p=6125"},"modified":"2026-03-05T11:12:23","modified_gmt":"2026-03-05T10:12:23","slug":"karta-podarunkowa-czarno-bialy-bilet-do-barwnego-swiata-hastana","status":"publish","type":"product","link":"https:\/\/motywkadence.hastan.pl\/en\/product\/karta-podarunkowa-czarno-bialy-bilet-do-barwnego-swiata-hastana\/","title":{"rendered":"Gift card"},"content":{"rendered":"<p>Karta podarunkowa &#8211; czarno bia\u0142y bilet do barwnego \u015bwiata Hastana.<\/p>\n<p>Kart\u0119 podarunkow\u0105 mo\u017cesz zam\u00f3wi\u0107 w dw\u00f3ch wersjach:<\/p>\n<ol>\n<li>Kart\u0119 online, kt\u00f3r\u0105 wy\u015blemy dla Ciebie mailem. Przy tej opcji, kliknij w koszyku &#8222;Odbi\u00f3r osobisty&#8221;<\/li>\n<li>Kart\u0119 drukowan\u0105 w eleganckim opakowaniu, kt\u00f3r\u0105 wy\u015blemy na wskazany adres korespondencyjny.<\/li>\n<\/ol>\n<p>Obie wersje mo\u017cemy uzupe\u0142ni\u0107 tre\u015bci\u0105 wskazan\u0105 przez Ciebie. Nadamy te\u017c uniwersalny kod do jednorazowego wykorzystania z dat\u0105 wa\u017cno\u015bci.<\/p>\n<p>Kod na karcie podarunkowej dotyczy ca\u0142ego asortymentu.<\/p>\n<p>&nbsp;<\/p>\n<p>&nbsp;<\/p>","protected":false},"excerpt":{"rendered":"<p>Karta podarunkowa &#8211; czarno bia\u0142y bilet do barwnego \u015bwiata Hastana. Kart\u0119 podarunkow\u0105 mo\u017cesz zam\u00f3wi\u0107 w dw\u00f3ch wersjach: Kart\u0119 online, kt\u00f3r\u0105 wy\u015blemy dla Ciebie mailem. Przy tej opcji, kliknij w koszyku &#8222;Odbi\u00f3r osobisty&#8221; Kart\u0119 drukowan\u0105 w eleganckim opakowaniu, kt\u00f3r\u0105 wy\u015blemy na wskazany adres korespondencyjny. Obie wersje mo\u017cemy uzupe\u0142ni\u0107 tre\u015bci\u0105 wskazan\u0105 przez Ciebie. Nadamy te\u017c uniwersalny kod&#8230;<\/p>","protected":false},"featured_media":10428,"comment_status":"open","ping_status":"closed","template":"","meta":{"_kadence_starter_templates_imported_post":false,"_kad_post_transparent":"","_kad_post_title":"","_kad_post_layout":"","_kad_post_sidebar_id":"","_kad_post_content_style":"","_kad_post_vertical_padding":"","_kad_post_feature":"","_kad_post_feature_position":"","_kad_post_header":false,"_kad_post_footer":false},"product_brand":[],"product_cat":[265,82],"product_tag":[],"class_list":{"0":"post-6125","1":"product","2":"type-product","3":"status-publish","4":"has-post-thumbnail","6":"product_cat-karty-podarunkowe","7":"product_cat-nowosci","9":"first","10":"instock","11":"taxable","12":"shipping-taxable","13":"purchasable","14":"product-type-variable","15":"has-default-attributes","16":"entry","17":"content-bg","18":"loop-entry"},"jetpack_sharing_enabled":true,"_links":{"self":[{"href":"https:\/\/motywkadence.hastan.pl\/en\/wp-json\/wp\/v2\/product\/6125","targetHints":{"allow":["GET"]}}],"collection":[{"href":"https:\/\/motywkadence.hastan.pl\/en\/wp-json\/wp\/v2\/product"}],"about":[{"href":"https:\/\/motywkadence.hastan.pl\/en\/wp-json\/wp\/v2\/types\/product"}],"replies":[{"embeddable":true,"href":"https:\/\/motywkadence.hastan.pl\/en\/wp-json\/wp\/v2\/comments?post=6125"}],"wp:featuredmedia":[{"embeddable":true,"href":"https:\/\/motywkadence.hastan.pl\/en\/wp-json\/wp\/v2\/media\/10428"}],"wp:attachment":[{"href":"https:\/\/motywkadence.hastan.pl\/en\/wp-json\/wp\/v2\/media?parent=6125"}],"wp:term":[{"taxonomy":"product_brand","embeddable":true,"href":"https:\/\/motywkadence.hastan.pl\/en\/wp-json\/wp\/v2\/product_brand?post=6125"},{"taxonomy":"product_cat","embeddable":true,"href":"https:\/\/motywkadence.hastan.pl\/en\/wp-json\/wp\/v2\/product_cat?post=6125"},{"taxonomy":"product_tag","embeddable":true,"href":"https:\/\/motywkadence.hastan.pl\/en\/wp-json\/wp\/v2\/product_tag?post=6125"}],"curies":[{"name":"wp","href":"https:\/\/api.w.org\/{rel}","templated":true}]}}