{"id":5753,"date":"2021-09-23T14:34:35","date_gmt":"2021-09-23T12:34:35","guid":{"rendered":"https:\/\/hastan.pl\/?post_type=product&#038;p=5753"},"modified":"2025-02-10T18:11:11","modified_gmt":"2025-02-10T17:11:11","slug":"spodnie-wspinaczkowe-damskie-szarony","status":"publish","type":"product","link":"https:\/\/motywkadence.hastan.pl\/en\/product\/spodnie-wspinaczkowe-damskie-szarony\/","title":{"rendered":"Climbing Pants Women's - Gray with shoe wipers"},"content":{"rendered":"<p>Jedyne w swoim rodzaju spodnie ze specjaln\u0105 stref\u0105 do wycierania but\u00f3w wspinaczkowych w okolicy kostki. Strefa wykonana z niezwykle trwa\u0142ego materia\u0142u, kt\u00f3ry szybko i skutecznie zbiera piasek b\u0142oto i inne zanieczyszczenia z but\u00f3w.<\/p>\n<p>Extremely strong cotton with the addition of elastane will make the climbing pants endure a lot. Natural fabric that does not cause abrasions or allergic reactions will satisfy the most demanding customer.<\/p>\n<p>The legs of the climbing pants are finished with a delicate elastic.<\/p>\n<p>Why is it worth:<\/p>\n<ul>\n<li>Crotch gusset (ideal for splits)<\/li>\n<li>Darts in the knees<\/li>\n<li>4 Large and convenient pockets<\/li>\n<li>Guma w pasie<\/li>\n<li>Waist button plus fly with zipper<\/li>\n<li>No irritating labels inside<\/li>\n<li>Entirely designed and sewn in \u0141\u00f3d\u017a<\/li>\n<li>Accessories: embroidery, tags, button, zipper all made locally in the \u0141\u00f3d\u017a area<\/li>\n<\/ul>\n<p>Works with the harness and provides pocket access.<\/p>\n<p>Pants also look great after climbing. With an ordinary T-shirt, you can boldly go to the city in them.<\/p>\n<p>Packaging - ZERO FOIL - Each climbing pants is packed in a denim bag that you can use in any way. We know from the information from our clients that it will be perfect for quickdraws, climbing shoes, and even crampons \ud83d\ude09<\/p>\n<p>COMPOSITION<\/p>\n<p>Composition:<br \/>\nCotton 98%<br \/>\nElastane 2%<\/p>\n<p>&nbsp;<\/p>\n<table style=\"height: 373px;\" width=\"853\">\n<tbody>\n<tr>\n<td style=\"text-align: center;\" colspan=\"7\" width=\"504\"><strong>Women's pants Sorcerer\u00a0<\/strong><b>Gray<\/b><\/td>\n<\/tr>\n<tr>\n<td width=\"121\"><\/td>\n<td style=\"text-align: center;\" width=\"121\">XS<\/td>\n<td style=\"text-align: center;\" width=\"121\">S<\/td>\n<td style=\"text-align: center;\" width=\"121\">S-LONG<\/td>\n<td style=\"text-align: center;\" width=\"121\">M<\/td>\n<td style=\"text-align: center;\" width=\"121\">M-LONG<\/td>\n<td style=\"text-align: center;\" width=\"121\">L<\/td>\n<\/tr>\n<tr>\n<td width=\"121\"><strong>Waist circumference*<\/strong><\/td>\n<td style=\"text-align: center;\" width=\"121\">48\/88<\/td>\n<td style=\"text-align: center;\" width=\"121\">60\/90<\/td>\n<td style=\"text-align: center;\" width=\"121\">60\/90<\/td>\n<td style=\"text-align: center;\" width=\"121\">66\/94<\/td>\n<td style=\"text-align: center;\" width=\"121\">66\/94<\/td>\n<td style=\"text-align: center;\" width=\"121\">74\/100<\/td>\n<\/tr>\n<tr>\n<td width=\"121\"><strong>Hips circumference<\/strong><\/td>\n<td style=\"text-align: center;\" width=\"121\">88<\/td>\n<td style=\"text-align: center;\" width=\"121\">95<\/td>\n<td style=\"text-align: center;\" width=\"121\">95<\/td>\n<td style=\"text-align: center;\" width=\"121\">100<\/td>\n<td style=\"text-align: center;\" width=\"121\">100<\/td>\n<td style=\"text-align: center;\" width=\"121\">106<\/td>\n<\/tr>\n<tr>\n<td width=\"121\"><strong>Thigh circumference<\/strong><\/td>\n<td style=\"text-align: center;\" width=\"121\">50<\/td>\n<td style=\"text-align: center;\" width=\"121\">52<\/td>\n<td style=\"text-align: center;\" width=\"121\">52<\/td>\n<td style=\"text-align: center;\" width=\"121\">56<\/td>\n<td style=\"text-align: center;\" width=\"121\">56<\/td>\n<td style=\"text-align: center;\" width=\"121\">60<\/td>\n<\/tr>\n<tr>\n<td width=\"121\"><strong>Length in the crotch<\/strong><\/td>\n<td style=\"text-align: center;\" width=\"121\">73<\/td>\n<td style=\"text-align: center;\" width=\"121\">74<\/td>\n<td style=\"text-align: center;\" width=\"121\">81<\/td>\n<td style=\"text-align: center;\" width=\"121\">75<\/td>\n<td style=\"text-align: center;\" width=\"121\">80<\/td>\n<td style=\"text-align: center;\" width=\"121\">76<\/td>\n<\/tr>\n<tr>\n<td width=\"121\"><strong>Total length<\/strong><\/td>\n<td style=\"text-align: center;\" width=\"121\">93<\/td>\n<td style=\"text-align: center;\" width=\"121\">94<\/td>\n<td style=\"text-align: center;\" width=\"121\">102<\/td>\n<td style=\"text-align: center;\" width=\"121\">95<\/td>\n<td style=\"text-align: center;\" width=\"121\">100<\/td>\n<td style=\"text-align: center;\" width=\"121\">96<\/td>\n<\/tr>\n<\/tbody>\n<\/table>\n<p>* flat without stretching \/ stretched<\/p>\n<p>&nbsp;<\/p>\n<p>See other models of climbing pants from the latest collection:<\/p>\n<ul>\n<li><a href=\"https:\/\/motywkadence.hastan.pl\/en\/product\/spodnie-wspinaczkowe-damskie-czarnodzieje\/\">Climbing pants for women Czarnodzieje<\/a><\/li>\n<li><a href=\"https:\/\/motywkadence.hastan.pl\/en\/product\/spodnie-wspinaczkowe-damskie-laciuchy\/\">Climbing pants for women \u0141aciuchy<\/a><\/li>\n<\/ul>\n<p>What about the top? Climbing sweatshirts will be perfect for autumn chill:<\/p>\n<ul>\n<li><a href=\"https:\/\/motywkadence.hastan.pl\/en\/product\/bluza-lila-las-unisex\/\">Lila Las climbing sweatshirt<\/a><\/li>\n<li><a href=\"https:\/\/motywkadence.hastan.pl\/en\/produkt\/bluza-miod-zwierzyna-unisex\/\">Honey Game Climbing Sweatshirt<\/a><\/li>\n<\/ul>","protected":false},"excerpt":{"rendered":"<p>Pants with shoe wipers<\/p>","protected":false},"featured_media":11598,"comment_status":"open","ping_status":"closed","template":"","meta":{"_kadence_starter_templates_imported_post":false,"_kad_post_transparent":"","_kad_post_title":"","_kad_post_layout":"","_kad_post_sidebar_id":"","_kad_post_content_style":"","_kad_post_vertical_padding":"","_kad_post_feature":"","_kad_post_feature_position":"","_kad_post_header":false,"_kad_post_footer":false},"product_brand":[],"product_cat":[296,297,38,280,87,138,143],"product_tag":[],"class_list":{"0":"post-5753","1":"product","2":"type-product","3":"status-publish","4":"has-post-thumbnail","6":"product_cat-bestseller","7":"product_cat-bestseller-damskie","8":"product_cat-damskie","9":"product_cat-spodnie-z-wycieraczkami-damskie","10":"product_cat-spodnie-dlugie-damskie","11":"product_cat-ostatnie-sztuki-damskie","12":"product_cat-ostatnie-sztuki","13":"pa_rozmiar-l","14":"pa_rozmiar-m","15":"pa_rozmiar-m-long","16":"pa_rozmiar-s","17":"pa_rozmiar-s-long","18":"pa_rozmiar-xs","20":"first","21":"instock","22":"taxable","23":"shipping-taxable","24":"purchasable","25":"product-type-variable","26":"entry","27":"content-bg","28":"loop-entry"},"jetpack_sharing_enabled":true,"_links":{"self":[{"href":"https:\/\/motywkadence.hastan.pl\/en\/wp-json\/wp\/v2\/product\/5753","targetHints":{"allow":["GET"]}}],"collection":[{"href":"https:\/\/motywkadence.hastan.pl\/en\/wp-json\/wp\/v2\/product"}],"about":[{"href":"https:\/\/motywkadence.hastan.pl\/en\/wp-json\/wp\/v2\/types\/product"}],"replies":[{"embeddable":true,"href":"https:\/\/motywkadence.hastan.pl\/en\/wp-json\/wp\/v2\/comments?post=5753"}],"wp:featuredmedia":[{"embeddable":true,"href":"https:\/\/motywkadence.hastan.pl\/en\/wp-json\/wp\/v2\/media\/11598"}],"wp:attachment":[{"href":"https:\/\/motywkadence.hastan.pl\/en\/wp-json\/wp\/v2\/media?parent=5753"}],"wp:term":[{"taxonomy":"product_brand","embeddable":true,"href":"https:\/\/motywkadence.hastan.pl\/en\/wp-json\/wp\/v2\/product_brand?post=5753"},{"taxonomy":"product_cat","embeddable":true,"href":"https:\/\/motywkadence.hastan.pl\/en\/wp-json\/wp\/v2\/product_cat?post=5753"},{"taxonomy":"product_tag","embeddable":true,"href":"https:\/\/motywkadence.hastan.pl\/en\/wp-json\/wp\/v2\/product_tag?post=5753"}],"curies":[{"name":"wp","href":"https:\/\/api.w.org\/{rel}","templated":true}]}}