{"id":5747,"date":"2021-09-23T14:32:35","date_gmt":"2021-09-23T12:32:35","guid":{"rendered":"https:\/\/hastan.pl\/?post_type=product&#038;p=5747"},"modified":"2025-05-03T10:16:56","modified_gmt":"2025-05-03T08:16:56","slug":"spodnie-wspinaczkowe-meskie-szarony","status":"publish","type":"product","link":"https:\/\/motywkadence.hastan.pl\/en\/product\/spodnie-wspinaczkowe-meskie-szarony\/","title":{"rendered":"Climbing Pants Men's - Gray with shoe wipers"},"content":{"rendered":"<p>Jedyne w swoim rodzaju spodnie ze specjaln\u0105 stref\u0105 do wycierania but\u00f3w wspinaczkowych\u00a0 w okolicy kostki. Strefa wykonana z niezwykle trwa\u0142ego materia\u0142u, kt\u00f3ry szybko i skutecznie zbiera piasek b\u0142oto i inne zanieczyszczenia z but\u00f3w.<\/p>\n<p>The legs of the climbing pants are finished with a delicate elastic.<\/p>\n<p>Why is it worth:<\/p>\n<ul>\n<li>Crotch gusset (ideal for splits)<\/li>\n<li>Darts in the knees<\/li>\n<li>4 Large and convenient pockets<\/li>\n<li>No irritating labels inside<\/li>\n<li>Elastic waist and additionally a string with a Hastan logo<\/li>\n<li>Entirely designed and sewn in \u0141\u00f3d\u017a<\/li>\n<li>Accessories: embroidery, tags, button, zipper all made locally in the \u0141\u00f3d\u017a area<\/li>\n<\/ul>\n<p>Works with the harness and provides pocket access.<\/p>\n<p>Pants also look great after climbing. With an ordinary T-shirt, you can boldly go to the city in them.<\/p>\n<p>Packaging - ZERO FOIL - Each climbing pants is packed in a denim bag that you can use in any way. We know from the information from our clients that it will be perfect for quickdraws, climbing shoes, and even crampons \ud83d\ude09<\/p>\n<p>Composition:<br \/>\nCotton 98%<br \/>\nElastane 2%<\/p>\n<table style=\"height: 373px;\" width=\"853\">\n<tbody>\n<tr>\n<td style=\"text-align: center;\" colspan=\"8\" width=\"504\"><strong>Spodnie m\u0119skie &#8211; Szarony<\/strong><\/td>\n<\/tr>\n<tr>\n<td width=\"121\"><\/td>\n<td style=\"text-align: center;\" width=\"121\">S<\/td>\n<td style=\"text-align: center;\" width=\"121\">S-LONG<\/td>\n<td style=\"text-align: center;\" width=\"121\">M<\/td>\n<td style=\"text-align: center;\" width=\"121\">M-LONG<\/td>\n<td style=\"text-align: center;\" width=\"121\">L<\/td>\n<td style=\"text-align: center;\" width=\"121\">L-LONG<\/td>\n<td style=\"text-align: center;\" width=\"121\">XL<\/td>\n<\/tr>\n<tr>\n<td width=\"121\"><strong>Waist circumference*<\/strong><\/td>\n<td style=\"text-align: center;\" width=\"121\">68\/96<\/td>\n<td style=\"text-align: center;\" width=\"121\">68\/96<\/td>\n<td style=\"text-align: center;\" width=\"121\">72\/102<\/td>\n<td style=\"text-align: center;\" width=\"121\">72\/102<\/td>\n<td style=\"text-align: center;\" width=\"121\">76\/106<\/td>\n<td style=\"text-align: center;\" width=\"121\">76\/106<\/td>\n<td style=\"text-align: center;\" width=\"121\">78\/110<\/td>\n<\/tr>\n<tr>\n<td width=\"121\"><strong>Thigh circumference<\/strong><\/td>\n<td style=\"text-align: center;\" width=\"121\">56<\/td>\n<td style=\"text-align: center;\" width=\"121\">56<\/td>\n<td style=\"text-align: center;\" width=\"121\">58<\/td>\n<td style=\"text-align: center;\" width=\"121\">58<\/td>\n<td style=\"text-align: center;\" width=\"121\">60<\/td>\n<td style=\"text-align: center;\" width=\"121\">60<\/td>\n<td style=\"text-align: center;\" width=\"121\">62<\/td>\n<\/tr>\n<tr>\n<td width=\"121\"><strong>Length in the crotch<\/strong><\/td>\n<td style=\"text-align: center;\" width=\"121\">78<\/td>\n<td style=\"text-align: center;\" width=\"121\">83<\/td>\n<td style=\"text-align: center;\" width=\"121\">79<\/td>\n<td style=\"text-align: center;\" width=\"121\">84<\/td>\n<td style=\"text-align: center;\" width=\"121\">80<\/td>\n<td style=\"text-align: center;\" width=\"121\">85<\/td>\n<td style=\"text-align: center;\" width=\"121\">81<\/td>\n<\/tr>\n<tr>\n<td width=\"121\"><strong>Leg length<\/strong><\/td>\n<td style=\"text-align: center;\" width=\"121\">98<\/td>\n<td style=\"text-align: center;\" width=\"121\">103<\/td>\n<td style=\"text-align: center;\" width=\"121\">100<\/td>\n<td style=\"text-align: center;\" width=\"121\">105<\/td>\n<td style=\"text-align: center;\" width=\"121\">102<\/td>\n<td style=\"text-align: center;\" width=\"121\">107<\/td>\n<td style=\"text-align: center;\" width=\"121\">104<\/td>\n<\/tr>\n<\/tbody>\n<\/table>\n<p>* flat without stretching \/ stretched<\/p>\n<p>See other models of climbing pants from the latest collection:<\/p>\n<ul>\n<li><a href=\"https:\/\/motywkadence.hastan.pl\/en\/product\/spodnie-wspinaczkowe-meskie-czarnodzieje\/\">Czarnodzieje men&#039;s climbing pants<\/a><\/li>\n<li><a href=\"https:\/\/motywkadence.hastan.pl\/en\/product\/spodnie-wspinaczkowe-meskie-laciuchy\/\">Climbing pants for men \u0141aciuchy<\/a><\/li>\n<\/ul>\n<p>What about the top? Climbing sweatshirts will be perfect for autumn chill:<\/p>\n<ul>\n<li><a href=\"https:\/\/motywkadence.hastan.pl\/en\/product\/bluza-lila-las-unisex\/\">Lila Las climbing sweatshirt<\/a><\/li>\n<li><a href=\"https:\/\/motywkadence.hastan.pl\/en\/produkt\/bluza-miod-zwierzyna-unisex\/\">Honey Game Climbing Sweatshirt<\/a><\/li>\n<\/ul>","protected":false},"excerpt":{"rendered":"<p>Spodnie z wycieraczkami do but\u00f3w ROZMIAR XL<\/p>","protected":false},"featured_media":11624,"comment_status":"open","ping_status":"closed","template":"","meta":{"_kadence_starter_templates_imported_post":false,"_kad_post_transparent":"","_kad_post_title":"","_kad_post_layout":"","_kad_post_sidebar_id":"","_kad_post_content_style":"","_kad_post_vertical_padding":"","_kad_post_feature":"","_kad_post_feature_position":"","_kad_post_header":false,"_kad_post_footer":false},"product_brand":[],"product_cat":[44,279,89],"product_tag":[],"class_list":{"0":"post-5747","1":"product","2":"type-product","3":"status-publish","4":"has-post-thumbnail","6":"product_cat-meskie","7":"product_cat-spodnie-z-wycieraczkami-meskie","8":"product_cat-spodnie-dlugie-meskie","9":"pa_rozmiar-l","10":"pa_rozmiar-l-long","11":"pa_rozmiar-m","12":"pa_rozmiar-m-long","13":"pa_rozmiar-s","14":"pa_rozmiar-s-long","15":"pa_rozmiar-xl","16":"pa_rozmiar-xs","18":"first","19":"outofstock","20":"taxable","21":"shipping-taxable","22":"purchasable","23":"product-type-variable","24":"entry","25":"content-bg","26":"loop-entry"},"jetpack_sharing_enabled":true,"_links":{"self":[{"href":"https:\/\/motywkadence.hastan.pl\/en\/wp-json\/wp\/v2\/product\/5747","targetHints":{"allow":["GET"]}}],"collection":[{"href":"https:\/\/motywkadence.hastan.pl\/en\/wp-json\/wp\/v2\/product"}],"about":[{"href":"https:\/\/motywkadence.hastan.pl\/en\/wp-json\/wp\/v2\/types\/product"}],"replies":[{"embeddable":true,"href":"https:\/\/motywkadence.hastan.pl\/en\/wp-json\/wp\/v2\/comments?post=5747"}],"wp:featuredmedia":[{"embeddable":true,"href":"https:\/\/motywkadence.hastan.pl\/en\/wp-json\/wp\/v2\/media\/11624"}],"wp:attachment":[{"href":"https:\/\/motywkadence.hastan.pl\/en\/wp-json\/wp\/v2\/media?parent=5747"}],"wp:term":[{"taxonomy":"product_brand","embeddable":true,"href":"https:\/\/motywkadence.hastan.pl\/en\/wp-json\/wp\/v2\/product_brand?post=5747"},{"taxonomy":"product_cat","embeddable":true,"href":"https:\/\/motywkadence.hastan.pl\/en\/wp-json\/wp\/v2\/product_cat?post=5747"},{"taxonomy":"product_tag","embeddable":true,"href":"https:\/\/motywkadence.hastan.pl\/en\/wp-json\/wp\/v2\/product_tag?post=5747"}],"curies":[{"name":"wp","href":"https:\/\/api.w.org\/{rel}","templated":true}]}}