{"id":5704,"date":"2021-09-16T20:09:01","date_gmt":"2021-09-16T18:09:01","guid":{"rendered":"https:\/\/hastan.pl\/?post_type=product&#038;p=5704"},"modified":"2025-04-17T16:47:38","modified_gmt":"2025-04-17T14:47:38","slug":"spodnie-wspinaczkowe-meskie-laciuchy","status":"publish","type":"product","link":"https:\/\/motywkadence.hastan.pl\/en\/product\/spodnie-wspinaczkowe-meskie-laciuchy\/","title":{"rendered":"Climbing Pants Men's - Patch-Patch"},"content":{"rendered":"<p>Our best-selling model of climbing pants.<\/p>\n<p>At your request, we have added the Long version, each size has been extended by 6 cm especially for the taller of you.<\/p>\n<p>Extremely strong cotton with the addition of elastane will make the climbing pants endure a lot. Natural fabric that does not cause abrasions or allergic reactions will satisfy the most demanding customer.<\/p>\n<p>The legs of the climbing pants are finished with a delicate elastic band.<\/p>\n<p>Why is it worth:<\/p>\n<ul>\n<li>Natural fabric: cotton with elastane<\/li>\n<li>Crotch gusset (ideal for splits)<\/li>\n<li>Darts in the knees<\/li>\n<li>4 Large and convenient pockets<\/li>\n<li>Elastic waist and additionally a string with a Hastan logo<\/li>\n<li>Entirely designed and sewn in \u0141\u00f3d\u017a<\/li>\n<li>Accessories: embroidery, tags, button, zipper all made locally in the \u0141\u00f3d\u017a area<\/li>\n<\/ul>\n<p>Yoga not in leggings? Why not! The wedge in the crotch of Hastan climbing pants will make it easier to make splits or other complicated figures.<\/p>\n<p>Works with the harness and provides pocket access.<\/p>\n<p>Pants also look great after climbing. With an ordinary T-shirt, you can boldly go to the city in them.<\/p>\n<p>Packaging - ZERO FOIL - Each climbing pants is packed in a denim bag that you can use in any way. We know from the information from our clients that it will be perfect for quickdraws, climbing shoes, and even crampons \ud83d\ude09<\/p>\n<p>Composition:<br \/>\nCotton 98%<br \/>\nElastane 2%<\/p>\n<table style=\"height: 373px;\" width=\"853\">\n<tbody>\n<tr>\n<td style=\"text-align: center;\" colspan=\"7\" width=\"504\"><strong>Men&#039;s pants<\/strong><\/td>\n<\/tr>\n<tr>\n<td width=\"121\"><\/td>\n<td style=\"text-align: center;\" width=\"121\">S<\/td>\n<td style=\"text-align: center;\" width=\"121\">S-LONG<\/td>\n<td style=\"text-align: center;\" width=\"121\">M<\/td>\n<td style=\"text-align: center;\" width=\"121\">M-LONG<\/td>\n<td style=\"text-align: center;\" width=\"121\">L<\/td>\n<td style=\"text-align: center;\" width=\"121\">L-LONG<\/td>\n<\/tr>\n<tr>\n<td width=\"121\"><strong>Waist circumference*<\/strong><\/td>\n<td style=\"text-align: center;\" width=\"121\">68\/92<\/td>\n<td style=\"text-align: center;\" width=\"121\">68\/92<\/td>\n<td style=\"text-align: center;\" width=\"121\">76\/98<\/td>\n<td style=\"text-align: center;\" width=\"121\">76\/98<\/td>\n<td style=\"text-align: center;\" width=\"121\">80\/104<\/td>\n<td style=\"text-align: center;\" width=\"121\">80\/104<\/td>\n<\/tr>\n<tr>\n<td width=\"121\"><strong>Thigh circumference<\/strong><\/td>\n<td style=\"text-align: center;\" width=\"121\">52<\/td>\n<td style=\"text-align: center;\" width=\"121\">52<\/td>\n<td style=\"text-align: center;\" width=\"121\">54<\/td>\n<td style=\"text-align: center;\" width=\"121\">54<\/td>\n<td style=\"text-align: center;\" width=\"121\">56<\/td>\n<td style=\"text-align: center;\" width=\"121\">56<\/td>\n<\/tr>\n<tr>\n<td width=\"121\"><strong>Length in the crotch<\/strong><\/td>\n<td style=\"text-align: center;\" width=\"121\">79<\/td>\n<td style=\"text-align: center;\" width=\"121\">87<\/td>\n<td style=\"text-align: center;\" width=\"121\">80<\/td>\n<td style=\"text-align: center;\" width=\"121\">90<\/td>\n<td style=\"text-align: center;\" width=\"121\">81<\/td>\n<td style=\"text-align: center;\" width=\"121\">90<\/td>\n<\/tr>\n<tr>\n<td width=\"121\"><strong>Leg length<\/strong><\/td>\n<td style=\"text-align: center;\" width=\"121\">102<\/td>\n<td style=\"text-align: center;\" width=\"121\">109<\/td>\n<td style=\"text-align: center;\" width=\"121\">103<\/td>\n<td style=\"text-align: center;\" width=\"121\">113<\/td>\n<td style=\"text-align: center;\" width=\"121\">105<\/td>\n<td style=\"text-align: center;\" width=\"121\">115<\/td>\n<\/tr>\n<\/tbody>\n<\/table>\n<p>* flat without stretching \/ stretched<\/p>\n<p>See other models of climbing pants from the latest collection:<\/p>\n<ul>\n<li><a href=\"https:\/\/motywkadence.hastan.pl\/en\/produkt\/spodnie-wspinaczkowe-meskie-misumena\/\">Misumena men&#039;s climbing pants<\/a><\/li>\n<li><a href=\"https:\/\/motywkadence.hastan.pl\/en\/produkt\/spodnie-wspinaczkowe-meskie-dizon\/\">Di\u017con men&#039;s climbing pants<\/a><\/li>\n<\/ul>\n<p>What about the top? Climbing sweatshirts will be perfect for autumn chill:<\/p>\n<ul>\n<li><a href=\"https:\/\/motywkadence.hastan.pl\/en\/product\/bluza-lila-las-unisex\/\">Lila Las climbing sweatshirt<\/a><\/li>\n<li><a href=\"https:\/\/motywkadence.hastan.pl\/en\/produkt\/bluza-miod-zwierzyna-unisex\/\">Honey Game Climbing Sweatshirt<\/a><\/li>\n<\/ul>","protected":false},"excerpt":{"rendered":"<p>Our best-selling model of climbing pants.<\/p>","protected":false},"featured_media":12671,"comment_status":"open","ping_status":"closed","template":"","meta":{"_kadence_starter_templates_imported_post":false,"_kad_post_transparent":"","_kad_post_title":"","_kad_post_layout":"","_kad_post_sidebar_id":"","_kad_post_content_style":"","_kad_post_vertical_padding":"","_kad_post_feature":"","_kad_post_feature_position":"","_kad_post_header":false,"_kad_post_footer":false},"product_brand":[],"product_cat":[296,298,44,282,89],"product_tag":[],"class_list":{"0":"post-5704","1":"product","2":"type-product","3":"status-publish","4":"has-post-thumbnail","6":"product_cat-bestseller","7":"product_cat-bestseller-meskie","8":"product_cat-meskie","9":"product_cat-patchwork-meskie","10":"product_cat-spodnie-dlugie-meskie","11":"pa_rozmiar-l","12":"pa_rozmiar-l-long","13":"pa_rozmiar-m","14":"pa_rozmiar-m-long","15":"pa_rozmiar-s","16":"pa_rozmiar-s-long","17":"pa_rozmiar-xl","18":"pa_rozmiar-xs","20":"first","21":"instock","22":"taxable","23":"shipping-taxable","24":"purchasable","25":"product-type-variable","26":"entry","27":"content-bg","28":"loop-entry"},"jetpack_sharing_enabled":true,"_links":{"self":[{"href":"https:\/\/motywkadence.hastan.pl\/en\/wp-json\/wp\/v2\/product\/5704","targetHints":{"allow":["GET"]}}],"collection":[{"href":"https:\/\/motywkadence.hastan.pl\/en\/wp-json\/wp\/v2\/product"}],"about":[{"href":"https:\/\/motywkadence.hastan.pl\/en\/wp-json\/wp\/v2\/types\/product"}],"replies":[{"embeddable":true,"href":"https:\/\/motywkadence.hastan.pl\/en\/wp-json\/wp\/v2\/comments?post=5704"}],"wp:featuredmedia":[{"embeddable":true,"href":"https:\/\/motywkadence.hastan.pl\/en\/wp-json\/wp\/v2\/media\/12671"}],"wp:attachment":[{"href":"https:\/\/motywkadence.hastan.pl\/en\/wp-json\/wp\/v2\/media?parent=5704"}],"wp:term":[{"taxonomy":"product_brand","embeddable":true,"href":"https:\/\/motywkadence.hastan.pl\/en\/wp-json\/wp\/v2\/product_brand?post=5704"},{"taxonomy":"product_cat","embeddable":true,"href":"https:\/\/motywkadence.hastan.pl\/en\/wp-json\/wp\/v2\/product_cat?post=5704"},{"taxonomy":"product_tag","embeddable":true,"href":"https:\/\/motywkadence.hastan.pl\/en\/wp-json\/wp\/v2\/product_tag?post=5704"}],"curies":[{"name":"wp","href":"https:\/\/api.w.org\/{rel}","templated":true}]}}