{"id":4799,"date":"2021-04-24T22:36:20","date_gmt":"2021-04-24T20:36:20","guid":{"rendered":"https:\/\/hastan.pl\/?post_type=product&#038;p=4799"},"modified":"2024-10-07T12:22:40","modified_gmt":"2024-10-07T10:22:40","slug":"krotkie-spodenki-polgacie-damskie-zielone","status":"publish","type":"product","link":"https:\/\/motywkadence.hastan.pl\/en\/product\/krotkie-spodenki-polgacie-damskie-zielone\/","title":{"rendered":"Women&#039;s Green Short Half-Pants Climbing Shorts"},"content":{"rendered":"<p>And on warm days, we cut pants.<br \/>\nTo the mountains and Masuria.<\/p>\n<p>Composition:<br \/>\nCotton 98%<br \/>\nElastane 2%<\/p>\n<table>\n<tbody>\n<tr>\n<td style=\"text-align: center;\" colspan=\"4\" width=\"482\"><strong>Women&#039;s pants<\/strong><\/td>\n<\/tr>\n<tr>\n<td width=\"127\"><\/td>\n<td style=\"text-align: center;\" width=\"112\">XS<\/td>\n<td style=\"text-align: center;\" width=\"122\">S<\/td>\n<td style=\"text-align: center;\" width=\"122\">M<\/td>\n<\/tr>\n<tr>\n<td width=\"127\"><strong>Waist width *<\/strong><\/td>\n<td style=\"text-align: center;\" width=\"112\">27\/40<\/td>\n<td style=\"text-align: center;\" width=\"122\">29\/43<\/td>\n<td style=\"text-align: center;\" width=\"122\">31\/45<\/td>\n<\/tr>\n<tr>\n<td width=\"127\"><strong>The width of the hips<\/strong><\/td>\n<td style=\"text-align: center;\" width=\"112\">44<\/td>\n<td style=\"text-align: center;\" width=\"122\">46<\/td>\n<td style=\"text-align: center;\" width=\"122\">48<\/td>\n<\/tr>\n<tr>\n<td width=\"127\"><strong>Length in the crotch<\/strong><\/td>\n<td style=\"text-align: center;\" width=\"112\">13<\/td>\n<td style=\"text-align: center;\" width=\"122\">13<\/td>\n<td style=\"text-align: center;\" width=\"122\">13<\/td>\n<\/tr>\n<tr>\n<td width=\"127\"><strong>Front length<\/strong><\/td>\n<td style=\"text-align: center;\" width=\"112\">35,5<\/td>\n<td style=\"text-align: center;\" width=\"122\">37<\/td>\n<td style=\"text-align: center;\" width=\"122\">37<\/td>\n<\/tr>\n<\/tbody>\n<\/table>\n<p>* flat without stretching \/ stretched<\/p>","protected":false},"excerpt":{"rendered":"<p>Dla Pa\u0144 na ciep\u0142e dni &#8211; gacie po\u0142\u00f3wki\u00a0 ROZMIAR XS<\/p>","protected":false},"featured_media":4860,"comment_status":"open","ping_status":"closed","template":"","meta":{"_kadence_starter_templates_imported_post":false,"_kad_post_transparent":"","_kad_post_title":"","_kad_post_layout":"","_kad_post_sidebar_id":"","_kad_post_content_style":"","_kad_post_vertical_padding":"","_kad_post_feature":"","_kad_post_feature_position":"","_kad_post_header":false,"_kad_post_footer":false},"product_brand":[],"product_cat":[38,92,138,145,143,81,153,159],"product_tag":[],"class_list":{"0":"post-4799","1":"product","2":"type-product","3":"status-publish","4":"has-post-thumbnail","6":"product_cat-damskie","7":"product_cat-spodnie-krotkie-damskie","8":"product_cat-ostatnie-sztuki-damskie","9":"product_cat-wyprzedaz","10":"product_cat-ostatnie-sztuki","11":"product_cat-promocja","12":"product_cat-damskie-promocja","13":"product_cat-spodnie-wspinaczkowe-damskie-krotkie","14":"pa_rozmiar-m","15":"pa_rozmiar-s","16":"pa_rozmiar-xs","18":"first","19":"instock","20":"sale","21":"taxable","22":"shipping-taxable","23":"purchasable","24":"product-type-variable","25":"entry","26":"content-bg","27":"loop-entry"},"jetpack_sharing_enabled":true,"_links":{"self":[{"href":"https:\/\/motywkadence.hastan.pl\/en\/wp-json\/wp\/v2\/product\/4799","targetHints":{"allow":["GET"]}}],"collection":[{"href":"https:\/\/motywkadence.hastan.pl\/en\/wp-json\/wp\/v2\/product"}],"about":[{"href":"https:\/\/motywkadence.hastan.pl\/en\/wp-json\/wp\/v2\/types\/product"}],"replies":[{"embeddable":true,"href":"https:\/\/motywkadence.hastan.pl\/en\/wp-json\/wp\/v2\/comments?post=4799"}],"wp:featuredmedia":[{"embeddable":true,"href":"https:\/\/motywkadence.hastan.pl\/en\/wp-json\/wp\/v2\/media\/4860"}],"wp:attachment":[{"href":"https:\/\/motywkadence.hastan.pl\/en\/wp-json\/wp\/v2\/media?parent=4799"}],"wp:term":[{"taxonomy":"product_brand","embeddable":true,"href":"https:\/\/motywkadence.hastan.pl\/en\/wp-json\/wp\/v2\/product_brand?post=4799"},{"taxonomy":"product_cat","embeddable":true,"href":"https:\/\/motywkadence.hastan.pl\/en\/wp-json\/wp\/v2\/product_cat?post=4799"},{"taxonomy":"product_tag","embeddable":true,"href":"https:\/\/motywkadence.hastan.pl\/en\/wp-json\/wp\/v2\/product_tag?post=4799"}],"curies":[{"name":"wp","href":"https:\/\/api.w.org\/{rel}","templated":true}]}}