{"id":3926,"date":"2021-01-15T23:23:39","date_gmt":"2021-01-15T22:23:39","guid":{"rendered":"http:\/\/serwer76064.lh.pl\/?post_type=product&#038;p=3926"},"modified":"2025-03-04T18:40:17","modified_gmt":"2025-03-04T17:40:17","slug":"cafeloty","status":"publish","type":"product","link":"https:\/\/motywkadence.hastan.pl\/en\/product\/cafeloty\/","title":{"rendered":"Climbing Pants Women's - Coffee"},"content":{"rendered":"<p>Spodnie wspinaczkowe uszyte z bawe\u0142ny, kolorem przypominaj\u0105ce kaw\u0119 z mlekiem albo czekolad\u0119 \ud83d\ude42 Z boku pojemna kiesze\u0144. Nogawki spodni wspinaczkowych wyko\u0144czyli\u015bmy delikatn\u0105 gumk\u0105.<\/p>\n<p>Why is it worth:<\/p>\n<ul>\n<li>Natural fabric: cotton with elastane<\/li>\n<li>Crotch gusset (ideal for splits)<\/li>\n<li>Darts in the knees<\/li>\n<li>5 large and comfortable pockets<\/li>\n<li>Guma w pasie<\/li>\n<li>Entirely designed and sewn in \u0141\u00f3d\u017a<\/li>\n<li>Accessories: embroidery, tags, button, zipper all made locally in the \u0141\u00f3d\u017a area<\/li>\n<\/ul>\n<p>Yoga not in leggings? Why not! The wedge in the crotch of Hastan climbing pants will make it easier to make splits or other complicated figures.<\/p>\n<p>Works with the harness and provides pocket access.<\/p>\n<p>Pants also look great after climbing. With an ordinary T-shirt, you can boldly go to the city in them.<\/p>\n<p>Packaging - ZERO FOIL - Each climbing pants is packed in a denim bag that you can use in any way. We know from the information from our clients that it will be perfect for quickdraws, climbing shoes, and even crampons \ud83d\ude09<\/p>\n<p>Composition:<br \/>\nCotton 98%<br \/>\nElastane 2%<\/p>\n<p>&nbsp;<\/p>\n<table>\n<tbody>\n<tr>\n<td style=\"text-align: center;\" colspan=\"4\" width=\"604\"><strong>Women&#039;s pants<\/strong><\/td>\n<\/tr>\n<tr>\n<td width=\"151\"><\/td>\n<td style=\"text-align: center;\" width=\"151\">XS<\/td>\n<td style=\"text-align: center;\" width=\"151\">S<\/td>\n<td style=\"text-align: center;\" width=\"151\">M<\/td>\n<\/tr>\n<tr>\n<td width=\"151\"><strong>Waist width *<\/strong><\/td>\n<td style=\"text-align: center;\" width=\"151\">26\/40<\/td>\n<td style=\"text-align: center;\" width=\"151\">28,5\/43<\/td>\n<td style=\"text-align: center;\" width=\"151\">30\/45<\/td>\n<\/tr>\n<tr>\n<td width=\"151\"><strong>The width of the hips<\/strong><\/td>\n<td style=\"text-align: center;\" width=\"151\">47<\/td>\n<td style=\"text-align: center;\" width=\"151\">49,5<\/td>\n<td style=\"text-align: center;\" width=\"151\">52<\/td>\n<\/tr>\n<tr>\n<td width=\"151\"><strong>The width of the thigh<\/strong><\/td>\n<td style=\"text-align: center;\" width=\"151\">24<\/td>\n<td style=\"text-align: center;\" width=\"151\">26<\/td>\n<td style=\"text-align: center;\" width=\"151\">28<\/td>\n<\/tr>\n<tr>\n<td width=\"151\"><strong>Length in the crotch<\/strong><\/td>\n<td style=\"text-align: center;\" width=\"151\">71,5<\/td>\n<td style=\"text-align: center;\" width=\"151\">73<\/td>\n<td style=\"text-align: center;\" width=\"151\">75<\/td>\n<\/tr>\n<tr>\n<td width=\"151\"><strong>Leg length<\/strong><\/td>\n<td style=\"text-align: center;\" width=\"151\">93<\/td>\n<td style=\"text-align: center;\" width=\"151\">96<\/td>\n<td style=\"text-align: center;\" width=\"151\">98,5<\/td>\n<\/tr>\n<\/tbody>\n<\/table>\n<p>* flat without stretching \/ stretched<\/p>","protected":false},"excerpt":{"rendered":"<p>Spodnie wspinaczkowe uszyte z bawe\u0142ny, kolorem przypominaj\u0105ce kaw\u0119 z mlekiem albo czekolad\u0119 \ud83d\ude42 Z boku pojemna kiesze\u0144. Nogawki spodni wspinaczkowych wyko\u0144czyli\u015bmy delikatn\u0105 gumk\u0105. Dlaczego warto: Bawe\u0142na z dodatkiem elastanu Klin w kroku (idealne do szpagat\u00f3w) Zaszewki w kolanach 5 du\u017cych i wygodnych kieszeni Guma w pasie W ca\u0142o\u015bci zaprojektowane i uszyte w \u0141odzi Dodatki :&#8230;<\/p>","protected":false},"featured_media":8630,"comment_status":"open","ping_status":"closed","template":"","meta":{"_kadence_starter_templates_imported_post":false,"_kad_post_transparent":"","_kad_post_title":"","_kad_post_layout":"","_kad_post_sidebar_id":"","_kad_post_content_style":"","_kad_post_vertical_padding":"","_kad_post_feature":"","_kad_post_feature_position":"","_kad_post_header":false,"_kad_post_footer":false},"product_brand":[],"product_cat":[38,284,87],"product_tag":[],"class_list":{"0":"post-3926","1":"product","2":"type-product","3":"status-publish","4":"has-post-thumbnail","6":"product_cat-damskie","7":"product_cat-klasyka-damskie","8":"product_cat-spodnie-dlugie-damskie","9":"pa_rozmiar-m","10":"pa_rozmiar-s","11":"pa_rozmiar-xs","13":"first","14":"instock","15":"taxable","16":"shipping-taxable","17":"purchasable","18":"product-type-variable","19":"entry","20":"content-bg","21":"loop-entry"},"jetpack_sharing_enabled":true,"_links":{"self":[{"href":"https:\/\/motywkadence.hastan.pl\/en\/wp-json\/wp\/v2\/product\/3926","targetHints":{"allow":["GET"]}}],"collection":[{"href":"https:\/\/motywkadence.hastan.pl\/en\/wp-json\/wp\/v2\/product"}],"about":[{"href":"https:\/\/motywkadence.hastan.pl\/en\/wp-json\/wp\/v2\/types\/product"}],"replies":[{"embeddable":true,"href":"https:\/\/motywkadence.hastan.pl\/en\/wp-json\/wp\/v2\/comments?post=3926"}],"wp:featuredmedia":[{"embeddable":true,"href":"https:\/\/motywkadence.hastan.pl\/en\/wp-json\/wp\/v2\/media\/8630"}],"wp:attachment":[{"href":"https:\/\/motywkadence.hastan.pl\/en\/wp-json\/wp\/v2\/media?parent=3926"}],"wp:term":[{"taxonomy":"product_brand","embeddable":true,"href":"https:\/\/motywkadence.hastan.pl\/en\/wp-json\/wp\/v2\/product_brand?post=3926"},{"taxonomy":"product_cat","embeddable":true,"href":"https:\/\/motywkadence.hastan.pl\/en\/wp-json\/wp\/v2\/product_cat?post=3926"},{"taxonomy":"product_tag","embeddable":true,"href":"https:\/\/motywkadence.hastan.pl\/en\/wp-json\/wp\/v2\/product_tag?post=3926"}],"curies":[{"name":"wp","href":"https:\/\/api.w.org\/{rel}","templated":true}]}}