{"id":3922,"date":"2021-01-15T23:05:28","date_gmt":"2021-01-15T22:05:28","guid":{"rendered":"http:\/\/serwer76064.lh.pl\/?post_type=product&#038;p=3922"},"modified":"2025-05-01T23:39:01","modified_gmt":"2025-05-01T21:39:01","slug":"spodnie-wspinaczkowe-meskie-buraki","status":"publish","type":"product","link":"https:\/\/motywkadence.hastan.pl\/en\/product\/spodnie-wspinaczkowe-meskie-buraki\/","title":{"rendered":"Men&#039;s Climbing Pants BUraki"},"content":{"rendered":"<p>BUraki &#8211; po\u0142\u0105czenie klasycznej elegancji ze sportow\u0105 wygod\u0105. Wygl\u0105daj\u0105 dobrze zar\u00f3wno w skale jak i w pracy. Cenimy naturaln\u0105 bawe\u0142n\u0119, poniewa\u017c nie powoduje obtar\u0107 czy reakcji alergicznych. Za wszelk\u0105 cen\u0119 unikamy plastiku wewn\u0105trz tkaniny jak i na zewn\u0105trz. Nogawki wyko\u0144czone delikatn\u0105 gumk\u0105<\/p>\n<p>Why is it worth:<\/p>\n<ul>\n<li>Wedge in step<\/li>\n<li>Darts in the knees<\/li>\n<li>4 Large and convenient pockets<\/li>\n<li>Elastic waistband and drawstring<\/li>\n<li>Entirely designed and sewn in \u0141\u00f3d\u017a<\/li>\n<li>Accessories: embroidery, tags, button, zipper all made locally in the \u0141\u00f3d\u017a area<\/li>\n<\/ul>\n<p>Co wi\u0119cej?<\/p>\n<p>Spodnie wsp\u00f3\u0142pracuj\u0105 z uprz\u0119\u017c\u0105 i zapewniaj\u0105 dost\u0119p do kieszeni. Wysy\u0142k\u0119 otrzymasz w tekturowym pude\u0142ku, a w nim bawe\u0142niany worek z r\u0119cznie stemplowanym logo Hastan oraz swoje Dzikie Gacie. Masz tak\u017ce mo\u017cliwo\u015b\u0107 zwrotu w ci\u0105gu 30 dni oraz mo\u017cliwo\u015b\u0107 bezp\u0142atnej naprawy spodni.<\/p>\n<p>Ma\u0142o?<\/p>\n<p>Hastan tworzymy my: Jagoda i Kamil. Staramy si\u0119 robi\u0107 co\u015b wi\u0119cej: ka\u017cda para Dzikich Gaci podpisana jest metk\u0105 osoby, kt\u00f3ra je uszy\u0142a. To wa\u017cne, by podkre\u015bli\u0107 jak wa\u017cny w ca\u0142ym procesie tworzenia jest dla nas cz\u0142owiek. Szyjemy tylko w \u0141odzi i znamy wszystkich osobi\u015bcie, znamy warunki pracy pa\u0144 szyj\u0105cych. Pracujemy bezpo\u015brednio ze szwalniami i polskimi tw\u00f3rcami haft\u00f3w, nadruk\u00f3w, metek, sznurk\u00f3w, guzik\u00f3w, zamk\u00f3w i opakowa\u0144. Wszystko co robimy, robimy ekologicznie. Wspieramy m\u0142odych wspinaczy w projekcie #LokalneKoksy, a tak\u017ce zawody i imprezy na \u015bciankach wspinaczkowych nagrodami i voucherami. Lubimy to co robimy.<\/p>\n<p>&nbsp;<\/p>\n<p>Composition:<br \/>\nCotton 98%<br \/>\nElastane 2%<\/p>\n<table style=\"height: 373px;\" width=\"800\">\n<tbody>\n<tr>\n<td style=\"text-align: center;\" colspan=\"8\" width=\"504\"><strong>Spodnie m\u0119skie &#8211; BUraki<\/strong><\/td>\n<\/tr>\n<tr>\n<td width=\"100\"><\/td>\n<td style=\"text-align: center;\" width=\"121\">S<\/td>\n<td style=\"text-align: center;\" width=\"121\">M<\/td>\n<td style=\"text-align: center;\" width=\"121\">L<\/td>\n<td style=\"text-align: center;\" width=\"121\">XL<\/td>\n<\/tr>\n<tr>\n<td width=\"100\"><strong>Waist circumference*<\/strong><\/td>\n<td style=\"text-align: center;\" width=\"121\">68\/92<\/td>\n<td style=\"text-align: center;\" width=\"121\">76\/98<\/td>\n<td style=\"text-align: center;\" width=\"121\">80\/104<\/td>\n<td style=\"text-align: center;\" width=\"121\">84\/116<\/td>\n<\/tr>\n<tr>\n<td width=\"100\"><strong>Thigh circumference<\/strong><\/td>\n<td style=\"text-align: center;\" width=\"121\">56<\/td>\n<td style=\"text-align: center;\" width=\"121\">60<\/td>\n<td style=\"text-align: center;\" width=\"121\">62<\/td>\n<td style=\"text-align: center;\" width=\"121\">64<\/td>\n<\/tr>\n<tr>\n<td width=\"100\"><strong>Length in the crotch<\/strong><\/td>\n<td style=\"text-align: center;\" width=\"121\">79<\/td>\n<td style=\"text-align: center;\" width=\"121\">80<\/td>\n<td style=\"text-align: center;\" width=\"121\">81<\/td>\n<td style=\"text-align: center;\" width=\"121\">83<\/td>\n<\/tr>\n<tr>\n<td width=\"100\"><strong>Leg length<\/strong><\/td>\n<td style=\"text-align: center;\" width=\"121\">102<\/td>\n<td style=\"text-align: center;\" width=\"121\">103<\/td>\n<td style=\"text-align: center;\" width=\"121\">105<\/td>\n<td style=\"text-align: center;\" width=\"121\">107<\/td>\n<\/tr>\n<\/tbody>\n<\/table>\n<p>* flat without stretching \/ stretched<\/p>\n<p>See other models - <a href=\"https:\/\/motywkadence.hastan.pl\/en\/kategoria-produktu\/meskie\/spodnie-dlugie-meskie\/\">men&#039;s climbing pants<\/a> from the latest collection:<\/p>\n<ul>\n<li><a href=\"https:\/\/motywkadence.hastan.pl\/en\/product\/spodnie-wspinaczkowe-meskie-czarnodzieje\/\">Sorcerers<\/a><\/li>\n<li><a href=\"https:\/\/motywkadence.hastan.pl\/en\/product\/spodnie-wspinaczkowe-meskie-laciuchy\/\">Chains<\/a><\/li>\n<\/ul>","protected":false},"excerpt":{"rendered":"<p>Toned beetroot.<\/p>","protected":false},"featured_media":8769,"comment_status":"open","ping_status":"closed","template":"","meta":{"_kadence_starter_templates_imported_post":false,"_kad_post_transparent":"","_kad_post_title":"","_kad_post_layout":"","_kad_post_sidebar_id":"","_kad_post_content_style":"","_kad_post_vertical_padding":"","_kad_post_feature":"","_kad_post_feature_position":"","_kad_post_header":false,"_kad_post_footer":false},"product_brand":[],"product_cat":[44,283,89],"product_tag":[],"class_list":{"0":"post-3922","1":"product","2":"type-product","3":"status-publish","4":"has-post-thumbnail","6":"product_cat-meskie","7":"product_cat-klasyka-meskie","8":"product_cat-spodnie-dlugie-meskie","9":"pa_rozmiar-l","10":"pa_rozmiar-m","11":"pa_rozmiar-s","12":"pa_rozmiar-xl","14":"first","15":"instock","16":"taxable","17":"shipping-taxable","18":"purchasable","19":"product-type-variable","20":"entry","21":"content-bg","22":"loop-entry"},"jetpack_sharing_enabled":true,"_links":{"self":[{"href":"https:\/\/motywkadence.hastan.pl\/en\/wp-json\/wp\/v2\/product\/3922","targetHints":{"allow":["GET"]}}],"collection":[{"href":"https:\/\/motywkadence.hastan.pl\/en\/wp-json\/wp\/v2\/product"}],"about":[{"href":"https:\/\/motywkadence.hastan.pl\/en\/wp-json\/wp\/v2\/types\/product"}],"replies":[{"embeddable":true,"href":"https:\/\/motywkadence.hastan.pl\/en\/wp-json\/wp\/v2\/comments?post=3922"}],"wp:featuredmedia":[{"embeddable":true,"href":"https:\/\/motywkadence.hastan.pl\/en\/wp-json\/wp\/v2\/media\/8769"}],"wp:attachment":[{"href":"https:\/\/motywkadence.hastan.pl\/en\/wp-json\/wp\/v2\/media?parent=3922"}],"wp:term":[{"taxonomy":"product_brand","embeddable":true,"href":"https:\/\/motywkadence.hastan.pl\/en\/wp-json\/wp\/v2\/product_brand?post=3922"},{"taxonomy":"product_cat","embeddable":true,"href":"https:\/\/motywkadence.hastan.pl\/en\/wp-json\/wp\/v2\/product_cat?post=3922"},{"taxonomy":"product_tag","embeddable":true,"href":"https:\/\/motywkadence.hastan.pl\/en\/wp-json\/wp\/v2\/product_tag?post=3922"}],"curies":[{"name":"wp","href":"https:\/\/api.w.org\/{rel}","templated":true}]}}