{"id":3840,"date":"2020-11-25T14:05:23","date_gmt":"2020-11-25T13:05:23","guid":{"rendered":"http:\/\/serwer76064.lh.pl\/?post_type=product&#038;p=3840"},"modified":"2025-02-24T13:30:20","modified_gmt":"2025-02-24T12:30:20","slug":"dziny-damskie","status":"publish","type":"product","link":"https:\/\/motywkadence.hastan.pl\/en\/product\/dziny-damskie\/","title":{"rendered":"Climbing Pants Women's - Genie"},"content":{"rendered":"<p>Classic jeans never go out of style. A subdued model that emphasizes the figure. Extremely strong cotton with the addition of elastane will make the pants withstand a lot, and it is difficult to destroy them.<\/p>\n<p>Why is it worth:<\/p>\n<ul>\n<li>cotton with a lot of elastane<\/li>\n<li>wedge in step<\/li>\n<li>darts on the knees<\/li>\n<li>4 convenient pockets<\/li>\n<li>elastic waistband plus button and zipper<\/li>\n<li>additional items: embroidery, tags, button and zipper produced in \u0141\u00f3d\u017a<\/li>\n<\/ul>\n<p>They work very well with the harness. The legs are finished with a tunnel with a rubber string and a stopper. They also look great after climbing. With an ordinary T-shirt you can safely go to the city.<\/p>\n<p>Composition:<br \/>\nCotton 95%<br \/>\nElastane 5%<\/p>\n<table>\n<tbody>\n<tr>\n<td style=\"text-align: center;\" colspan=\"4\" width=\"604\"><strong>Women&#039;s pants<\/strong><\/td>\n<\/tr>\n<tr>\n<td width=\"151\"><\/td>\n<td style=\"text-align: center;\" width=\"151\">XS<\/td>\n<td style=\"text-align: center;\" width=\"151\">S<\/td>\n<td style=\"text-align: center;\" width=\"151\">M<\/td>\n<\/tr>\n<tr>\n<td width=\"151\"><strong>Waist width *<\/strong><\/td>\n<td style=\"text-align: center;\" width=\"151\">25\/40<\/td>\n<td style=\"text-align: center;\" width=\"151\">27\/42<\/td>\n<td style=\"text-align: center;\" width=\"151\">30\/47<\/td>\n<\/tr>\n<tr>\n<td width=\"151\"><strong>The width of the hips<\/strong><\/td>\n<td style=\"text-align: center;\" width=\"151\">43<\/td>\n<td style=\"text-align: center;\" width=\"151\">45<\/td>\n<td style=\"text-align: center;\" width=\"151\">46<\/td>\n<\/tr>\n<tr>\n<td width=\"151\"><strong>The width of the thigh<\/strong><\/td>\n<td style=\"text-align: center;\" width=\"151\">21<\/td>\n<td style=\"text-align: center;\" width=\"151\">22<\/td>\n<td style=\"text-align: center;\" width=\"151\">22<\/td>\n<\/tr>\n<tr>\n<td width=\"151\"><strong>Length in the crotch<\/strong><\/td>\n<td style=\"text-align: center;\" width=\"151\">69<\/td>\n<td style=\"text-align: center;\" width=\"151\">71<\/td>\n<td style=\"text-align: center;\" width=\"151\">72<\/td>\n<\/tr>\n<tr>\n<td width=\"151\"><strong>Leg length<\/strong><\/td>\n<td style=\"text-align: center;\" width=\"151\">89<\/td>\n<td style=\"text-align: center;\" width=\"151\">90<\/td>\n<td style=\"text-align: center;\" width=\"151\">94<\/td>\n<\/tr>\n<\/tbody>\n<\/table>\n<p>* flat without stretching \/ stretched<\/p>","protected":false},"excerpt":{"rendered":"<p>D\u017ciny . ROZMIAR XS, idealny te\u017c dla m\u0142odzie\u017cy 156-164 cm<\/p>","protected":false},"featured_media":3538,"comment_status":"open","ping_status":"closed","template":"","meta":{"_kadence_starter_templates_imported_post":false,"_kad_post_transparent":"","_kad_post_title":"","_kad_post_layout":"","_kad_post_sidebar_id":"","_kad_post_content_style":"","_kad_post_vertical_padding":"","_kad_post_feature":"","_kad_post_feature_position":"","_kad_post_header":false,"_kad_post_footer":false},"product_brand":[],"product_cat":[38,284,87],"product_tag":[],"class_list":{"0":"post-3840","1":"product","2":"type-product","3":"status-publish","4":"has-post-thumbnail","6":"product_cat-damskie","7":"product_cat-klasyka-damskie","8":"product_cat-spodnie-dlugie-damskie","9":"pa_rozmiar-m","10":"pa_rozmiar-s","11":"pa_rozmiar-xs","13":"first","14":"instock","15":"taxable","16":"shipping-taxable","17":"purchasable","18":"product-type-variable","19":"entry","20":"content-bg","21":"loop-entry"},"jetpack_sharing_enabled":true,"_links":{"self":[{"href":"https:\/\/motywkadence.hastan.pl\/en\/wp-json\/wp\/v2\/product\/3840","targetHints":{"allow":["GET"]}}],"collection":[{"href":"https:\/\/motywkadence.hastan.pl\/en\/wp-json\/wp\/v2\/product"}],"about":[{"href":"https:\/\/motywkadence.hastan.pl\/en\/wp-json\/wp\/v2\/types\/product"}],"replies":[{"embeddable":true,"href":"https:\/\/motywkadence.hastan.pl\/en\/wp-json\/wp\/v2\/comments?post=3840"}],"wp:featuredmedia":[{"embeddable":true,"href":"https:\/\/motywkadence.hastan.pl\/en\/wp-json\/wp\/v2\/media\/3538"}],"wp:attachment":[{"href":"https:\/\/motywkadence.hastan.pl\/en\/wp-json\/wp\/v2\/media?parent=3840"}],"wp:term":[{"taxonomy":"product_brand","embeddable":true,"href":"https:\/\/motywkadence.hastan.pl\/en\/wp-json\/wp\/v2\/product_brand?post=3840"},{"taxonomy":"product_cat","embeddable":true,"href":"https:\/\/motywkadence.hastan.pl\/en\/wp-json\/wp\/v2\/product_cat?post=3840"},{"taxonomy":"product_tag","embeddable":true,"href":"https:\/\/motywkadence.hastan.pl\/en\/wp-json\/wp\/v2\/product_tag?post=3840"}],"curies":[{"name":"wp","href":"https:\/\/api.w.org\/{rel}","templated":true}]}}