{"id":3805,"date":"2020-11-25T11:45:46","date_gmt":"2020-11-25T10:45:46","guid":{"rendered":"http:\/\/serwer76064.lh.pl\/?post_type=product&#038;p=3805"},"modified":"2024-12-27T18:49:44","modified_gmt":"2024-12-27T17:49:44","slug":"petardy-damskie","status":"publish","type":"product","link":"https:\/\/motywkadence.hastan.pl\/en\/product\/petardy-damskie\/","title":{"rendered":"Spodnie Wspinaczkowe Damskie Petardy"},"content":{"rendered":"<p>Czarne klasyczne spodnie wspinaczkowe z boczn\u0105 kontrastow\u0105 kieszeni\u0105, zapinan\u0105 na napy. Uszyli\u015bmy je z mocnej bawe\u0142ny z elastanem i dopracowali\u015bmy ich kr\u00f3j tak, by\u015b czu\u0142a si\u0119\u00a0 w nich maksymalnie wygodnie, ale te\u017c by\u015b mog\u0142a nosi\u0107 je na co dzie\u0144. Cenimy naturaln\u0105 bawe\u0142n\u0119, poniewa\u017c nie powoduje obtar\u0107 czy reakcji alergicznych. Za wszelk\u0105 cen\u0119 unikamy plastiku wewn\u0105trz tkaniny jak i na zewn\u0105trz.<\/p>\n<p>Why is it worth:<\/p>\n<ul>\n<li>Wygodna, zapinana na napy boczna kiesze\u0144<\/li>\n<li>Wedge in step<\/li>\n<li>Darts in the knees<\/li>\n<li>5 large and comfortable pockets<\/li>\n<li>Guma w pasie i sznurek<\/li>\n<li>Entirely designed and sewn in \u0141\u00f3d\u017a<\/li>\n<li>Accessories: embroidery, tags, button, zipper all made locally in the \u0141\u00f3d\u017a area<\/li>\n<\/ul>\n<p>Co wi\u0119cej?<\/p>\n<p>Spodnie wsp\u00f3\u0142pracuj\u0105 z uprz\u0119\u017c\u0105 i zapewniaj\u0105 dost\u0119p do kieszeni. Wysy\u0142k\u0119 otrzymasz w tekturowym pude\u0142ku, a w nim bawe\u0142niany worek z r\u0119cznie stemplowanym logo Hastan oraz swoje Dzikie Gacie. Masz tak\u017ce mo\u017cliwo\u015b\u0107 zwrotu w ci\u0105gu 30 dni oraz mo\u017cliwo\u015b\u0107 bezp\u0142atnej naprawy spodni.<\/p>\n<p>Ma\u0142o?<\/p>\n<p>Hastan tworzymy my: Jagoda i Kamil. Staramy si\u0119 robi\u0107 co\u015b wi\u0119cej: ka\u017cda para Dzikich Gaci podpisana jest metk\u0105 osoby, kt\u00f3ra je uszy\u0142a. To wa\u017cne, by podkre\u015bli\u0107 jak wa\u017cny w ca\u0142ym procesie tworzenia jest dla nas cz\u0142owiek. Szyjemy tylko w \u0141odzi i znamy wszystkich osobi\u015bcie, znamy warunki pracy pa\u0144 szyj\u0105cych. Pracujemy bezpo\u015brednio ze szwalniami i polskimi tw\u00f3rcami haft\u00f3w, nadruk\u00f3w, metek, sznurk\u00f3w, guzik\u00f3w, zamk\u00f3w i opakowa\u0144. Wszystko co robimy, robimy ekologicznie. Wspieramy m\u0142odych wspinaczy w projekcie #LokalneKoksy, a tak\u017ce zawody i imprezy na \u015bciankach wspinaczkowych nagrodami i voucherami. Lubimy to co robimy.<\/p>\n<p>&nbsp;<\/p>\n<p>Composition:<br \/>\nCotton 98%<br \/>\nElastane 2%<\/p>\n<p>&nbsp;<\/p>\n<table style=\"height: 373px;\" width=\"853\">\n<tbody>\n<tr>\n<td style=\"text-align: center;\" colspan=\"7\" width=\"504\"><strong>Women&#039;s pants<\/strong><\/td>\n<\/tr>\n<tr>\n<td width=\"121\"><\/td>\n<td style=\"text-align: center;\" width=\"121\">XS<\/td>\n<td style=\"text-align: center;\" width=\"121\">S<\/td>\n<td style=\"text-align: center;\" width=\"121\">S-LONG<\/td>\n<td style=\"text-align: center;\" width=\"121\">M<\/td>\n<td style=\"text-align: center;\" width=\"121\">M-LONG<\/td>\n<\/tr>\n<tr>\n<td width=\"121\"><strong>Waist circumference*<\/strong><\/td>\n<td style=\"text-align: center;\" width=\"121\">52\/80<\/td>\n<td style=\"text-align: center;\" width=\"121\">58\/88<\/td>\n<td style=\"text-align: center;\" width=\"121\">58\/88<\/td>\n<td style=\"text-align: center;\" width=\"121\">62\/92<\/td>\n<td style=\"text-align: center;\" width=\"121\">62\/92<\/td>\n<\/tr>\n<tr>\n<td width=\"121\"><strong>Hips circumference<\/strong><\/td>\n<td style=\"text-align: center;\" width=\"121\">90<\/td>\n<td style=\"text-align: center;\" width=\"121\">98<\/td>\n<td style=\"text-align: center;\" width=\"121\">98<\/td>\n<td style=\"text-align: center;\" width=\"121\">108<\/td>\n<td style=\"text-align: center;\" width=\"121\">108<\/td>\n<\/tr>\n<tr>\n<td width=\"121\"><strong>Thigh circumference<\/strong><\/td>\n<td style=\"text-align: center;\" width=\"121\">46<\/td>\n<td style=\"text-align: center;\" width=\"121\">50<\/td>\n<td style=\"text-align: center;\" width=\"121\">50<\/td>\n<td style=\"text-align: center;\" width=\"121\">52<\/td>\n<td style=\"text-align: center;\" width=\"121\">52<\/td>\n<\/tr>\n<tr>\n<td width=\"121\"><strong>Length in the crotch<\/strong><\/td>\n<td style=\"text-align: center;\" width=\"121\">75<\/td>\n<td style=\"text-align: center;\" width=\"121\">78<\/td>\n<td style=\"text-align: center;\" width=\"121\">82<\/td>\n<td style=\"text-align: center;\" width=\"121\">80<\/td>\n<td style=\"text-align: center;\" width=\"121\">84<\/td>\n<\/tr>\n<tr>\n<td width=\"121\"><strong>Total length<\/strong><\/td>\n<td style=\"text-align: center;\" width=\"121\">96<\/td>\n<td style=\"text-align: center;\" width=\"121\">99<\/td>\n<td style=\"text-align: center;\" width=\"121\">104<\/td>\n<td style=\"text-align: center;\" width=\"121\">101<\/td>\n<td style=\"text-align: center;\" width=\"121\">106<\/td>\n<\/tr>\n<\/tbody>\n<\/table>\n<p>* flat without stretching \/ stretched<\/p>","protected":false},"excerpt":{"rendered":"<p>Czarne klasyczne spodnie wspinaczkowe z boczn\u0105 kontrastow\u0105 kieszeni\u0105, zapinan\u0105 na napy. Uszyli\u015bmy je z mocnej bawe\u0142ny z elastanem i dopracowali\u015bmy ich kr\u00f3j tak, by\u015b czu\u0142a si\u0119\u00a0 w nich maksymalnie wygodnie, ale te\u017c by\u015b mog\u0142a nosi\u0107 je na co dzie\u0144. Cenimy naturaln\u0105 bawe\u0142n\u0119, poniewa\u017c nie powoduje obtar\u0107 czy reakcji alergicznych. Za wszelk\u0105 cen\u0119 unikamy plastiku wewn\u0105trz&#8230;<\/p>","protected":false},"featured_media":8484,"comment_status":"open","ping_status":"closed","template":"","meta":{"_kadence_starter_templates_imported_post":false,"_kad_post_transparent":"","_kad_post_title":"","_kad_post_layout":"","_kad_post_sidebar_id":"","_kad_post_content_style":"","_kad_post_vertical_padding":"","_kad_post_feature":"","_kad_post_feature_position":"","_kad_post_header":false,"_kad_post_footer":false},"product_brand":[],"product_cat":[296,297,38,284,280,87],"product_tag":[],"class_list":{"0":"post-3805","1":"product","2":"type-product","3":"status-publish","4":"has-post-thumbnail","6":"product_cat-bestseller","7":"product_cat-bestseller-damskie","8":"product_cat-damskie","9":"product_cat-klasyka-damskie","10":"product_cat-spodnie-z-wycieraczkami-damskie","11":"product_cat-spodnie-dlugie-damskie","12":"pa_rozmiar-l","13":"pa_rozmiar-m","14":"pa_rozmiar-m-long","15":"pa_rozmiar-s","16":"pa_rozmiar-s-long","17":"pa_rozmiar-xs","19":"first","20":"instock","21":"featured","22":"taxable","23":"shipping-taxable","24":"purchasable","25":"product-type-variable","26":"entry","27":"content-bg","28":"loop-entry"},"jetpack_sharing_enabled":true,"_links":{"self":[{"href":"https:\/\/motywkadence.hastan.pl\/en\/wp-json\/wp\/v2\/product\/3805","targetHints":{"allow":["GET"]}}],"collection":[{"href":"https:\/\/motywkadence.hastan.pl\/en\/wp-json\/wp\/v2\/product"}],"about":[{"href":"https:\/\/motywkadence.hastan.pl\/en\/wp-json\/wp\/v2\/types\/product"}],"replies":[{"embeddable":true,"href":"https:\/\/motywkadence.hastan.pl\/en\/wp-json\/wp\/v2\/comments?post=3805"}],"wp:featuredmedia":[{"embeddable":true,"href":"https:\/\/motywkadence.hastan.pl\/en\/wp-json\/wp\/v2\/media\/8484"}],"wp:attachment":[{"href":"https:\/\/motywkadence.hastan.pl\/en\/wp-json\/wp\/v2\/media?parent=3805"}],"wp:term":[{"taxonomy":"product_brand","embeddable":true,"href":"https:\/\/motywkadence.hastan.pl\/en\/wp-json\/wp\/v2\/product_brand?post=3805"},{"taxonomy":"product_cat","embeddable":true,"href":"https:\/\/motywkadence.hastan.pl\/en\/wp-json\/wp\/v2\/product_cat?post=3805"},{"taxonomy":"product_tag","embeddable":true,"href":"https:\/\/motywkadence.hastan.pl\/en\/wp-json\/wp\/v2\/product_tag?post=3805"}],"curies":[{"name":"wp","href":"https:\/\/api.w.org\/{rel}","templated":true}]}}