{"id":14919,"date":"2025-11-25T20:42:11","date_gmt":"2025-11-25T19:42:11","guid":{"rendered":"https:\/\/motywkadence.hastan.pl\/?post_type=product&#038;p=14919"},"modified":"2025-11-25T20:44:31","modified_gmt":"2025-11-25T19:44:31","slug":"meskie-spodnie-do-jogi-z-modalu-nataraja","status":"publish","type":"product","link":"https:\/\/motywkadence.hastan.pl\/en\/product\/meskie-spodnie-do-jogi-z-modalu-nataraja\/","title":{"rendered":"M\u0119skie spodnie do jogi z modalu NATARAJA"},"content":{"rendered":"<p>To mog\u0105 by\u0107 najwygodniejsze spodnie do praktyki jogi jakie kiedykolwiek mia\u0142e\u015b.<br \/>\nUszyte z Modalu TENCEL\u2122\u00a0 delikatnie otulaj\u0105, nie kr\u0119puj\u0105 ruch\u00f3w, nie uciskaj\u0105. P\u0142yn\u0105 razem z Tob\u0105.<\/p>\n<p>Zadbaj o siebie w naturalny spos\u00f3b i zapewnij sobie najwy\u017cszy komfort. To spodnie, kt\u00f3ra z przyjemno\u015bci\u0105 zagoszcz\u0105 w Twojej sportowej szafie i b\u0119d\u0105 towarzyszy\u0107 na macie.<\/p>\n<p><strong>W\u0141A\u015aCIWO\u015aCI MODALU:<\/strong><\/p>\n<ul>\n<li>W\u0142\u00f3kna modalne TENCEL\u2122 charakteryzuj\u0105 si\u0119 co najmniej o 50 procent mniejsz\u0105 emisj\u0105 dwutlenku w\u0119gla i zu\u017cyciem wody w por\u00f3wnaniu do standardowych w\u0142\u00f3kien modalnych;<\/li>\n<li>Drewno wykorzystywane jako surowiec do produkcji wszystkich w\u0142\u00f3kien TENCEL\u2122 Modal pozyskiwane jest z certyfikowanych lub kontrolowanych \u017ar\u00f3de\u0142;<\/li>\n<li>Struktura w\u0142\u00f3kien umo\u017cliwia absorpcj\u0119 i uwalnianie wilgoci;<\/li>\n<li>W\u0142\u00f3kna TENCEL\u2122 Modal charakteryzuj\u0105 si\u0119 najwy\u017csz\u0105 wytrzyma\u0142o\u015bci\u0105 w\u015br\u00f3d w\u0142\u00f3kien celulozowych;<\/li>\n<li>W\u0142\u00f3kna modalne potrafi\u0105 poch\u0142ania\u0107 do 50% wi\u0119cej wilgoci ni\u017c bawe\u0142na;<\/li>\n<li>Jest g\u0142adki delikatny i niezwykle przyjemny w dotyku;<\/li>\n<li>Nie mechaci si\u0119 i nie odkszta\u0142ca;<\/li>\n<li>S\u0105 odporne na spieranie i kurczenie si\u0119;<\/li>\n<li>Materia\u0142 jest bardzo elastyczny, lej\u0105cy;<\/li>\n<li>Nie uczula i nie podra\u017cnia delikatnej sk\u00f3ry.<\/li>\n<\/ul>\n<p>Dzianina wykonana z celulozy bukowej z dodatkiem elastycznych nici polskiej produkcji.<br \/>\nDzianina jest rozci\u0105gliwa, lekka i mocna.<br \/>\nOd\u00a0 poliestrowej sportowej odzie\u017cy r\u00f3\u017cni si\u0119 w\u0142a\u015bciwie wszystkim i wygrywa.\u00a0 Je\u015bli zadbasz o ni\u0105 prawid\u0142owo &#8211; pos\u0142u\u017cy Ci bardzo d\u0142ugo.<\/p>\n<p><strong>INNE WYJ\u0104TKOWO\u015aCI:<\/strong><\/p>\n<ul>\n<li>Spodnie uszyte z najwy\u017csz\u0105 staranno\u015bci\u0105 w pabianickiej szwalni<\/li>\n<li>Dopracowany i wygodny kr\u00f3j<\/li>\n<li>Metki wykonane z ekosk\u00f3ry oraz bawe\u0142ny<\/li>\n<li>Zapakowane w bawe\u0142niany worek<\/li>\n<li>Wysy\u0142ane w kartonie z tektury<\/li>\n<\/ul>\n<p>&nbsp;<\/p>\n<p><strong>JAK DBA\u0106<\/strong>:<br \/>\nPierz w delikatnych detergentach, w temperaturze max 30 stopni i w\u0142\u0105cz niskie obroty wirowania.\u00a0 Nie susz w suszarce b\u0119bnowej, <strong>susz na p\u0142asko.\u00a0<\/strong><\/p>\n<p><strong>COMPOSITION<br \/>\n<\/strong>94% Lenzing\u2122 Modal<br \/>\n6% spandex<br \/>\ngramatura: 280\/m2<\/p>\n<p>OEKO TEX STANDARD 100<\/p>\n<p>Kamil ma na sobie rozmiar S, wzrost 181cm<\/p>\n<p><strong><span style=\"color: #993366;\">Spodnie z modalu to nasz manifest naturalno\u015bci, zadbania o siebie i o \u015brodowisko naturalne. To wa\u017cny wyb\u00f3r: nie doprowadzili\u015bmy do wyprodukowania kolejnych kilogram\u00f3w plastiku, kt\u00f3ry przera\u017ca na wysypiskach \u015bmieci i w zdecydowanej wi\u0119kszo\u015bci nigdy nie ulega biodegradacji.\u00a0 W por\u00f3wnaniu z poliestrem, jaki w 90% znajdziecie w jogowych spodniach, nasze spodnie z modalu s\u0105 biodegradowalny.<\/span><\/strong><\/p>\n<p>&nbsp;<\/p>\n<p>&nbsp;<\/p>\n<p>&nbsp;<\/p>\n<p>&nbsp;<\/p>\n<p>&nbsp;<\/p>\n<p>&nbsp;<\/p>","protected":false},"excerpt":{"rendered":"<p>M\u0119skie spodnie do jogi z TENCEL\u2122 Modal<br \/>\nZaprojektowane i uszyte w Polsce.<\/p>\n<p>&nbsp;<\/p>","protected":false},"featured_media":14997,"comment_status":"open","ping_status":"closed","template":"","meta":{"_kadence_starter_templates_imported_post":false,"_kad_post_transparent":"","_kad_post_title":"","_kad_post_layout":"","_kad_post_sidebar_id":"","_kad_post_content_style":"","_kad_post_vertical_padding":"","_kad_post_feature":"","_kad_post_feature_position":"","_kad_post_header":false,"_kad_post_footer":false},"product_brand":[],"product_cat":[443,445,163,82,81,152],"product_tag":[],"class_list":{"0":"post-14919","1":"product","2":"type-product","3":"status-publish","4":"has-post-thumbnail","6":"product_cat-kolekcja-do-jogi","7":"product_cat-meskie-kolekcja-do-jogi","8":"product_cat-meskie-nowosci","9":"product_cat-nowosci","10":"product_cat-promocja","11":"product_cat-meskie-promocja","12":"pa_rozmiar-l","13":"pa_rozmiar-m","14":"pa_rozmiar-s","15":"pa_rozmiar-xs","17":"first","18":"instock","19":"taxable","20":"shipping-taxable","21":"product-type-simple","22":"entry","23":"content-bg","24":"loop-entry"},"jetpack_sharing_enabled":true,"_links":{"self":[{"href":"https:\/\/motywkadence.hastan.pl\/en\/wp-json\/wp\/v2\/product\/14919","targetHints":{"allow":["GET"]}}],"collection":[{"href":"https:\/\/motywkadence.hastan.pl\/en\/wp-json\/wp\/v2\/product"}],"about":[{"href":"https:\/\/motywkadence.hastan.pl\/en\/wp-json\/wp\/v2\/types\/product"}],"replies":[{"embeddable":true,"href":"https:\/\/motywkadence.hastan.pl\/en\/wp-json\/wp\/v2\/comments?post=14919"}],"wp:featuredmedia":[{"embeddable":true,"href":"https:\/\/motywkadence.hastan.pl\/en\/wp-json\/wp\/v2\/media\/14997"}],"wp:attachment":[{"href":"https:\/\/motywkadence.hastan.pl\/en\/wp-json\/wp\/v2\/media?parent=14919"}],"wp:term":[{"taxonomy":"product_brand","embeddable":true,"href":"https:\/\/motywkadence.hastan.pl\/en\/wp-json\/wp\/v2\/product_brand?post=14919"},{"taxonomy":"product_cat","embeddable":true,"href":"https:\/\/motywkadence.hastan.pl\/en\/wp-json\/wp\/v2\/product_cat?post=14919"},{"taxonomy":"product_tag","embeddable":true,"href":"https:\/\/motywkadence.hastan.pl\/en\/wp-json\/wp\/v2\/product_tag?post=14919"}],"curies":[{"name":"wp","href":"https:\/\/api.w.org\/{rel}","templated":true}]}}