{"id":14918,"date":"2025-11-25T20:42:11","date_gmt":"2025-11-25T19:42:11","guid":{"rendered":"https:\/\/motywkadence.hastan.pl\/?post_type=product&#038;p=14918"},"modified":"2025-11-25T20:44:31","modified_gmt":"2025-11-25T19:44:31","slug":"damskie-spodnie-do-jogi-z-bambusa-kobra","status":"publish","type":"product","link":"https:\/\/motywkadence.hastan.pl\/en\/product\/damskie-spodnie-do-jogi-z-bambusa-kobra\/","title":{"rendered":"Damskie spodnie do jogi z bambusa KOBRA"},"content":{"rendered":"<p>To mog\u0105 by\u0107 najwygodniejsze spodnie do praktyki jogi jakie kiedykolwiek mia\u0142a\u015b.<br \/>\nUszyte z dzianiny bambusowej delikatnie otulaj\u0105, nie kr\u0119puj\u0105 ruch\u00f3w, nie uciskaj\u0105. P\u0142yn\u0105 razem z Tob\u0105.<\/p>\n<p>Zadbaj o siebie w naturalny spos\u00f3b i zapewnij sobie najwy\u017cszy komfort. To spodnie, kt\u00f3ra z przyjemno\u015bci\u0105 zagoszcz\u0105 w Twojej sportowej szafie i b\u0119d\u0105 towarzyszy\u0107 na macie.<\/p>\n<p><strong>W\u0141A\u015aCIWO\u015aCI BAMBUSA:<\/strong><\/p>\n<ul>\n<li>Bambus jest nawet o 40% bardziej ch\u0142onny ni\u017c bawe\u0142na, szybciej odprowadza wilgo\u0107, zapewnia komfort i sucho\u015b\u0107;<\/li>\n<li>Ma w\u0142a\u015bciwo\u015bci termoregulacyjne \u2013 odprowadza ciep\u0142o z dala od cia\u0142a, chroni przed przegrzaniem;<\/li>\n<li>Zapewnia swobodn\u0105 cyrkulacj\u0119 powietrza, jest przewiewny;<\/li>\n<li>Nie uczula, jest delikatna, odpowiednia dla delikatnej sk\u00f3ry;<\/li>\n<li>Posiada cechy antybakteryjne i w\u0142a\u015bciwo\u015bci przeciwgrzybicze;<\/li>\n<li>Zapewniaj\u0105c uczucie ch\u0142odu i \u015bwie\u017co\u015bci;<\/li>\n<li>Wiskoza bambusowa zapewnia ochron\u0119 przed promieniowaniem UV dzi\u0119ki swoim naturalnym w\u0142a\u015bciwo\u015bciom poch\u0142aniania promieni UV, przy niskim wsp\u00f3\u0142czynniku przenikania promieni UV (0.06%), kt\u00f3ry chroni przed szkodliwym promieniowaniem. (Wsp\u00f3\u0142czynnik przenikania promieni UV bawe\u0142ny wynosi 25%)<\/li>\n<\/ul>\n<p>Dzianina wykonana z celulozy bambusowej z dodatkiem elastycznych nici holenderskiej produkcji.<br \/>\nDzianina jest rozci\u0105gliwa, lekka i mocna.<br \/>\nOd\u00a0 poliestrowej sportowej odzie\u017cy r\u00f3\u017cni si\u0119 w\u0142a\u015bciwie wszystkim i wygrywa.\u00a0 Je\u015bli zadbasz o ni\u0105 prawid\u0142owo &#8211; pos\u0142u\u017cy Ci bardzo d\u0142ugo.<\/p>\n<p><strong>INNE WYJ\u0104TKOWO\u015aCI:<\/strong><\/p>\n<ul>\n<li>Spodnie uszyte z najwy\u017csz\u0105 staranno\u015bci\u0105 w pabianickiej szwalni<\/li>\n<li>Dopracowany i wygodny kr\u00f3j<\/li>\n<li>Metki wykonane z ekosk\u00f3ry oraz bawe\u0142ny<\/li>\n<li>Zapakowane w bawe\u0142niany worek<\/li>\n<li>Wysy\u0142ane w kartonie z tektury<\/li>\n<\/ul>\n<p>&nbsp;<\/p>\n<p><strong>JAK DBA\u0106<\/strong>:<br \/>\nPierz w delikatnych detergentach, w temperaturze max 30 stopni i w\u0142\u0105cz niskie obroty wirowania.\u00a0 Nie susz w suszarce b\u0119bnowej, <strong>susz na p\u0142asko.\u00a0<\/strong><\/p>\n<p><strong>COMPOSITION<br \/>\n94% wiskoza bambusowa<br \/>\n6% spandex<br \/>\ngramatura: 280\/m2<\/strong><\/p>\n<p>OEKO TEX STANDARD 100<\/p>\n<p>Jagoda ma na sobie rozmiar S, wzrost: 170cm<\/p>\n<p><strong><span style=\"color: #993366;\">Spodnie bambusowe to nasz manifest naturalno\u015bci, zadbania o siebie i o \u015brodowisko naturalne. To wa\u017cny wyb\u00f3r: nie doprowadzili\u015bmy do wyprodukowania kolejnych kilogram\u00f3w plastiku, kt\u00f3ry przera\u017ca na wysypiskach \u015bmieci i w zdecydowanej wi\u0119kszo\u015bci nigdy nie ulega biodegradacji.\u00a0 W por\u00f3wnaniu z poliestrem, jaki w 90% znajdziecie w jogowych spodniach, nasze bambusowe spodnie s\u0105 biodegradowalny.<\/span><\/strong><\/p>\n<p>&nbsp;<\/p>\n<p>&nbsp;<\/p>\n<p>&nbsp;<\/p>\n<p>&nbsp;<\/p>\n<p>&nbsp;<\/p>\n<p>&nbsp;<\/p>","protected":false},"excerpt":{"rendered":"<p>Damskie spodnie do jogi z dzianiny bambusowej.<br \/>\nZaprojektowane i uszyte w Polsce.<\/p>\n<p>&nbsp;<\/p>","protected":false},"featured_media":15001,"comment_status":"open","ping_status":"closed","template":"","meta":{"_kadence_starter_templates_imported_post":false,"_kad_post_transparent":"","_kad_post_title":"","_kad_post_layout":"","_kad_post_sidebar_id":"","_kad_post_content_style":"","_kad_post_vertical_padding":"","_kad_post_feature":"","_kad_post_feature_position":"","_kad_post_header":false,"_kad_post_footer":false},"product_brand":[],"product_cat":[444,443,82,164,81,153],"product_tag":[],"class_list":{"0":"post-14918","1":"product","2":"type-product","3":"status-publish","4":"has-post-thumbnail","6":"product_cat-damskie-kolekcja-do-jogi","7":"product_cat-kolekcja-do-jogi","8":"product_cat-nowosci","9":"product_cat-damskie-nowosci","10":"product_cat-promocja","11":"product_cat-damskie-promocja","12":"pa_rozmiar-m-l","13":"pa_rozmiar-s-m","14":"pa_rozmiar-xs-s","16":"first","17":"instock","18":"taxable","19":"shipping-taxable","20":"product-type-simple","21":"entry","22":"content-bg","23":"loop-entry"},"jetpack_sharing_enabled":true,"_links":{"self":[{"href":"https:\/\/motywkadence.hastan.pl\/en\/wp-json\/wp\/v2\/product\/14918","targetHints":{"allow":["GET"]}}],"collection":[{"href":"https:\/\/motywkadence.hastan.pl\/en\/wp-json\/wp\/v2\/product"}],"about":[{"href":"https:\/\/motywkadence.hastan.pl\/en\/wp-json\/wp\/v2\/types\/product"}],"replies":[{"embeddable":true,"href":"https:\/\/motywkadence.hastan.pl\/en\/wp-json\/wp\/v2\/comments?post=14918"}],"wp:featuredmedia":[{"embeddable":true,"href":"https:\/\/motywkadence.hastan.pl\/en\/wp-json\/wp\/v2\/media\/15001"}],"wp:attachment":[{"href":"https:\/\/motywkadence.hastan.pl\/en\/wp-json\/wp\/v2\/media?parent=14918"}],"wp:term":[{"taxonomy":"product_brand","embeddable":true,"href":"https:\/\/motywkadence.hastan.pl\/en\/wp-json\/wp\/v2\/product_brand?post=14918"},{"taxonomy":"product_cat","embeddable":true,"href":"https:\/\/motywkadence.hastan.pl\/en\/wp-json\/wp\/v2\/product_cat?post=14918"},{"taxonomy":"product_tag","embeddable":true,"href":"https:\/\/motywkadence.hastan.pl\/en\/wp-json\/wp\/v2\/product_tag?post=14918"}],"curies":[{"name":"wp","href":"https:\/\/api.w.org\/{rel}","templated":true}]}}