{"id":14916,"date":"2025-11-25T20:42:10","date_gmt":"2025-11-25T19:42:10","guid":{"rendered":"https:\/\/motywkadence.hastan.pl\/?post_type=product&#038;p=14916"},"modified":"2025-11-25T20:43:58","modified_gmt":"2025-11-25T19:43:58","slug":"damski-top-do-jogi-z-lnu-vira","status":"publish","type":"product","link":"https:\/\/motywkadence.hastan.pl\/en\/product\/damski-top-do-jogi-z-lnu-vira\/","title":{"rendered":"Damski top do jogi z lnu VIRA"},"content":{"rendered":"<p><strong>UWAGA! KOLEKCJA TURBO LIMITOWANA!<\/strong><\/p>\n<p>Zadbaj o siebie w naturalny spos\u00f3b i zapewnij sobie najwy\u017cszy komfort. Poznaj klasyk\u0119 gatunku- len. Dzianina, kt\u00f3ra z przyjemno\u015bci\u0105 zago\u015bci w Twojej sportowej szafie. Jest to najbardziej mi\u0119kka dzianina lniana jak\u0105 mo\u017cesz sobie wyobrazi\u0107.<\/p>\n<p>&nbsp;<\/p>\n<p><strong>W\u0141A\u015aCIWO\u015aCI LNU:<\/strong><\/p>\n<ul>\n<li>Mi\u0119kko\u015b\u0107, wysoka absorpcja wilgoci, przewiewno\u015b\u0107, antyalergiczno\u015b\u0107, du\u017ca odporno\u015b\u0107 na tarcie i rozci\u0105ganie, dzia\u0142anie antybakteryjne oraz biodegradowalno\u015b\u0107;<\/li>\n<li>Dzianina lniana posiada rzadkie w\u0142a\u015bciwo\u015bci bakteriologiczne. Odporna na grzyby i bakterie jest skuteczn\u0105 barier\u0105 dla niekt\u00f3rych chor\u00f3b;<\/li>\n<li>Len nie powoduje reakcji alergicznej;<\/li>\n<li>Jest bardzo higroskopijny, szybko wch\u0142ania wilgo\u0107, w odczuciu pozostaj\u0105c \u015bwie\u017cy i ch\u0142odny;<\/li>\n<li>W lnie cz\u0142owiek poci si\u0119 1,5 razy mniej ni\u017c w przypadku bawe\u0142ny i 2 razy mniej ni\u017c w wiskozie;<\/li>\n<li>Lniana odzie\u017c w niskich temperaturach otula idealnym ciep\u0142e;<\/li>\n<li>Len pozwala sk\u00f3rze swobodnie oddycha\u0107, co jest szczeg\u00f3lnie wa\u017cne w ciep\u0142e dni;<\/li>\n<li>rekomendowana jest dla os\u00f3b z wra\u017cliw\u0105 sk\u00f3r\u0105, a nawet z AZS;<\/li>\n<li>Nie pilinguje si\u0119 ani nie wypycha, przyjemnie otula i sprawia, \u017ce czujesz si\u0119 wyj\u0105tkowo;<\/li>\n<li>Schnie szybko i jest leciutka;<\/li>\n<li>Ma wysoki czynnik UPF (Ultraviolet Protection Factor), chroni sk\u00f3r\u0119 zar\u00f3wno przed szkodliwym promieniowaniem UVA i UVB.<\/li>\n<\/ul>\n<p>Dzianina typu single jersey, wykonana ze zmi\u0119kczanego lnu europejskiej produkcji.<br \/>\nDzianina jest delikatnie rozci\u0105gliwa, lekka, ale mocna.<br \/>\nOd\u00a0 poliestrowej sportowej odzie\u017cy r\u00f3\u017cni si\u0119 w\u0142a\u015bciwie wszystkim i wygrywa.\u00a0 Je\u015bli zadbasz o ni\u0105 prawid\u0142owo &#8211; pos\u0142u\u017cy Ci bardzo d\u0142ugo.<\/p>\n<p><strong>INNE WYJ\u0104TKOWO\u015aCI:<\/strong><\/p>\n<ul>\n<li>Koszulka uszyta z najwy\u017csz\u0105 staranno\u015bci\u0105 w pabianickiej szwalni<\/li>\n<li>Dopracowany i wygodny kr\u00f3j<\/li>\n<li>Metki wykonane z ekosk\u00f3ry oraz bawe\u0142ny<\/li>\n<li>Zapakowane w bawe\u0142niany worek<\/li>\n<li>Wysy\u0142ane w kartonie z tektury<\/li>\n<\/ul>\n<p>&nbsp;<\/p>\n<p><strong>JAK DBA\u0106<\/strong>:<br \/>\nPierz w delikatnych detergentach, w temperaturze max 40 stopni. Nie susz w suszarce b\u0119bnowej, <strong>susz na p\u0142asko.\u00a0<\/strong><\/p>\n<p><strong>COMPOSITION<\/strong><br \/>\nKoszulka uszyta z dzianiny lnianej 100% o gramaturze 210g.<\/p>\n<p>OEKO TEX STANDARD 100<\/p>\n<p>Jagoda ma na sobie rozmiar S<\/p>\n<p><strong><span style=\"color: #993366;\">Top lniany to nasz manifest naturalno\u015bci, zadbania o siebie i o \u015brodowisko naturalne. To wa\u017cny wyb\u00f3r: nie doprowadzili\u015bmy do wyprodukowania kolejnych kilogram\u00f3w plastiku, kt\u00f3ry przera\u017ca na wysypiskach \u015bmieci i w zdecydowanej wi\u0119kszo\u015bci nigdy nie ulega biodegradacji.\u00a0 W por\u00f3wnaniu z poliestrem, jaki w 90% znajdziecie w sportowych koszulkach, nasz top lniany jest biodegradowalny &#8211; w rok po utylizacji nie ma po niej \u015bladu.<\/span><\/strong><\/p>\n<p>&nbsp;<\/p>\n<p>&nbsp;<\/p>\n<p>&nbsp;<\/p>\n<p>&nbsp;<\/p>\n<p>&nbsp;<\/p>\n<p>&nbsp;<\/p>","protected":false},"excerpt":{"rendered":"<p>Top damski wykonany ze 100% <strong>dzianiny lnianej.<\/strong><br \/>\nZaprojektowany i uszyty w Polsce.<\/p>\n<p>&nbsp;<\/p>","protected":false},"featured_media":14983,"comment_status":"open","ping_status":"closed","template":"","meta":{"_kadence_starter_templates_imported_post":false,"_kad_post_transparent":"","_kad_post_title":"","_kad_post_layout":"","_kad_post_sidebar_id":"","_kad_post_content_style":"","_kad_post_vertical_padding":"","_kad_post_feature":"","_kad_post_feature_position":"","_kad_post_header":false,"_kad_post_footer":false},"product_brand":[],"product_cat":[444,443,82,164,81,153],"product_tag":[],"class_list":{"0":"post-14916","1":"product","2":"type-product","3":"status-publish","4":"has-post-thumbnail","6":"product_cat-damskie-kolekcja-do-jogi","7":"product_cat-kolekcja-do-jogi","8":"product_cat-nowosci","9":"product_cat-damskie-nowosci","10":"product_cat-promocja","11":"product_cat-damskie-promocja","12":"pa_rozmiar-l","13":"pa_rozmiar-m","14":"pa_rozmiar-s","15":"pa_rozmiar-xs","17":"first","18":"instock","19":"taxable","20":"shipping-taxable","21":"product-type-simple","22":"entry","23":"content-bg","24":"loop-entry"},"jetpack_sharing_enabled":true,"_links":{"self":[{"href":"https:\/\/motywkadence.hastan.pl\/en\/wp-json\/wp\/v2\/product\/14916","targetHints":{"allow":["GET"]}}],"collection":[{"href":"https:\/\/motywkadence.hastan.pl\/en\/wp-json\/wp\/v2\/product"}],"about":[{"href":"https:\/\/motywkadence.hastan.pl\/en\/wp-json\/wp\/v2\/types\/product"}],"replies":[{"embeddable":true,"href":"https:\/\/motywkadence.hastan.pl\/en\/wp-json\/wp\/v2\/comments?post=14916"}],"wp:featuredmedia":[{"embeddable":true,"href":"https:\/\/motywkadence.hastan.pl\/en\/wp-json\/wp\/v2\/media\/14983"}],"wp:attachment":[{"href":"https:\/\/motywkadence.hastan.pl\/en\/wp-json\/wp\/v2\/media?parent=14916"}],"wp:term":[{"taxonomy":"product_brand","embeddable":true,"href":"https:\/\/motywkadence.hastan.pl\/en\/wp-json\/wp\/v2\/product_brand?post=14916"},{"taxonomy":"product_cat","embeddable":true,"href":"https:\/\/motywkadence.hastan.pl\/en\/wp-json\/wp\/v2\/product_cat?post=14916"},{"taxonomy":"product_tag","embeddable":true,"href":"https:\/\/motywkadence.hastan.pl\/en\/wp-json\/wp\/v2\/product_tag?post=14916"}],"curies":[{"name":"wp","href":"https:\/\/api.w.org\/{rel}","templated":true}]}}