{"id":14910,"date":"2025-11-25T20:42:10","date_gmt":"2025-11-25T19:42:10","guid":{"rendered":"https:\/\/motywkadence.hastan.pl\/?post_type=product&#038;p=14910"},"modified":"2025-11-25T20:42:53","modified_gmt":"2025-11-25T19:42:53","slug":"longsleeve-merino-meska-2","status":"publish","type":"product","link":"https:\/\/motywkadence.hastan.pl\/en\/product\/longsleeve-merino-meska-2\/","title":{"rendered":"Longsleeve Merino m\u0119ska"},"content":{"rendered":"<p><strong>UWAGA! KOLEKCJA TURBO LIMITOWANA!<\/strong><\/p>\n<p>Zimowa aktywno\u015b\u0107 tylko w longsleeve merino.<\/p>\n<p><strong>WYJ\u0104TKOWO\u015a\u0106 LONGSLEEVE MERINO:<\/strong><\/p>\n<p>Otul si\u0119 przyjemn\u0105, lekk\u0105 i niegryz\u0105c\u0105 we\u0142n\u0105. Zadbaj o siebie w naturalny spos\u00f3b i zapewnij sobie najwy\u017cszy komfort.<br \/>\nPoznaj kr\u00f3low\u0105 materia\u0142\u00f3w &#8211; Merino &#8211; ona ma to czego w sportowej odzie\u017cy potrzebujesz:<\/p>\n<ul>\n<li>zapewnia termoizolacyjno\u015b\u0107, nawet podczas bardzo wymagaj\u0105cego treningu bez wzgl\u0119du na warunki atmosferyczne<br \/>\ni por\u0119 roku<\/li>\n<li>jest hipoalergiczna i antybakteryjna, we\u0142no merino zawiera lanolin\u0119, kt\u00f3ra zapobiega rozwojowi bakteriom<\/li>\n<li>to dzianina naturalna, a wi\u0119c pozwala sk\u00f3rze oddycha\u0107 i zapewnia doskona\u0142\u0105 cyrkulacj\u0119 powietrza<\/li>\n<li>rekomendowana jest dla os\u00f3b z wra\u017cliw\u0105 sk\u00f3r\u0105, a nawet z AZS<\/li>\n<li>ma zdolno\u015b\u0107 do absorpcji i odparowywania wilgoci, warstwa wewn\u0119trzna materia\u0142u ma cechy hydrofilowe<br \/>\n(np. poch\u0142ania ludzki pot), warstwa zewn\u0119trzna jest hydrofobowa, wi\u0119c odpycha cz\u0105steczki wody i odprowadza wilgo\u0107 do otoczenia<\/li>\n<li>nie poch\u0142ania zapach\u00f3w, w\u0142\u00f3kna merino regeneruj\u0105 si\u0119 w kontakcie z tlenem, wi\u0119c nie trzeba jej cz\u0119sto pra\u0107, wystarczy jej wietrzenie w wilgotnych pomieszczeniach<\/li>\n<li>nie pilinguje si\u0119 ani nie wypycha, przyjemnie otula i sprawia, \u017ce czujesz si\u0119 wyj\u0105tkowo<\/li>\n<li>schnie szybko i jest leciutka<\/li>\n<li>idealna jako pierwsza warstwa odzie\u017cy<\/li>\n<li>ma wysoki czynnik UPF (Ultraviolet Protection Factor), chroni sk\u00f3r\u0119 zar\u00f3wno przed szkodliwym promieniowaniem UVA i UVB<\/li>\n<\/ul>\n<p>Od\u00a0 poliestrowej sportowej odzie\u017cy r\u00f3\u017cni si\u0119 w\u0142a\u015bciwie wszystkim i wygrywa.\u00a0 Je\u015bli zadbasz o ni\u0105 prawid\u0142owo &#8211; pos\u0142u\u017cy Ci bardzo d\u0142ugo.<\/p>\n<p><strong>INNE WYJ\u0104TKOWO\u015aCI:<\/strong><\/p>\n<ul>\n<li>Koszulka uszyta z najwy\u017csz\u0105 staranno\u015bci\u0105 w \u0142\u00f3dzkiej szwalni<\/li>\n<li>Dopracowany i wygodny kr\u00f3j<\/li>\n<li>Raglanowe r\u0119kawy<\/li>\n<li>Otw\u00f3r na kciuk w mankiecie r\u0119kawa<\/li>\n<li>P\u0142askie szwy<\/li>\n<li>Wysoka st\u00f3jka zapinana na zamek, chroni\u0105ca szyj\u0119 i kark przed ch\u0142odem i wiatrem<\/li>\n<li>Metki wykonane z ekosk\u00f3ry oraz bawe\u0142ny<\/li>\n<li>Zapakowane w bawe\u0142niany worek<\/li>\n<li>Wysy\u0142ane w kartonie z tektury<\/li>\n<li>Papierowa metka zawiera nasiona kwiat\u00f3w &#8211; w\u0142\u00f3\u017c j\u0105 do doniczki i podlewaj<\/li>\n<\/ul>\n<p>&nbsp;<\/p>\n<p><strong>JAK DBA\u0106:\u00a0<\/strong><br \/>\nPierz w delikatnych detergentach, przeznaczonych do prania we\u0142ny, w temperaturze 30 stopni, najlepiej r\u0119cznie, je\u015bli w pralce, ustaw program na pranie we\u0142ny. Nie susz w suszarce b\u0119bnowej, <strong>susz na p\u0142asko. <\/strong>Cz\u0119sciej wietrz, mniej pierz.<\/p>\n<p><strong>COMPOSITION<\/strong><br \/>\nKoszulka uszyta z dzianiny we\u0142nianej merino 100% o gramaturze 250g.<br \/>\nMulesing free &#8211; we\u0142na pozyskana bez cierpienia owiec<br \/>\nOEKO TEX STANDARD 100<\/p>\n<p>Eryk ma na sobie rozmiar M<\/p>\n<p><strong><span style=\"color: #993366;\">Longslevve MERINO to nasz manifest naturalno\u015bci, zadbania o siebie i o \u015brodowisko naturalne. To wa\u017cny wyb\u00f3r: nie doprowadzili\u015bmy do wyprodukowania kolejnych kilogram\u00f3w plastiku, kt\u00f3ry przera\u017ca na wysypiskach \u015bmieci i w zdecydowanej wi\u0119kszo\u015bci nigdy nie ulega biodegradacji.\u00a0 W por\u00f3wnaniu z poliestrem, jaki w 90% znajdziecie w sportowych koszulkach, nasz we\u0142niany longsleeve jest biodegradowalny &#8211; w rok po utylizacji nie ma po niej \u015bladu.<\/span><\/strong><\/p>\n<p>&nbsp;<\/p>\n<p>&nbsp;<\/p>\n<p>&nbsp;<\/p>\n<p>&nbsp;<\/p>","protected":false},"excerpt":{"rendered":"<p>Longsleeve wykonany ze 100% we\u0142ny merino.<br \/>\nZaprojektowany i uszyty w Polsce.<br \/>\nWysy\u0142ka w 1-2 dni.<\/p>\n<p>&nbsp;<\/p>","protected":false},"featured_media":14951,"comment_status":"open","ping_status":"closed","template":"","meta":{"_kadence_starter_templates_imported_post":false,"_kad_post_transparent":"","_kad_post_title":"","_kad_post_layout":"","_kad_post_sidebar_id":"","_kad_post_content_style":"","_kad_post_vertical_padding":"","_kad_post_feature":"","_kad_post_feature_position":"","_kad_post_header":false,"_kad_post_footer":false},"product_brand":[],"product_cat":[163,82,442,81,152],"product_tag":[],"class_list":{"0":"post-14910","1":"product","2":"type-product","3":"status-publish","4":"has-post-thumbnail","6":"product_cat-meskie-nowosci","7":"product_cat-nowosci","8":"product_cat-merino-meskie","9":"product_cat-promocja","10":"product_cat-meskie-promocja","11":"pa_rozmiar-l","12":"pa_rozmiar-m","13":"pa_rozmiar-s","15":"first","16":"outofstock","17":"taxable","18":"shipping-taxable","19":"product-type-simple","20":"entry","21":"content-bg","22":"loop-entry"},"jetpack_sharing_enabled":true,"_links":{"self":[{"href":"https:\/\/motywkadence.hastan.pl\/en\/wp-json\/wp\/v2\/product\/14910","targetHints":{"allow":["GET"]}}],"collection":[{"href":"https:\/\/motywkadence.hastan.pl\/en\/wp-json\/wp\/v2\/product"}],"about":[{"href":"https:\/\/motywkadence.hastan.pl\/en\/wp-json\/wp\/v2\/types\/product"}],"replies":[{"embeddable":true,"href":"https:\/\/motywkadence.hastan.pl\/en\/wp-json\/wp\/v2\/comments?post=14910"}],"wp:featuredmedia":[{"embeddable":true,"href":"https:\/\/motywkadence.hastan.pl\/en\/wp-json\/wp\/v2\/media\/14951"}],"wp:attachment":[{"href":"https:\/\/motywkadence.hastan.pl\/en\/wp-json\/wp\/v2\/media?parent=14910"}],"wp:term":[{"taxonomy":"product_brand","embeddable":true,"href":"https:\/\/motywkadence.hastan.pl\/en\/wp-json\/wp\/v2\/product_brand?post=14910"},{"taxonomy":"product_cat","embeddable":true,"href":"https:\/\/motywkadence.hastan.pl\/en\/wp-json\/wp\/v2\/product_cat?post=14910"},{"taxonomy":"product_tag","embeddable":true,"href":"https:\/\/motywkadence.hastan.pl\/en\/wp-json\/wp\/v2\/product_tag?post=14910"}],"curies":[{"name":"wp","href":"https:\/\/api.w.org\/{rel}","templated":true}]}}