{"id":14435,"date":"2025-03-04T12:12:07","date_gmt":"2025-03-04T11:12:07","guid":{"rendered":"https:\/\/hastan.pl\/?post_type=product&#038;p=14435"},"modified":"2025-11-25T16:26:02","modified_gmt":"2025-11-25T15:26:02","slug":"opaska-z-welny-merino","status":"publish","type":"product","link":"https:\/\/motywkadence.hastan.pl\/en\/product\/opaska-z-welny-merino\/","title":{"rendered":"Opaska z we\u0142ny merino"},"content":{"rendered":"<p><strong>UWAGA! KOLEKCJA TURBO LIMITOWANA!<\/strong><\/p>\n<p><strong>WYJ\u0104TKOWO\u015a\u0106 OPASKI\u00a0 MERINO:<\/strong><\/p>\n<p>Po pierwsze &#8211; baranek jest ze 100%\u00a0 <span style=\"color: #993366;\">we\u0142ny merino<\/span>, kt\u00f3ra posiada deklaracj\u0119 &#8222;Mulesing free&#8221;, czyli zosta\u0142a pozyskana bez cierpienia owiec.<br \/>\nJest to czesana we\u0142na w runie i ma wysoko\u015b\u0107 8mm, zwana cz\u0119sto &#8222;barankiem teddy&#8221;.<\/p>\n<p>Dlaczego merino? To kr\u00f3lowa materia\u0142\u00f3w. Jest naturalna, przyjazna sk\u00f3rze i alergikom, zapewnia termoizolacyjno\u015b\u0107, oddycha i jest antybakteryjna (dzi\u0119ki zawartej w sobie lanolinie), ma zdolno\u015b\u0107 do absorpcji i odparowywania wilgoci. Nie poch\u0142ania zapach\u00f3w, wi\u0119c nie trzeba jej cz\u0119sto pra\u0107, wystarczy jej wietrzenie w wilgotnych pomieszczeniach. Nie pilinguje si\u0119 ani nie wypycha, przyjemnie otula i sprawia, \u017ce czujesz si\u0119 wyj\u0105tkowo. Schnie szybko i jest leciutka.<\/p>\n<p><strong>COMPOSITION<\/strong><br \/>\n100% we\u0142na merino mulesing free, gramatura 450g<\/p>\n<p><strong>WYMIARY:<br \/>\n<\/strong><\/p>\n<p>Wysoko\u015b\u0107 opaski: 9cm<br \/>\nObw\u00f3d: 53,5 cm (lekko si\u0119 rozci\u0105ga przy zak\u0142adaniu)<\/p>\n<p>&nbsp;<\/p>\n<p><strong>JAK DBA\u0106:\u00a0<\/strong><br \/>\nPierz w delikatnych detergentach, przeznaczonych do prania we\u0142ny (Sonett), w temperaturze 30 stopni, najlepiej r\u0119cznie, je\u015bli w pralce, ustaw program na pranie we\u0142ny. Nie susz w suszarce b\u0119bnowej, <strong>susz na p\u0142asko.\u00a0<\/strong>Cz\u0119\u015bciej wietrz, mniej pierz.<\/p>\n<p><strong><span style=\"color: #993366;\">OPASKA MERINO to nasz manifest naturalno\u015bci, zadbania o siebie i o \u015brodowisko naturalne. To wa\u017cny wyb\u00f3r: nie doprowadzili\u015bmy do wyprodukowania kolejnych kilogram\u00f3w plastiku, kt\u00f3ry przera\u017ca na wysypiskach \u015bmieci i w zdecydowanej wi\u0119kszo\u015bci nigdy nie ulega biodegradacji.\u00a0 Nasza we\u0142niana opaska jest biodegradowalna &#8211; w rok po utylizacji nie ma po niej \u015bladu.<\/span><\/strong><\/p>\n<p>&nbsp;<\/p>","protected":false},"excerpt":{"rendered":"<h5>4 kolory<\/h5>\n<h5>Obw\u00f3d: 53,5cm<br \/>\nWysoko\u015b\u0107: 9 cm<\/h5>","protected":false},"featured_media":14485,"comment_status":"open","ping_status":"closed","template":"","meta":{"_kadence_starter_templates_imported_post":false,"_kad_post_transparent":"","_kad_post_title":"","_kad_post_layout":"","_kad_post_sidebar_id":"","_kad_post_content_style":"","_kad_post_vertical_padding":"","_kad_post_feature":"","_kad_post_feature_position":"","_kad_post_header":false,"_kad_post_footer":false},"product_brand":[],"product_cat":[375,308,82,373,309,374,164],"product_tag":[315],"class_list":{"0":"post-14435","1":"product","2":"type-product","3":"status-publish","4":"has-post-thumbnail","6":"product_cat-gora-wspinanie-ona","7":"product_cat-merino","8":"product_cat-nowosci","9":"product_cat-ona","10":"product_cat-merino-damskie","11":"product_cat-wspinanie-ona","12":"product_cat-damskie-nowosci","13":"product_tag-opaska-welna-merino","15":"first","16":"instock","17":"taxable","18":"shipping-taxable","19":"purchasable","20":"product-type-variable","21":"entry","22":"content-bg","23":"loop-entry"},"jetpack_sharing_enabled":true,"_links":{"self":[{"href":"https:\/\/motywkadence.hastan.pl\/en\/wp-json\/wp\/v2\/product\/14435","targetHints":{"allow":["GET"]}}],"collection":[{"href":"https:\/\/motywkadence.hastan.pl\/en\/wp-json\/wp\/v2\/product"}],"about":[{"href":"https:\/\/motywkadence.hastan.pl\/en\/wp-json\/wp\/v2\/types\/product"}],"replies":[{"embeddable":true,"href":"https:\/\/motywkadence.hastan.pl\/en\/wp-json\/wp\/v2\/comments?post=14435"}],"wp:featuredmedia":[{"embeddable":true,"href":"https:\/\/motywkadence.hastan.pl\/en\/wp-json\/wp\/v2\/media\/14485"}],"wp:attachment":[{"href":"https:\/\/motywkadence.hastan.pl\/en\/wp-json\/wp\/v2\/media?parent=14435"}],"wp:term":[{"taxonomy":"product_brand","embeddable":true,"href":"https:\/\/motywkadence.hastan.pl\/en\/wp-json\/wp\/v2\/product_brand?post=14435"},{"taxonomy":"product_cat","embeddable":true,"href":"https:\/\/motywkadence.hastan.pl\/en\/wp-json\/wp\/v2\/product_cat?post=14435"},{"taxonomy":"product_tag","embeddable":true,"href":"https:\/\/motywkadence.hastan.pl\/en\/wp-json\/wp\/v2\/product_tag?post=14435"}],"curies":[{"name":"wp","href":"https:\/\/api.w.org\/{rel}","templated":true}]}}