{"id":14086,"date":"2024-11-29T12:42:11","date_gmt":"2024-11-29T11:42:11","guid":{"rendered":"https:\/\/hastan.pl\/?post_type=product&#038;p=14086"},"modified":"2025-11-25T16:27:27","modified_gmt":"2025-11-25T15:27:27","slug":"damskie-jeansy-z-recyklingu-slouchy","status":"publish","type":"product","link":"https:\/\/motywkadence.hastan.pl\/en\/product\/damskie-jeansy-z-recyklingu-slouchy\/","title":{"rendered":"Damskie jeansy z recyklingu SLOUCHY"},"content":{"rendered":"<p>Klasyczne, damskie z jeansy o kroju slouchy. Spodnie z wysokim stanem, gumk\u0105 w pasie z ty\u0142u. Nogawka poszerzana na biodrach i udach, zw\u0119\u017caj\u0105 si\u0119 ku do\u0142owi.<br \/>\nObszerny kr\u00f3j zapewnia wygod\u0119 i swobod\u0119 ruch\u00f3w. Tkanina pochodzi z recyklingu:\u00a0 \u015bwietnie poradzi sobie w skale i b\u0119dzie dobrze wygl\u0105da\u0107 w codziennych stylizacjach.<\/p>\n<p>Pies uparcie wchodzi\u0142 w kadr \ud83d\ude42<\/p>\n<p>Nasza rada:<\/p>\n<p><span style=\"color: #339966;\">Zmierz si\u0119 i por\u00f3wnaj z tabelk\u0105 przed zakupem.<\/span><\/p>\n<p>Why is it worth:<\/p>\n<ul>\n<li>4 Large and convenient pockets<\/li>\n<li>Guma\u00a0 w pasie<\/li>\n<li>W ca\u0142o\u015bci zaprojektowane i uszyte w Polsce<\/li>\n<li>Dodatki :\u00a0 metki, guzik, zamek wszystko zrobione lokalnie w okolicy \u0141odzi<\/li>\n<\/ul>\n<p>Co wi\u0119cej?<\/p>\n<p>Spodnie wsp\u00f3\u0142pracuj\u0105 z uprz\u0119\u017c\u0105 i zapewniaj\u0105 dost\u0119p do kieszeni. Wysy\u0142k\u0119 otrzymasz w tekturowym pude\u0142ku, a w nim bawe\u0142niany worek z r\u0119cznie stemplowanym logo Hastan oraz swoje Dzikie Gacie. Masz tak\u017ce mo\u017cliwo\u015b\u0107 zwrotu w ci\u0105gu 30 dni oraz mo\u017cliwo\u015b\u0107 bezp\u0142atnej naprawy spodni.<\/p>\n<p>Ma\u0142o?<\/p>\n<p>Hastan tworzymy my: Jagoda i Kamil. Staramy si\u0119 robi\u0107 co\u015b wi\u0119cej: ka\u017cda para Dzikich Gaci podpisana jest metk\u0105 osoby, kt\u00f3ra je uszy\u0142a. To wa\u017cne, by podkre\u015bli\u0107 jak wa\u017cny w ca\u0142ym procesie tworzenia jest dla nas cz\u0142owiek. Szyjemy tylko w Polsce i znamy wszystkich osobi\u015bcie, znamy warunki pracy pa\u0144 szyj\u0105cych. Pracujemy bezpo\u015brednio ze szwalniami i polskimi tw\u00f3rcami haft\u00f3w, nadruk\u00f3w, metek, sznurk\u00f3w, guzik\u00f3w, zamk\u00f3w i opakowa\u0144. Wszystko co robimy, robimy ekologicznie. Wspieramy m\u0142odych wspinaczy w projekcie #LokalneKoksy, a tak\u017ce zawody i imprezy na \u015bciankach wspinaczkowych nagrodami i voucherami. Lubimy to co robimy.<\/p>\n<p>&nbsp;<\/p>\n<p>&nbsp;<\/p>\n<p>Composition:<br \/>\nCotton 100%<\/p>\n<table style=\"height: 371px;\" width=\"835\">\n<tbody>\n<tr>\n<td style=\"text-align: center;\" colspan=\"7\" width=\"504\"><strong>Spodnie damskie &#8211; jeansy slouchy<\/strong><\/td>\n<\/tr>\n<tr>\n<td width=\"121\"><\/td>\n<td style=\"text-align: center;\" width=\"121\">XS\/S<\/td>\n<td style=\"text-align: center;\" width=\"121\">M\/L<\/td>\n<td style=\"text-align: center;\" width=\"121\"><\/td>\n<td style=\"text-align: center;\" width=\"121\"><\/td>\n<td style=\"text-align: center;\" width=\"121\"><\/td>\n<td style=\"text-align: center;\" width=\"121\"><\/td>\n<\/tr>\n<tr>\n<td width=\"121\"><strong>Waist circumference*<\/strong><\/td>\n<td style=\"text-align: center;\" width=\"121\">64\/80<\/td>\n<td style=\"text-align: center;\" width=\"121\">67\/86<\/td>\n<td style=\"text-align: center;\" width=\"121\"><\/td>\n<td style=\"text-align: center;\" width=\"121\"><\/td>\n<td style=\"text-align: center;\" width=\"121\"><\/td>\n<td style=\"text-align: center;\" width=\"121\"><\/td>\n<\/tr>\n<tr>\n<td width=\"121\"><strong>Hips circumference<\/strong><\/td>\n<td style=\"text-align: center;\" width=\"121\">110<\/td>\n<td style=\"text-align: center;\" width=\"121\">120<\/td>\n<td style=\"text-align: center;\" width=\"121\"><\/td>\n<td style=\"text-align: center;\" width=\"121\"><\/td>\n<td style=\"text-align: center;\" width=\"121\"><\/td>\n<td style=\"text-align: center;\" width=\"121\"><\/td>\n<\/tr>\n<tr>\n<td width=\"121\"><strong>Length in the crotch<\/strong><\/td>\n<td style=\"text-align: center;\" width=\"121\">71<\/td>\n<td style=\"text-align: center;\" width=\"121\">70<\/td>\n<td style=\"text-align: center;\" width=\"121\"><\/td>\n<td style=\"text-align: center;\" width=\"121\"><\/td>\n<td style=\"text-align: center;\" width=\"121\"><\/td>\n<td style=\"text-align: center;\" width=\"121\"><\/td>\n<\/tr>\n<tr>\n<td width=\"121\"><strong>Total length<\/strong><\/td>\n<td style=\"text-align: center;\" width=\"121\">100<\/td>\n<td style=\"text-align: center;\" width=\"121\">98<\/td>\n<td style=\"text-align: center;\" width=\"121\"><\/td>\n<td style=\"text-align: center;\" width=\"121\"><\/td>\n<td style=\"text-align: center;\" width=\"121\"><\/td>\n<td style=\"text-align: center;\" width=\"121\"><\/td>\n<\/tr>\n<tr>\n<td width=\"121\"><\/td>\n<td style=\"text-align: center;\" width=\"121\"><\/td>\n<td style=\"text-align: center;\" width=\"121\"><\/td>\n<td style=\"text-align: center;\" width=\"121\"><\/td>\n<td style=\"text-align: center;\" width=\"121\"><\/td>\n<td style=\"text-align: center;\" width=\"121\"><\/td>\n<td style=\"text-align: center;\" width=\"121\"><\/td>\n<\/tr>\n<\/tbody>\n<\/table>\n<p>* flat without stretching \/ stretched<\/p>\n<p>&nbsp;<\/p>","protected":false},"excerpt":{"rendered":"<p>Klasyczne jeansy damskie slouchy uszyte<br \/>\nz tkaniny z recyklingu w Polsce.<\/p>","protected":false},"featured_media":14095,"comment_status":"open","ping_status":"closed","template":"","meta":{"_kadence_starter_templates_imported_post":false,"_kad_post_transparent":"","_kad_post_title":"","_kad_post_layout":"","_kad_post_sidebar_id":"","_kad_post_content_style":"","_kad_post_vertical_padding":"","_kad_post_feature":"","_kad_post_feature_position":"","_kad_post_header":false,"_kad_post_footer":false},"product_brand":[],"product_cat":[376,373,374],"product_tag":[],"class_list":{"0":"post-14086","1":"product","2":"type-product","3":"status-publish","4":"has-post-thumbnail","6":"product_cat-dol-wspinanie-ona","7":"product_cat-ona","8":"product_cat-wspinanie-ona","9":"pa_rozmiar-l","10":"pa_rozmiar-m","11":"pa_rozmiar-m-long","12":"pa_rozmiar-m-l","13":"pa_rozmiar-s","14":"pa_rozmiar-s-long","15":"pa_rozmiar-xs","16":"pa_rozmiar-xs-s","18":"first","19":"instock","20":"taxable","21":"shipping-taxable","22":"purchasable","23":"product-type-variable","24":"entry","25":"content-bg","26":"loop-entry"},"jetpack_sharing_enabled":true,"_links":{"self":[{"href":"https:\/\/motywkadence.hastan.pl\/en\/wp-json\/wp\/v2\/product\/14086","targetHints":{"allow":["GET"]}}],"collection":[{"href":"https:\/\/motywkadence.hastan.pl\/en\/wp-json\/wp\/v2\/product"}],"about":[{"href":"https:\/\/motywkadence.hastan.pl\/en\/wp-json\/wp\/v2\/types\/product"}],"replies":[{"embeddable":true,"href":"https:\/\/motywkadence.hastan.pl\/en\/wp-json\/wp\/v2\/comments?post=14086"}],"wp:featuredmedia":[{"embeddable":true,"href":"https:\/\/motywkadence.hastan.pl\/en\/wp-json\/wp\/v2\/media\/14095"}],"wp:attachment":[{"href":"https:\/\/motywkadence.hastan.pl\/en\/wp-json\/wp\/v2\/media?parent=14086"}],"wp:term":[{"taxonomy":"product_brand","embeddable":true,"href":"https:\/\/motywkadence.hastan.pl\/en\/wp-json\/wp\/v2\/product_brand?post=14086"},{"taxonomy":"product_cat","embeddable":true,"href":"https:\/\/motywkadence.hastan.pl\/en\/wp-json\/wp\/v2\/product_cat?post=14086"},{"taxonomy":"product_tag","embeddable":true,"href":"https:\/\/motywkadence.hastan.pl\/en\/wp-json\/wp\/v2\/product_tag?post=14086"}],"curies":[{"name":"wp","href":"https:\/\/api.w.org\/{rel}","templated":true}]}}