{"id":14035,"date":"2024-12-12T12:05:05","date_gmt":"2024-12-12T11:05:05","guid":{"rendered":"https:\/\/hastan.pl\/?post_type=product&#038;p=14035"},"modified":"2025-04-07T12:39:47","modified_gmt":"2025-04-07T10:39:47","slug":"sherpa-merino-damska","status":"publish","type":"product","link":"https:\/\/motywkadence.hastan.pl\/en\/product\/sherpa-merino-damska\/","title":{"rendered":"Sherpa Merino damska"},"content":{"rendered":"<p><strong>UWAGA! KOLEKCJA TURBO LIMITOWANA!<\/strong><\/p>\n<p>Mamy j\u0105! Polar, baranek, bluza &#8211; z we\u0142ny merinos\u00f3w. Najlepsze co mo\u017cesz zrobi\u0107, to zadba\u0107 o siebie w naturalny spos\u00f3b.<\/p>\n<p><strong>WYJ\u0104TKOWO\u015a\u0106 BLUZY SHERPA MERINO:<\/strong><\/p>\n<p>Po pierwsze &#8211; baranek jest ze 100%\u00a0 <span style=\"color: #993366;\">we\u0142ny merino<\/span>, kt\u00f3ra posiada deklaracj\u0119 &#8222;Mulesing free&#8221;, czyli zosta\u0142a pozyskana bez cierpienia owiec.<br \/>\nJest to czesana we\u0142na w runie i ma wysoko\u015b\u0107 8mm, zwana cz\u0119sto &#8222;barankiem teddy&#8221;.<\/p>\n<p>Dlaczego merino? To kr\u00f3lowa materia\u0142\u00f3w. Jest naturalna, przyjazna sk\u00f3rze i alergikom, zapewnia termoizolacyjno\u015b\u0107, oddycha i jest antybakteryjna (dzi\u0119ki zawartej w sobie lanolinie), ma zdolno\u015b\u0107 do absorpcji i odparowywania wilgoci. Nie poch\u0142ania zapach\u00f3w, wi\u0119c nie trzeba jej cz\u0119sto pra\u0107, wystarczy jej wietrzenie w wilgotnych pomieszczeniach. Nie pilinguje si\u0119 ani nie wypycha, przyjemnie otula i sprawia, \u017ce czujesz si\u0119 wyj\u0105tkowo. Schnie szybko i jest leciutka. Od polar\u00f3w poliestrowych r\u00f3\u017cni si\u0119 w\u0142a\u015bciwie wszystkim.\u00a0Je\u015bli zadbasz o ni\u0105 prawid\u0142owo &#8211; pos\u0142u\u017cy Ci bardzo d\u0142ugo.<\/p>\n<p>Po drugie &#8211; kolorowe wstawki to <span style=\"color: #993366;\">tkanina nepalska<\/span>, pochodz\u0105ca z tradycyjnej, r\u0119cznej produkcji na kro\u015bnie. \u00a0Dostawca prowadzi przedsi\u0119biorstwo spo\u0142eczne zatrudniaj\u0105ce oko\u0142o 18 pracownik\u00f3w, kt\u00f3re \u0142\u0105czy prawie wszystkich producent\u00f3w w\u0142\u00f3kien naturalnych w Nepalu.\u00a0 Powstaj\u0105 wi\u0119c ekologiczne tkaniny, kt\u00f3re s\u0105 wytwarzane r\u0119cznie z odnawialnych i zasadniczo organicznych zasob\u00f3w. Firma chce tworzy\u0107 zielone miejsca pracy na poziomie lokalnym i zapewni\u0107 byt miejscowej ludno\u015bci.<\/p>\n<p><strong>INNE WYJ\u0104TKOWO\u015aCI:<\/strong><\/p>\n<ul>\n<li>Bluza uszyta z najwy\u017csz\u0105 staranno\u015bci\u0105 w \u0142\u00f3dzkiej szwalni<\/li>\n<li>Dopracowany i wygodny kr\u00f3j<\/li>\n<li>Wysoka st\u00f3jka chroni\u0105ca szyj\u0119 i kark przed ch\u0142odem<\/li>\n<li>Pojemne i zamykane na zamek kieszenie boczne<\/li>\n<li>Metki wykonane z ekosk\u00f3ry oraz bawe\u0142ny<\/li>\n<li>Zapakowane w bawe\u0142niany worek lub bibu\u0142\u0119<\/li>\n<li>Wysy\u0142ane w kartonie z tektury<\/li>\n<li>Papierowa metka zawiera nasiona kwiat\u00f3w &#8211; w\u0142\u00f3\u017c j\u0105 do doniczki i podlewaj<\/li>\n<\/ul>\n<p><strong>COMPOSITION<\/strong><br \/>\n100% we\u0142na merino mulesing free, gramatura 450g<br \/>\nwstawki 100% r\u0119cznie tkana bawe\u0142na nepalska<br \/>\nkieszenie w \u015brodku 100% bawe\u0142na<\/p>\n<p>Zuza ma na sobie rozmiar S\/M<\/p>\n<p><strong>WYMIARY BLUZY<\/strong><\/p>\n<p><strong>XS\/S<\/strong><br \/>\nD\u0142ugo\u015b\u0107 ca\u0142kowita 63 cm<br \/>\nD\u0142ugo\u015b\u0107 ramion od barku 60 cm<br \/>\nObw\u00f3d w klatce pod pachami 108 cm<\/p>\n<p><strong>S\/M<\/strong><br \/>\nD\u0142ugo\u015b\u0107 ca\u0142kowita 65 cm<br \/>\nD\u0142ugo\u015b\u0107 ramion od barku 62 cm<br \/>\nObw\u00f3d w klatce pod pachami 112 cm<\/p>\n<p><strong>M\/L<\/strong><br \/>\nD\u0142ugo\u015b\u0107 ca\u0142kowita 67 cm<br \/>\nD\u0142ugo\u015b\u0107 ramion od barku 64 cm<br \/>\nObw\u00f3d w klatce pod pachami 116 cm<\/p>\n<p><strong>JAK DBA\u0106:\u00a0<\/strong><br \/>\nPierz w delikatnych detergentach, przeznaczonych do prania we\u0142ny (Sonett), w temperaturze 30 stopni, najlepiej r\u0119cznie, je\u015bli w pralce, ustaw program na pranie we\u0142ny. Nie susz w suszarce b\u0119bnowej, <strong>susz na p\u0142asko.\u00a0<\/strong>Cz\u0119\u015bciej wietrz, mniej pierz.<\/p>\n<p><strong><span style=\"color: #993366;\">Bluza SHERPA MERINO to nasz manifest naturalno\u015bci, zadbania o siebie i o \u015brodowisko naturalne. To wa\u017cny wyb\u00f3r: nie doprowadzili\u015bmy do wyprodukowania kolejnych kilogram\u00f3w plastiku, kt\u00f3ry przera\u017ca na wysypiskach \u015bmieci i w zdecydowanej wi\u0119kszo\u015bci nigdy nie ulega biodegradacji.\u00a0 W por\u00f3wnaniu z poliestrem, jaki w 90% znajdziecie w bluzach typu polar, nasza we\u0142niana bluza jest biodegradowalna &#8211; w rok po utylizacji nie ma po niej \u015bladu.<\/span><\/strong><\/p>\n<p>&nbsp;<\/p>\n<p>&nbsp;<\/p>\n<p>&nbsp;<\/p>\n<p>&nbsp;<\/p>","protected":false},"excerpt":{"rendered":"<p><strong>Bluza Sherpa wykonana ze 100% we\u0142ny merino<\/strong><br \/>\n<strong>oraz 100%\u00a0 r\u0119cznie tkanej<\/strong>\u00a0<strong>bawe\u0142ny<\/strong><strong> w Nepalu<\/strong><\/p>\n<p>&nbsp;<\/p>","protected":false},"featured_media":14198,"comment_status":"open","ping_status":"closed","template":"","meta":{"_kadence_starter_templates_imported_post":false,"_kad_post_transparent":"","_kad_post_title":"","_kad_post_layout":"","_kad_post_sidebar_id":"","_kad_post_content_style":"","_kad_post_vertical_padding":"","_kad_post_feature":"","_kad_post_feature_position":"","_kad_post_header":false,"_kad_post_footer":false},"product_brand":[],"product_cat":[308,82,309,164],"product_tag":[],"class_list":{"0":"post-14035","1":"product","2":"type-product","3":"status-publish","4":"has-post-thumbnail","6":"product_cat-merino","7":"product_cat-nowosci","8":"product_cat-merino-damskie","9":"product_cat-damskie-nowosci","10":"pa_rozmiar-l-xl","11":"pa_rozmiar-m-l","12":"pa_rozmiar-s-m","13":"pa_rozmiar-xs-s","15":"first","16":"outofstock","17":"taxable","18":"shipping-taxable","19":"product-type-variable","20":"entry","21":"content-bg","22":"loop-entry"},"jetpack_sharing_enabled":true,"_links":{"self":[{"href":"https:\/\/motywkadence.hastan.pl\/en\/wp-json\/wp\/v2\/product\/14035","targetHints":{"allow":["GET"]}}],"collection":[{"href":"https:\/\/motywkadence.hastan.pl\/en\/wp-json\/wp\/v2\/product"}],"about":[{"href":"https:\/\/motywkadence.hastan.pl\/en\/wp-json\/wp\/v2\/types\/product"}],"replies":[{"embeddable":true,"href":"https:\/\/motywkadence.hastan.pl\/en\/wp-json\/wp\/v2\/comments?post=14035"}],"wp:featuredmedia":[{"embeddable":true,"href":"https:\/\/motywkadence.hastan.pl\/en\/wp-json\/wp\/v2\/media\/14198"}],"wp:attachment":[{"href":"https:\/\/motywkadence.hastan.pl\/en\/wp-json\/wp\/v2\/media?parent=14035"}],"wp:term":[{"taxonomy":"product_brand","embeddable":true,"href":"https:\/\/motywkadence.hastan.pl\/en\/wp-json\/wp\/v2\/product_brand?post=14035"},{"taxonomy":"product_cat","embeddable":true,"href":"https:\/\/motywkadence.hastan.pl\/en\/wp-json\/wp\/v2\/product_cat?post=14035"},{"taxonomy":"product_tag","embeddable":true,"href":"https:\/\/motywkadence.hastan.pl\/en\/wp-json\/wp\/v2\/product_tag?post=14035"}],"curies":[{"name":"wp","href":"https:\/\/api.w.org\/{rel}","templated":true}]}}