{"id":13715,"date":"2024-04-24T10:53:13","date_gmt":"2024-04-24T08:53:13","guid":{"rendered":"https:\/\/hastan.pl\/?post_type=product&#038;p=13715"},"modified":"2025-11-25T16:28:08","modified_gmt":"2025-11-25T15:28:08","slug":"spodnie-wspinaczkowe-damskie-groszki","status":"publish","type":"product","link":"https:\/\/motywkadence.hastan.pl\/en\/product\/spodnie-wspinaczkowe-damskie-groszki\/","title":{"rendered":"Spodnie Wspinaczkowe Damskie Groszki"},"content":{"rendered":"<p>Jedyne w swoim rodzaju spodnie w Waszym ulubionym mi\u0119towym kolorze w groszkowe wzory. Retro powraca \ud83d\ude09 Uszyli\u015bmy je z delikatnej bawe\u0142ny z dodatkiem elastanu.<\/p>\n<p>S\u0105 na tyle uniwersalne, \u017ce mo\u017cesz si\u0119 w nich wspina\u0107, nosi\u0107 do pracy\u00a0 i gdziekolwiek chcesz. \u015awietnie wygl\u0105daj\u0105 z kr\u00f3tkimi topami i oversizowym bluzami. Pasuj\u0105 do but\u00f3w sportowych, ale te\u017c botk\u00f3w, traper\u00f3w czy letnich odkrytych but\u00f3w.<\/p>\n<p>Dlaczego warto?<\/p>\n<ul>\n<li>Maj\u0105 klin w kroku<\/li>\n<li>Maj\u0105 4 wygodne kieszenie<\/li>\n<li>\u0141atwo je dopasowa\u0107 dzi\u0119ki gumie w pasie<\/li>\n<li>Zapinane na zamek i guzik<\/li>\n<li>No irritating labels inside<\/li>\n<li>Entirely designed and sewn in \u0141\u00f3d\u017a<\/li>\n<\/ul>\n<p>Co wi\u0119cej?<\/p>\n<p>Tkanina przebadana na szkodliwe substancje, posiada certyfikat OEKO &#8211; TEX STANDARD 100.<br \/>\nWysy\u0142k\u0119 otrzymasz w tekturowym pude\u0142ku, a w nim bawe\u0142niany worek z r\u0119cznie stemplowanym logo Hastan oraz swoje Dzikie Gacie. Masz tak\u017ce mo\u017cliwo\u015b\u0107 zwrotu w ci\u0105gu 30 dni oraz mo\u017cliwo\u015b\u0107 bezp\u0142atnej naprawy spodni.<\/p>\n<p>Ma\u0142o?<\/p>\n<p>Hastan tworzymy my: Jagoda i Kamil. Staramy si\u0119 robi\u0107 co\u015b wi\u0119cej: ka\u017cda para Dzikich Gaci podpisana jest metk\u0105 osoby, kt\u00f3ra je uszy\u0142a. To wa\u017cne, by podkre\u015bli\u0107 jak wa\u017cny w ca\u0142ym procesie tworzenia jest dla nas cz\u0142owiek. Szyjemy tylko w \u0141odzi i znamy wszystkich osobi\u015bcie, znamy warunki pracy pa\u0144 szyj\u0105cych. Pracujemy bezpo\u015brednio ze szwalniami i polskimi tw\u00f3rcami haft\u00f3w, nadruk\u00f3w, metek, sznurk\u00f3w, guzik\u00f3w, zamk\u00f3w i opakowa\u0144. Wszystko co robimy, robimy ekologicznie. Wspieramy m\u0142odych wspinaczy w projekcie #LokalneKoksy, a tak\u017ce zawody i imprezy na \u015bciankach wspinaczkowych nagrodami i voucherami. Lubimy to co robimy.<\/p>\n<table style=\"height: 373px;\" width=\"853\">\n<tbody>\n<tr>\n<td style=\"text-align: center;\" colspan=\"7\" width=\"504\"><strong>Spodnie damskie &#8211; Groszki<\/strong><\/td>\n<\/tr>\n<tr>\n<td width=\"121\"><\/td>\n<td style=\"text-align: center;\" width=\"121\">XS<\/td>\n<td style=\"text-align: center;\" width=\"121\">S<\/td>\n<td style=\"text-align: center;\" width=\"121\">M<\/td>\n<td style=\"text-align: center;\" width=\"121\">L<\/td>\n<\/tr>\n<tr>\n<td width=\"121\"><strong>Waist circumference*<\/strong><\/td>\n<td style=\"text-align: center;\" width=\"121\">52\/86<\/td>\n<td style=\"text-align: center;\" width=\"121\">56\/98<\/td>\n<td style=\"text-align: center;\" width=\"121\">60\/100<\/td>\n<td style=\"text-align: center;\" width=\"121\">64\/106<\/td>\n<\/tr>\n<tr>\n<td width=\"121\"><strong>Hips circumference<\/strong><\/td>\n<td style=\"text-align: center;\" width=\"121\">96<\/td>\n<td style=\"text-align: center;\" width=\"121\">104<\/td>\n<td style=\"text-align: center;\" width=\"121\">108<\/td>\n<td style=\"text-align: center;\" width=\"121\">112<\/td>\n<\/tr>\n<tr>\n<td width=\"121\"><strong>Thigh circumference<\/strong><\/td>\n<td style=\"text-align: center;\" width=\"121\">58<\/td>\n<td style=\"text-align: center;\" width=\"121\">60<\/td>\n<td style=\"text-align: center;\" width=\"121\">62<\/td>\n<td style=\"text-align: center;\" width=\"121\">64<\/td>\n<\/tr>\n<tr>\n<td width=\"121\"><strong>Length in the crotch<\/strong><\/td>\n<td style=\"text-align: center;\" width=\"121\">76<\/td>\n<td style=\"text-align: center;\" width=\"121\">77<\/td>\n<td style=\"text-align: center;\" width=\"121\">78<\/td>\n<td style=\"text-align: center;\" width=\"121\">79<\/td>\n<\/tr>\n<tr>\n<td width=\"121\"><strong>Total length<\/strong><\/td>\n<td style=\"text-align: center;\" width=\"121\">97<\/td>\n<td style=\"text-align: center;\" width=\"121\">98<\/td>\n<td style=\"text-align: center;\" width=\"121\">99<\/td>\n<td style=\"text-align: center;\" width=\"121\">100<\/td>\n<\/tr>\n<\/tbody>\n<\/table>\n<p>COMPOSITION<\/p>\n<p>Composition:<br \/>\nCotton 98%<br \/>\nElastane 2%<\/p>\n<p>&nbsp;<\/p>\n<p>* flat without stretching \/ stretched<\/p>\n<p>&nbsp;<\/p>\n<p>See other models of climbing pants from the latest collection:<\/p>\n<ul>\n<li><a href=\"https:\/\/motywkadence.hastan.pl\/en\/product\/spodnie-wspinaczkowe-damskie-czarnodzieje\/\">Climbing pants for women Czarnodzieje<\/a><\/li>\n<li><a href=\"https:\/\/motywkadence.hastan.pl\/en\/product\/spodnie-wspinaczkowe-damskie-laciuchy\/\">Climbing pants for women \u0141aciuchy<\/a><\/li>\n<\/ul>\n<p>What about the top? Climbing sweatshirts will be perfect for autumn chill:<\/p>\n<ul>\n<li><a href=\"https:\/\/motywkadence.hastan.pl\/en\/product\/bluza-lila-las-unisex\/\">Lila Las climbing sweatshirt<\/a><\/li>\n<li><a href=\"https:\/\/motywkadence.hastan.pl\/en\/produkt\/bluza-miod-zwierzyna-unisex\/\">Honey Game Climbing Sweatshirt<\/a><\/li>\n<\/ul>","protected":false},"excerpt":{"rendered":"<p>Retro gacie do wspinania<\/p>","protected":false},"featured_media":13720,"comment_status":"open","ping_status":"closed","template":"","meta":{"_kadence_starter_templates_imported_post":false,"_kad_post_transparent":"","_kad_post_title":"","_kad_post_layout":"","_kad_post_sidebar_id":"","_kad_post_content_style":"","_kad_post_vertical_padding":"","_kad_post_feature":"","_kad_post_feature_position":"","_kad_post_header":false,"_kad_post_footer":false},"product_brand":[],"product_cat":[376,373,374,38,81,153,154],"product_tag":[],"class_list":{"0":"post-13715","1":"product","2":"type-product","3":"status-publish","4":"has-post-thumbnail","6":"product_cat-dol-wspinanie-ona","7":"product_cat-ona","8":"product_cat-wspinanie-ona","9":"product_cat-damskie","10":"product_cat-promocja","11":"product_cat-damskie-promocja","12":"product_cat-spodnie-wspinaczkowe-dlugie","13":"pa_rozmiar-l","14":"pa_rozmiar-m","15":"pa_rozmiar-m-long","16":"pa_rozmiar-s","17":"pa_rozmiar-s-long","18":"pa_rozmiar-xs","20":"first","21":"instock","22":"taxable","23":"shipping-taxable","24":"purchasable","25":"product-type-variable","26":"entry","27":"content-bg","28":"loop-entry"},"jetpack_sharing_enabled":true,"_links":{"self":[{"href":"https:\/\/motywkadence.hastan.pl\/en\/wp-json\/wp\/v2\/product\/13715","targetHints":{"allow":["GET"]}}],"collection":[{"href":"https:\/\/motywkadence.hastan.pl\/en\/wp-json\/wp\/v2\/product"}],"about":[{"href":"https:\/\/motywkadence.hastan.pl\/en\/wp-json\/wp\/v2\/types\/product"}],"replies":[{"embeddable":true,"href":"https:\/\/motywkadence.hastan.pl\/en\/wp-json\/wp\/v2\/comments?post=13715"}],"wp:featuredmedia":[{"embeddable":true,"href":"https:\/\/motywkadence.hastan.pl\/en\/wp-json\/wp\/v2\/media\/13720"}],"wp:attachment":[{"href":"https:\/\/motywkadence.hastan.pl\/en\/wp-json\/wp\/v2\/media?parent=13715"}],"wp:term":[{"taxonomy":"product_brand","embeddable":true,"href":"https:\/\/motywkadence.hastan.pl\/en\/wp-json\/wp\/v2\/product_brand?post=13715"},{"taxonomy":"product_cat","embeddable":true,"href":"https:\/\/motywkadence.hastan.pl\/en\/wp-json\/wp\/v2\/product_cat?post=13715"},{"taxonomy":"product_tag","embeddable":true,"href":"https:\/\/motywkadence.hastan.pl\/en\/wp-json\/wp\/v2\/product_tag?post=13715"}],"curies":[{"name":"wp","href":"https:\/\/api.w.org\/{rel}","templated":true}]}}