{"id":13500,"date":"2024-03-07T16:57:17","date_gmt":"2024-03-07T15:57:17","guid":{"rendered":"https:\/\/hastan.pl\/?post_type=product&#038;p=13500"},"modified":"2025-02-13T13:00:03","modified_gmt":"2025-02-13T12:00:03","slug":"spodnie-sportina","status":"publish","type":"product","link":"https:\/\/motywkadence.hastan.pl\/en\/product\/spodnie-sportina\/","title":{"rendered":"Spodnie Sportina"},"content":{"rendered":"<p>Lekkie spodnie do restu, jogi albo joggingu. NIE DO WSPINANIA.<\/p>\n<p>S\u0105 lekkie, przewiewne i elastyczne, idealne na lato. Ich sportowy kr\u00f3j w po\u0142\u0105czeniu ze szlachetn\u0105 tkanin\u0105 da\u0142y bardzo dobry projekt ekologicznych spodni. Lyocell i wiskoza to materia\u0142 idealny dla alergik\u00f3w, nie powoduje podra\u017cnie\u0144, ma super w\u0142a\u015bciwo\u015bci oddychaj\u0105ce. Najciekawsze w tej tkaninie jest to, \u017ce lyocell w zimie grzeje, a w lecie ch\u0142odzi.<\/p>\n<p>Why is it worth:<\/p>\n<ul>\n<li>Ekologiczna tkanina z mieszanki lyocellu, wiskozy i elastanu<\/li>\n<li>Wedge in step<\/li>\n<li>2 Du\u017ce i wygodne kieszenie<\/li>\n<li>Guma w pasie i nogawkach<\/li>\n<li>Entirely designed and sewn in \u0141\u00f3d\u017a<\/li>\n<\/ul>\n<p>Jak o nie dba\u0107?<\/p>\n<ul>\n<li>Pierz je PO LEWEJ STRONIE w 30 st.<\/li>\n<li>Prasuj te\u017c PO LEWEJ STRONIE w 110 st<\/li>\n<li>Mo\u017cesz czy\u015bci\u0107 chemicznie<\/li>\n<li>Nie susz w suszarce b\u0119bnowej<\/li>\n<li>Nie wybielaj<\/li>\n<\/ul>\n<p>Co wi\u0119cej?<\/p>\n<p>Tkanina z Holandii przebadana na szkodliwe substancje, posiada certyfikat OEKO \u2013 TEX STANDARD 100.<br \/>\nWysy\u0142k\u0119 otrzymasz w tekturowym pude\u0142ku, a w nim bawe\u0142niany worek z r\u0119cznie stemplowanym logo Hastan oraz swoje Dzikie Gacie. Masz tak\u017ce mo\u017cliwo\u015b\u0107 zwrotu w ci\u0105gu 30 dni oraz mo\u017cliwo\u015b\u0107 bezp\u0142atnej naprawy spodni.<\/p>\n<p>Ma\u0142o?<\/p>\n<p>Hastan tworzymy my: Jagoda i Kamil. Staramy si\u0119 robi\u0107 co\u015b wi\u0119cej: ka\u017cda para Dzikich Gaci podpisana jest metk\u0105 osoby, kt\u00f3ra je uszy\u0142a. To wa\u017cne, by podkre\u015bli\u0107 jak wa\u017cny w ca\u0142ym procesie tworzenia jest dla nas cz\u0142owiek. Szyjemy tylko w \u0141odzi i znamy wszystkich osobi\u015bcie, znamy warunki pracy pa\u0144 szyj\u0105cych. Pracujemy bezpo\u015brednio ze szwalniami i polskimi tw\u00f3rcami haft\u00f3w, nadruk\u00f3w, metek, sznurk\u00f3w, guzik\u00f3w, zamk\u00f3w i opakowa\u0144. Wszystko co robimy, robimy ekologicznie. Wspieramy m\u0142odych wspinaczy w projekcie #LokalneKoksy, a tak\u017ce zawody i imprezy na \u015bciankach wspinaczkowych nagrodami i voucherami. Lubimy to co robimy.<\/p>\n<p>Composition:<br \/>\nLyocell 63%<br \/>\nWiskoza 35%<br \/>\nElastane 2%<\/p>\n<p>&nbsp;<\/p>\n<table>\n<tbody>\n<tr>\n<td style=\"text-align: center;\" colspan=\"5\" width=\"604\"><strong>Spodnie Damskie &#8211; Sportina<\/strong><\/td>\n<\/tr>\n<tr>\n<td width=\"121\"><\/td>\n<td style=\"text-align: center;\" width=\"121\">XS<\/td>\n<td style=\"text-align: center;\" width=\"121\">S<\/td>\n<td style=\"text-align: center;\" width=\"121\">M<\/td>\n<td style=\"text-align: center;\" width=\"121\">L<\/td>\n<\/tr>\n<tr>\n<td width=\"121\"><strong>Waist circumference*<\/strong><\/td>\n<td style=\"text-align: center;\" width=\"121\">50\/90<\/td>\n<td style=\"text-align: center;\" width=\"121\">53\/94<\/td>\n<td style=\"text-align: center;\" width=\"121\">60\/100<\/td>\n<td style=\"text-align: center;\" width=\"121\">62\/104<\/td>\n<\/tr>\n<tr>\n<td width=\"121\"><strong>Hips circumference<\/strong><\/td>\n<td style=\"text-align: center;\" width=\"121\">98<\/td>\n<td style=\"text-align: center;\" width=\"121\">100<\/td>\n<td style=\"text-align: center;\" width=\"121\">102<\/td>\n<td style=\"text-align: center;\" width=\"121\">105<\/td>\n<\/tr>\n<tr>\n<td width=\"121\"><strong>Thigh circumference<\/strong><\/td>\n<td style=\"text-align: center;\" width=\"121\">50<\/td>\n<td style=\"text-align: center;\" width=\"121\">51<\/td>\n<td style=\"text-align: center;\" width=\"121\">54<\/td>\n<td style=\"text-align: center;\" width=\"121\">58<\/td>\n<\/tr>\n<tr>\n<td width=\"121\"><strong>Length in the crotch<\/strong><\/td>\n<td style=\"text-align: center;\" width=\"121\">74<\/td>\n<td style=\"text-align: center;\" width=\"121\">76<\/td>\n<td style=\"text-align: center;\" width=\"121\">79<\/td>\n<td style=\"text-align: center;\" width=\"121\">81<\/td>\n<\/tr>\n<tr>\n<td width=\"121\"><strong>Leg length<\/strong><\/td>\n<td style=\"text-align: center;\" width=\"121\">98<\/td>\n<td style=\"text-align: center;\" width=\"121\">100<\/td>\n<td style=\"text-align: center;\" width=\"121\">102<\/td>\n<td style=\"text-align: center;\" width=\"121\">104<\/td>\n<\/tr>\n<\/tbody>\n<\/table>\n<p>* flat without stretching \/ stretched<\/p>\n<p>&nbsp;<\/p>","protected":false},"excerpt":{"rendered":"<p>Ekologiczne spodnie do restu.<\/p>","protected":false},"featured_media":13562,"comment_status":"open","ping_status":"closed","template":"","meta":{"_kadence_starter_templates_imported_post":false,"_kad_post_transparent":"","_kad_post_title":"","_kad_post_layout":"","_kad_post_sidebar_id":"","_kad_post_content_style":"","_kad_post_vertical_padding":"","_kad_post_feature":"","_kad_post_feature_position":"","_kad_post_header":false,"_kad_post_footer":false},"product_brand":[],"product_cat":[38,302,87,138,143],"product_tag":[],"class_list":{"0":"post-13500","1":"product","2":"type-product","3":"status-publish","4":"has-post-thumbnail","6":"product_cat-damskie","7":"product_cat-na-resta","8":"product_cat-spodnie-dlugie-damskie","9":"product_cat-ostatnie-sztuki-damskie","10":"product_cat-ostatnie-sztuki","11":"pa_rozmiar-l","12":"pa_rozmiar-m","13":"pa_rozmiar-m-long","14":"pa_rozmiar-s","15":"pa_rozmiar-s-long","16":"pa_rozmiar-xs","18":"first","19":"instock","20":"taxable","21":"shipping-taxable","22":"purchasable","23":"product-type-variable","24":"entry","25":"content-bg","26":"loop-entry"},"jetpack_sharing_enabled":true,"_links":{"self":[{"href":"https:\/\/motywkadence.hastan.pl\/en\/wp-json\/wp\/v2\/product\/13500","targetHints":{"allow":["GET"]}}],"collection":[{"href":"https:\/\/motywkadence.hastan.pl\/en\/wp-json\/wp\/v2\/product"}],"about":[{"href":"https:\/\/motywkadence.hastan.pl\/en\/wp-json\/wp\/v2\/types\/product"}],"replies":[{"embeddable":true,"href":"https:\/\/motywkadence.hastan.pl\/en\/wp-json\/wp\/v2\/comments?post=13500"}],"wp:featuredmedia":[{"embeddable":true,"href":"https:\/\/motywkadence.hastan.pl\/en\/wp-json\/wp\/v2\/media\/13562"}],"wp:attachment":[{"href":"https:\/\/motywkadence.hastan.pl\/en\/wp-json\/wp\/v2\/media?parent=13500"}],"wp:term":[{"taxonomy":"product_brand","embeddable":true,"href":"https:\/\/motywkadence.hastan.pl\/en\/wp-json\/wp\/v2\/product_brand?post=13500"},{"taxonomy":"product_cat","embeddable":true,"href":"https:\/\/motywkadence.hastan.pl\/en\/wp-json\/wp\/v2\/product_cat?post=13500"},{"taxonomy":"product_tag","embeddable":true,"href":"https:\/\/motywkadence.hastan.pl\/en\/wp-json\/wp\/v2\/product_tag?post=13500"}],"curies":[{"name":"wp","href":"https:\/\/api.w.org\/{rel}","templated":true}]}}