{"id":13209,"date":"2024-01-03T11:48:36","date_gmt":"2024-01-03T10:48:36","guid":{"rendered":"https:\/\/hastan.pl\/?post_type=product&#038;p=13209"},"modified":"2025-05-01T16:31:12","modified_gmt":"2025-05-01T14:31:12","slug":"spodnie-sztruksowe-damskie-relax-zolto-fioletowe","status":"publish","type":"product","link":"https:\/\/motywkadence.hastan.pl\/en\/product\/spodnie-sztruksowe-damskie-relax-zolto-fioletowe\/","title":{"rendered":"Spodnie sztruksowe damskie Relax \u017c\u00f3\u0142to &#8211; fioletowe"},"content":{"rendered":"<p>Witamy na pok\u0142adzie now\u0105 kolekcj\u0119 damskich spodni sztruksowych. S\u0105 dla Ciebie je\u015bli masz do\u015b\u0107 opi\u0119tych i ciasnych spodni.<br \/>\nSpodnie Relax charakteryzuj\u0105 si\u0119 komfortowym i lu\u017anym krojem z du\u017cymi kieszeniami na przednich nogawkach.<br \/>\nS\u0105 \u0142adnie wyprofilowane, nie tworz\u0105 efektu worka. Zapewni\u0105 Ci wysoki komfort i prawdziw\u0105 wygod\u0119 na co dzie\u0144.<\/p>\n<p>Dlaczego warto?<\/p>\n<ul>\n<li>Uszyte z mi\u0119kkiej i elastycznej bawe\u0142ny typu corduroy z elastanem o gramaturze 325g<\/li>\n<li>Maj\u0105 2 wygodne kieszenie z ty\u0142u<\/li>\n<li>2 du\u017ce i pojemne kieszenie z przodu<\/li>\n<li>Elastyczna talia<\/li>\n<li>\u015aci\u0105gacze w nogawkach<\/li>\n<li>Entirely designed and sewn in \u0141\u00f3d\u017a<\/li>\n<\/ul>\n<p>Co wi\u0119cej?<\/p>\n<p>Tkanina z Holandii przebadana na szkodliwe substancje, posiada certyfikat OEKO &#8211; TEX STANDARD 100.<br \/>\nWysy\u0142k\u0119 otrzymasz w tekturowym pude\u0142ku, a w nim bawe\u0142niany worek z r\u0119cznie stemplowanym logo Hastan oraz swoje Dzikie Gacie. Masz tak\u017ce mo\u017cliwo\u015b\u0107 zwrotu w ci\u0105gu 30 dni oraz mo\u017cliwo\u015b\u0107 bezp\u0142atnej naprawy spodni.<\/p>\n<p>Ma\u0142o?<\/p>\n<p>Hastan tworzymy my: Jagoda i Kamil. Staramy si\u0119 robi\u0107 co\u015b wi\u0119cej: ka\u017cda para Dzikich Gaci podpisana jest metk\u0105 osoby, kt\u00f3ra je uszy\u0142a. To wa\u017cne, by podkre\u015bli\u0107 jak wa\u017cny w ca\u0142ym procesie tworzenia jest dla nas cz\u0142owiek. Szyjemy tylko w \u0141odzi i znamy wszystkich osobi\u015bcie, znamy warunki pracy pa\u0144 szyj\u0105cych. Pracujemy bezpo\u015brednio ze szwalniami i polskimi tw\u00f3rcami haft\u00f3w, nadruk\u00f3w, metek, sznurk\u00f3w, guzik\u00f3w, zamk\u00f3w i opakowa\u0144. Wszystko co robimy, robimy ekologicznie. Wspieramy m\u0142odych wspinaczy w projekcie #LokalneKoksy, a tak\u017ce zawody i imprezy na \u015bciankach wspinaczkowych nagrodami i voucherami. Lubimy to co robimy.<\/p>\n<p>&nbsp;<\/p>\n<p>Composition:<br \/>\nBawe\u0142na 97%<br \/>\nElastan 3%<\/p>\n<p>&nbsp;<\/p>\n<table style=\"height: 373px;\" width=\"853\">\n<tbody>\n<tr>\n<td style=\"text-align: center;\" colspan=\"7\" width=\"504\"><strong>Spodnie damskie &#8211; Relax<\/strong><\/td>\n<\/tr>\n<tr>\n<td width=\"121\"><\/td>\n<td style=\"text-align: center;\" width=\"121\">XS<\/td>\n<td style=\"text-align: center;\" width=\"121\">S<\/td>\n<td style=\"text-align: center;\" width=\"121\">M<\/td>\n<td style=\"text-align: center;\" width=\"121\">L<\/td>\n<\/tr>\n<tr>\n<td width=\"121\"><strong>Waist circumference*<\/strong><\/td>\n<td style=\"text-align: center;\" width=\"121\">62\/94<\/td>\n<td style=\"text-align: center;\" width=\"121\">66\/100<\/td>\n<td style=\"text-align: center;\" width=\"121\">68\/104<\/td>\n<td style=\"text-align: center;\" width=\"121\">72\/112<\/td>\n<\/tr>\n<tr>\n<td width=\"121\"><strong>Hips circumference<\/strong><\/td>\n<td style=\"text-align: center;\" width=\"121\">94<\/td>\n<td style=\"text-align: center;\" width=\"121\">98<\/td>\n<td style=\"text-align: center;\" width=\"121\">100<\/td>\n<td style=\"text-align: center;\" width=\"121\">106<\/td>\n<\/tr>\n<tr>\n<td width=\"121\"><strong>Thigh circumference<\/strong><\/td>\n<td style=\"text-align: center;\" width=\"121\">50<\/td>\n<td style=\"text-align: center;\" width=\"121\">52<\/td>\n<td style=\"text-align: center;\" width=\"121\">54<\/td>\n<td style=\"text-align: center;\" width=\"121\">56<\/td>\n<\/tr>\n<tr>\n<td width=\"121\"><strong>Length in the crotch<\/strong><\/td>\n<td style=\"text-align: center;\" width=\"121\">70<\/td>\n<td style=\"text-align: center;\" width=\"121\">72<\/td>\n<td style=\"text-align: center;\" width=\"121\">74<\/td>\n<td style=\"text-align: center;\" width=\"121\">77<\/td>\n<\/tr>\n<tr>\n<td width=\"121\"><strong>Total length<\/strong><\/td>\n<td style=\"text-align: center;\" width=\"121\">94<\/td>\n<td style=\"text-align: center;\" width=\"121\">97<\/td>\n<td style=\"text-align: center;\" width=\"121\">99<\/td>\n<td style=\"text-align: center;\" width=\"121\">101<\/td>\n<\/tr>\n<\/tbody>\n<\/table>\n<p>* flat without stretching \/ stretched<\/p>","protected":false},"excerpt":{"rendered":"<p>Ponadczasowe i wygodne sztruksy w retro kolorach<\/p>","protected":false},"featured_media":13320,"comment_status":"open","ping_status":"closed","template":"","meta":{"_kadence_starter_templates_imported_post":false,"_kad_post_transparent":"","_kad_post_title":"","_kad_post_layout":"","_kad_post_sidebar_id":"","_kad_post_content_style":"","_kad_post_vertical_padding":"","_kad_post_feature":"","_kad_post_feature_position":"","_kad_post_header":false,"_kad_post_footer":false},"product_brand":[],"product_cat":[82,164,38,303,87],"product_tag":[],"class_list":{"0":"post-13209","1":"product","2":"type-product","3":"status-publish","4":"has-post-thumbnail","6":"product_cat-nowosci","7":"product_cat-damskie-nowosci","8":"product_cat-damskie","9":"product_cat-sztruksy-damskie","10":"product_cat-spodnie-dlugie-damskie","11":"pa_rozmiar-l","12":"pa_rozmiar-m","13":"pa_rozmiar-m-long","14":"pa_rozmiar-s","15":"pa_rozmiar-s-long","16":"pa_rozmiar-xs","18":"first","19":"instock","20":"featured","21":"taxable","22":"shipping-taxable","23":"purchasable","24":"product-type-variable","25":"entry","26":"content-bg","27":"loop-entry"},"jetpack_sharing_enabled":true,"_links":{"self":[{"href":"https:\/\/motywkadence.hastan.pl\/en\/wp-json\/wp\/v2\/product\/13209","targetHints":{"allow":["GET"]}}],"collection":[{"href":"https:\/\/motywkadence.hastan.pl\/en\/wp-json\/wp\/v2\/product"}],"about":[{"href":"https:\/\/motywkadence.hastan.pl\/en\/wp-json\/wp\/v2\/types\/product"}],"replies":[{"embeddable":true,"href":"https:\/\/motywkadence.hastan.pl\/en\/wp-json\/wp\/v2\/comments?post=13209"}],"wp:featuredmedia":[{"embeddable":true,"href":"https:\/\/motywkadence.hastan.pl\/en\/wp-json\/wp\/v2\/media\/13320"}],"wp:attachment":[{"href":"https:\/\/motywkadence.hastan.pl\/en\/wp-json\/wp\/v2\/media?parent=13209"}],"wp:term":[{"taxonomy":"product_brand","embeddable":true,"href":"https:\/\/motywkadence.hastan.pl\/en\/wp-json\/wp\/v2\/product_brand?post=13209"},{"taxonomy":"product_cat","embeddable":true,"href":"https:\/\/motywkadence.hastan.pl\/en\/wp-json\/wp\/v2\/product_cat?post=13209"},{"taxonomy":"product_tag","embeddable":true,"href":"https:\/\/motywkadence.hastan.pl\/en\/wp-json\/wp\/v2\/product_tag?post=13209"}],"curies":[{"name":"wp","href":"https:\/\/api.w.org\/{rel}","templated":true}]}}