{"id":12634,"date":"2023-06-26T20:30:36","date_gmt":"2023-06-26T18:30:36","guid":{"rendered":"https:\/\/hastan.pl\/?post_type=product&#038;p=12634"},"modified":"2025-04-26T20:19:29","modified_gmt":"2025-04-26T18:19:29","slug":"spodnie-wspinaczkowe-damskie-puzzle-niebieskie","status":"publish","type":"product","link":"https:\/\/motywkadence.hastan.pl\/en\/product\/spodnie-wspinaczkowe-damskie-puzzle-niebieskie\/","title":{"rendered":"Spodnie Wspinaczkowe Damskie Puzzle Niebieskie"},"content":{"rendered":"<p>The most difficult to sew climbing pants. The seamstresses Ewa, Jola, Krysia, Ma\u0142gosia (each of them leaves a label with their name in their pants) lost a lot of nerves over sewing this mega crazy model \ud83d\ude1b That's why they called them Puzzles<\/p>\n<p>And you can feel very original in them ... after all, Wild Pants are for the brave man!<\/p>\n<p>Extremely strong cotton with the addition of elastane will make the climbing pants endure a lot. Natural fabric that does not cause abrasions or allergic reactions will satisfy the most demanding customer.<\/p>\n<p>The legs of the climbing pants are finished with a delicate elastic band.<\/p>\n<p>Why is it worth:<\/p>\n<ul>\n<li>Natural fabric: cotton with elastane<\/li>\n<li>Crotch gusset (ideal for splits)<\/li>\n<li>Darts in the knees<\/li>\n<li>3 Large and comfortable pockets<\/li>\n<li>Elastic waist and additionally a string with a Hastan logo<\/li>\n<li>Entirely designed and sewn in \u0141\u00f3d\u017a<\/li>\n<li>Accessories: embroidery, tags, button, zipper all made locally in the \u0141\u00f3d\u017a area<\/li>\n<\/ul>\n<p>Yoga not in leggings? Why not! The wedge in the crotch of Hastan climbing pants will make it easier to make splits or other complicated figures.<\/p>\n<p>Works with the harness and provides pocket access.<\/p>\n<p>Pants also look great after climbing. With an ordinary T-shirt, you can boldly go to the city in them.<\/p>\n<p>Packaging - ZERO FOIL - Each climbing pants is packed in a denim bag that you can use in any way. We know from the information from our clients that it will be perfect for quickdraws, climbing shoes, and even crampons \ud83d\ude09<\/p>\n<p>Composition:<br \/>\nCotton 98%<br \/>\nElastane 2%<\/p>\n<table style=\"height: 373px;\" width=\"853\">\n<tbody>\n<tr>\n<td style=\"text-align: center;\" colspan=\"7\" width=\"504\"><strong>Spodnie damskie &#8211; puzzle niebieskie<\/strong><\/td>\n<\/tr>\n<tr>\n<td width=\"121\"><\/td>\n<td style=\"text-align: center;\" width=\"121\">XS<\/td>\n<td style=\"text-align: center;\" width=\"121\">S<\/td>\n<td style=\"text-align: center;\" width=\"121\">M<\/td>\n<td style=\"text-align: center;\" width=\"121\">L<\/td>\n<\/tr>\n<tr>\n<td width=\"121\"><strong>Waist circumference*<\/strong><\/td>\n<td style=\"text-align: center;\" width=\"121\">52\/86<\/td>\n<td style=\"text-align: center;\" width=\"121\">56\/98<\/td>\n<td style=\"text-align: center;\" width=\"121\">60\/100<\/td>\n<td style=\"text-align: center;\" width=\"121\">64\/106<\/td>\n<\/tr>\n<tr>\n<td width=\"121\"><strong>Hips circumference<\/strong><\/td>\n<td style=\"text-align: center;\" width=\"121\">96<\/td>\n<td style=\"text-align: center;\" width=\"121\">104<\/td>\n<td style=\"text-align: center;\" width=\"121\">108<\/td>\n<td style=\"text-align: center;\" width=\"121\">112<\/td>\n<\/tr>\n<tr>\n<td width=\"121\"><strong>Thigh circumference<\/strong><\/td>\n<td style=\"text-align: center;\" width=\"121\">58<\/td>\n<td style=\"text-align: center;\" width=\"121\">60<\/td>\n<td style=\"text-align: center;\" width=\"121\">62<\/td>\n<td style=\"text-align: center;\" width=\"121\">64<\/td>\n<\/tr>\n<tr>\n<td width=\"121\"><strong>Length in the crotch<\/strong><\/td>\n<td style=\"text-align: center;\" width=\"121\">76<\/td>\n<td style=\"text-align: center;\" width=\"121\">77<\/td>\n<td style=\"text-align: center;\" width=\"121\">78<\/td>\n<td style=\"text-align: center;\" width=\"121\">79<\/td>\n<\/tr>\n<tr>\n<td width=\"121\"><strong>Total length<\/strong><\/td>\n<td style=\"text-align: center;\" width=\"121\">97<\/td>\n<td style=\"text-align: center;\" width=\"121\">98<\/td>\n<td style=\"text-align: center;\" width=\"121\">99<\/td>\n<td style=\"text-align: center;\" width=\"121\">100<\/td>\n<\/tr>\n<\/tbody>\n<\/table>\n<p>* flat without stretching \/ stretched<\/p>","protected":false},"excerpt":{"rendered":"<p>Najtrudniejsze do uszycia spodnie wspinaczkowe. Panie Szwaczki Ewa, Jola, Krysia, Ma\u0142gosia (znajdziecie imiona na metkach) straci\u0142y nad uszyciem tego mega popieprzonego modelu sporo nerw\u00f3w \ud83d\ude1b Dlatego nazwa\u0142y je Puzzlami. A Wy mo\u017cecie poczu\u0107 si\u0119 w nich bardzo oryginalnie&#8230; w ko\u0144cu Dzikie Gacie s\u0105 dla odwa\u017cnych! Niezwykle mocna bawe\u0142na z dodatkiem elastanu sprawi, \u017ce spodnie wspinaczkowe&#8230;<\/p>","protected":false},"featured_media":12661,"comment_status":"open","ping_status":"closed","template":"","meta":{"_kadence_starter_templates_imported_post":false,"_kad_post_transparent":"","_kad_post_title":"","_kad_post_layout":"","_kad_post_sidebar_id":"","_kad_post_content_style":"","_kad_post_vertical_padding":"","_kad_post_feature":"","_kad_post_feature_position":"","_kad_post_header":false,"_kad_post_footer":false},"product_brand":[],"product_cat":[38,281,87,138,143],"product_tag":[],"class_list":{"0":"post-12634","1":"product","2":"type-product","3":"status-publish","4":"has-post-thumbnail","6":"product_cat-damskie","7":"product_cat-patchwork-damskie","8":"product_cat-spodnie-dlugie-damskie","9":"product_cat-ostatnie-sztuki-damskie","10":"product_cat-ostatnie-sztuki","11":"pa_rozmiar-l","12":"pa_rozmiar-m","13":"pa_rozmiar-m-long","14":"pa_rozmiar-s","15":"pa_rozmiar-s-long","16":"pa_rozmiar-xs","18":"first","19":"instock","20":"taxable","21":"shipping-taxable","22":"purchasable","23":"product-type-variable","24":"entry","25":"content-bg","26":"loop-entry"},"jetpack_sharing_enabled":true,"_links":{"self":[{"href":"https:\/\/motywkadence.hastan.pl\/en\/wp-json\/wp\/v2\/product\/12634","targetHints":{"allow":["GET"]}}],"collection":[{"href":"https:\/\/motywkadence.hastan.pl\/en\/wp-json\/wp\/v2\/product"}],"about":[{"href":"https:\/\/motywkadence.hastan.pl\/en\/wp-json\/wp\/v2\/types\/product"}],"replies":[{"embeddable":true,"href":"https:\/\/motywkadence.hastan.pl\/en\/wp-json\/wp\/v2\/comments?post=12634"}],"wp:featuredmedia":[{"embeddable":true,"href":"https:\/\/motywkadence.hastan.pl\/en\/wp-json\/wp\/v2\/media\/12661"}],"wp:attachment":[{"href":"https:\/\/motywkadence.hastan.pl\/en\/wp-json\/wp\/v2\/media?parent=12634"}],"wp:term":[{"taxonomy":"product_brand","embeddable":true,"href":"https:\/\/motywkadence.hastan.pl\/en\/wp-json\/wp\/v2\/product_brand?post=12634"},{"taxonomy":"product_cat","embeddable":true,"href":"https:\/\/motywkadence.hastan.pl\/en\/wp-json\/wp\/v2\/product_cat?post=12634"},{"taxonomy":"product_tag","embeddable":true,"href":"https:\/\/motywkadence.hastan.pl\/en\/wp-json\/wp\/v2\/product_tag?post=12634"}],"curies":[{"name":"wp","href":"https:\/\/api.w.org\/{rel}","templated":true}]}}