{"id":12225,"date":"2023-04-05T14:05:59","date_gmt":"2023-04-05T12:05:59","guid":{"rendered":"https:\/\/hastan.pl\/?post_type=product&#038;p=12225"},"modified":"2025-03-11T15:20:57","modified_gmt":"2025-03-11T14:20:57","slug":"spodnie-wspinaczkowe-meskie-rozki","status":"publish","type":"product","link":"https:\/\/motywkadence.hastan.pl\/en\/product\/spodnie-wspinaczkowe-meskie-rozki\/","title":{"rendered":"Men&#039;s Climbing Trousers Roses"},"content":{"rendered":"<p>Extremely strong cotton with the addition of elastane will make the climbing pants endure a lot. Natural fabric that does not cause abrasions or allergic reactions will satisfy the most demanding customer.<\/p>\n<p>The legs of the climbing pants are finished with a delicate elastic band.<\/p>\n<p>Why is it worth:<\/p>\n<ul>\n<li>Strongly cotton with elastane<\/li>\n<li>Crotch gusset (ideal for splits)<\/li>\n<li>Darts in the knees<\/li>\n<li>4 Large and convenient pockets<\/li>\n<li>Elastic waist and additionally a string with a Hastan logo<\/li>\n<li>Entirely designed and sewn in \u0141\u00f3d\u017a<\/li>\n<li>Accessories: embroidery, tags, button, zipper all made locally in the \u0141\u00f3d\u017a area<\/li>\n<\/ul>\n<p>Yoga not in leggings? Why not! The wedge in the crotch of Hastan climbing pants will make it easier to make splits or other complicated figures.<\/p>\n<p>Works with the harness and provides pocket access.<\/p>\n<p>Pants also look great after climbing. With an ordinary T-shirt, you can boldly go to the city in them.<\/p>\n<p>Packaging - ZERO FOIL - Each climbing pants is packed in a denim bag that you can use in any way. We know from the information from our clients that it will be perfect for quickdraws, climbing shoes, and even crampons \ud83d\ude09<\/p>\n<p>Composition:<br \/>\nCotton 98%<br \/>\nElastane 2%<\/p>\n<table style=\"height: 373px;\" width=\"800\">\n<tbody>\n<tr>\n<td style=\"text-align: center;\" colspan=\"8\" width=\"504\"><strong>Climbing Pants Men's - Rouge<\/strong><\/td>\n<\/tr>\n<tr>\n<td width=\"100\"><\/td>\n<td style=\"text-align: center;\" width=\"121\">S<\/td>\n<td style=\"text-align: center;\" width=\"121\">S-LONG<\/td>\n<td style=\"text-align: center;\" width=\"121\">M<\/td>\n<td style=\"text-align: center;\" width=\"121\">M-LONG<\/td>\n<td style=\"text-align: center;\" width=\"121\">L<\/td>\n<td style=\"text-align: center;\" width=\"121\">L-LONG<\/td>\n<td style=\"text-align: center;\" width=\"121\">XL<\/td>\n<\/tr>\n<tr>\n<td width=\"100\"><strong>Waist circumference*<\/strong><\/td>\n<td style=\"text-align: center;\" width=\"121\">66\/86<\/td>\n<td style=\"text-align: center;\" width=\"121\">66\/86<\/td>\n<td style=\"text-align: center;\" width=\"121\">70\/98<\/td>\n<td style=\"text-align: center;\" width=\"121\">70\/98<\/td>\n<td style=\"text-align: center;\" width=\"121\">74\/104<\/td>\n<td style=\"text-align: center;\" width=\"121\">74\/104<\/td>\n<td style=\"text-align: center;\" width=\"121\">82\/116<\/td>\n<\/tr>\n<tr>\n<td width=\"100\"><strong>Thigh circumference<\/strong><\/td>\n<td style=\"text-align: center;\" width=\"121\">54<\/td>\n<td style=\"text-align: center;\" width=\"121\">54<\/td>\n<td style=\"text-align: center;\" width=\"121\">56<\/td>\n<td style=\"text-align: center;\" width=\"121\">56<\/td>\n<td style=\"text-align: center;\" width=\"121\">60<\/td>\n<td style=\"text-align: center;\" width=\"121\">60<\/td>\n<td style=\"text-align: center;\" width=\"121\">62<\/td>\n<\/tr>\n<tr>\n<td width=\"100\"><strong>Length in the crotch<\/strong><\/td>\n<td style=\"text-align: center;\" width=\"121\">77<\/td>\n<td style=\"text-align: center;\" width=\"121\">82<\/td>\n<td style=\"text-align: center;\" width=\"121\">79<\/td>\n<td style=\"text-align: center;\" width=\"121\">84<\/td>\n<td style=\"text-align: center;\" width=\"121\">80<\/td>\n<td style=\"text-align: center;\" width=\"121\">84<\/td>\n<td style=\"text-align: center;\" width=\"121\">80<\/td>\n<\/tr>\n<tr>\n<td width=\"100\"><strong>Leg length<\/strong><\/td>\n<td style=\"text-align: center;\" width=\"121\">99<\/td>\n<td style=\"text-align: center;\" width=\"121\">104<\/td>\n<td style=\"text-align: center;\" width=\"121\">101<\/td>\n<td style=\"text-align: center;\" width=\"121\">105<\/td>\n<td style=\"text-align: center;\" width=\"121\">103<\/td>\n<td style=\"text-align: center;\" width=\"121\">108<\/td>\n<td style=\"text-align: center;\" width=\"121\">104<\/td>\n<\/tr>\n<\/tbody>\n<\/table>\n<p>* flat without stretching \/ stretched<\/p>\n<p>&nbsp;<\/p>\n<p>&nbsp;<\/p>","protected":false},"excerpt":{"rendered":"<p>Not only for the brave.<\/p>","protected":false},"featured_media":12339,"comment_status":"open","ping_status":"closed","template":"","meta":{"_kadence_starter_templates_imported_post":false,"_kad_post_transparent":"","_kad_post_title":"","_kad_post_layout":"","_kad_post_sidebar_id":"","_kad_post_content_style":"","_kad_post_vertical_padding":"","_kad_post_feature":"","_kad_post_feature_position":"","_kad_post_header":false,"_kad_post_footer":false},"product_brand":[],"product_cat":[44,283,89],"product_tag":[],"class_list":{"0":"post-12225","1":"product","2":"type-product","3":"status-publish","4":"has-post-thumbnail","6":"product_cat-meskie","7":"product_cat-klasyka-meskie","8":"product_cat-spodnie-dlugie-meskie","9":"pa_rozmiar-l","10":"pa_rozmiar-l-long","11":"pa_rozmiar-m","12":"pa_rozmiar-m-long","13":"pa_rozmiar-s","14":"pa_rozmiar-s-long","15":"pa_rozmiar-xl","17":"first","18":"instock","19":"taxable","20":"shipping-taxable","21":"purchasable","22":"product-type-variable","23":"entry","24":"content-bg","25":"loop-entry"},"jetpack_sharing_enabled":true,"_links":{"self":[{"href":"https:\/\/motywkadence.hastan.pl\/en\/wp-json\/wp\/v2\/product\/12225","targetHints":{"allow":["GET"]}}],"collection":[{"href":"https:\/\/motywkadence.hastan.pl\/en\/wp-json\/wp\/v2\/product"}],"about":[{"href":"https:\/\/motywkadence.hastan.pl\/en\/wp-json\/wp\/v2\/types\/product"}],"replies":[{"embeddable":true,"href":"https:\/\/motywkadence.hastan.pl\/en\/wp-json\/wp\/v2\/comments?post=12225"}],"wp:featuredmedia":[{"embeddable":true,"href":"https:\/\/motywkadence.hastan.pl\/en\/wp-json\/wp\/v2\/media\/12339"}],"wp:attachment":[{"href":"https:\/\/motywkadence.hastan.pl\/en\/wp-json\/wp\/v2\/media?parent=12225"}],"wp:term":[{"taxonomy":"product_brand","embeddable":true,"href":"https:\/\/motywkadence.hastan.pl\/en\/wp-json\/wp\/v2\/product_brand?post=12225"},{"taxonomy":"product_cat","embeddable":true,"href":"https:\/\/motywkadence.hastan.pl\/en\/wp-json\/wp\/v2\/product_cat?post=12225"},{"taxonomy":"product_tag","embeddable":true,"href":"https:\/\/motywkadence.hastan.pl\/en\/wp-json\/wp\/v2\/product_tag?post=12225"}],"curies":[{"name":"wp","href":"https:\/\/api.w.org\/{rel}","templated":true}]}}