{"id":11423,"date":"2023-02-28T20:00:14","date_gmt":"2023-02-28T19:00:14","guid":{"rendered":"https:\/\/hastan.pl\/?post_type=product&#038;p=11423"},"modified":"2025-05-05T10:18:25","modified_gmt":"2025-05-05T08:18:25","slug":"bezszwowy-top","status":"publish","type":"product","link":"https:\/\/motywkadence.hastan.pl\/en\/product\/bezszwowy-top\/","title":{"rendered":"Built-up black climbing top"},"content":{"rendered":"<p>CLIMBING TOP<\/p>\n<p>Currently, it is the seamless construction of clothing that wins the hearts of women. A sports top is one of the most important pieces of clothing for training.<\/p>\n<p>Meet our climbing top:<\/p>\n<ul>\n<li>elongated and strongly built-up cut for a sense of comfort<\/li>\n<li>provides complete freedom of movement<\/li>\n<li>soft knit feels like a second skin<\/li>\n<li>specialized technology that densely weaves the fabric in accordance with the human muscle system<\/li>\n<li>high impact support<\/li>\n<li>cut emphasizing the shoulders<\/li>\n<li>they do not have inserts, therefore the sports bra fits perfectly to the body<\/li>\n<\/ul>\n<p>A seamless top is one of the most important elements of every active woman's wardrobe.<\/p>\n<p><span style=\"color: #ff0000;\">Match it with leggings from our latest collection:<\/span><\/p>\n<p><a href=\"https:\/\/motywkadence.hastan.pl\/en\/kategoria-produktu\/damskie\/seamless\/legginsy\/\">Climbing and shaping leggings<\/a><\/p>\n<p>COMPOSITION<br \/>\nPolyamide 88%<br \/>\nElastane 12%<\/p>\n<p>SIZE CHART:<\/p>\n<p>Choose the perfect size for your figure:<\/p>\n<table>\n<tbody>\n<tr>\n<td style=\"text-align: center;\" colspan=\"5\" width=\"604\"><strong>Climbing bra<\/strong><\/td>\n<\/tr>\n<tr>\n<td width=\"121\"><\/td>\n<td style=\"text-align: center;\" width=\"121\">XS<\/td>\n<td style=\"text-align: center;\" width=\"121\">S<\/td>\n<td style=\"text-align: center;\" width=\"121\">M<\/td>\n<td style=\"text-align: center;\" width=\"121\">L<\/td>\n<\/tr>\n<tr>\n<td width=\"121\"><strong>Circumference under the bust<\/strong><\/td>\n<td style=\"text-align: center;\" width=\"121\">60-65<\/td>\n<td style=\"text-align: center;\" width=\"121\">66-71<\/td>\n<td style=\"text-align: center;\" width=\"121\">72-78<\/td>\n<td style=\"text-align: center;\" width=\"121\">79-85<\/td>\n<\/tr>\n<tr>\n<td width=\"121\"><strong>Chest circumference<\/strong><\/td>\n<td style=\"text-align: center;\" width=\"121\">75-81<\/td>\n<td style=\"text-align: center;\" width=\"121\">82-88<\/td>\n<td style=\"text-align: center;\" width=\"121\">89-96<\/td>\n<td style=\"text-align: center;\" width=\"121\">97-105<\/td>\n<\/tr>\n<tr>\n<td width=\"121\"><strong>Length<\/strong><\/td>\n<td style=\"text-align: center;\" width=\"121\">29<\/td>\n<td style=\"text-align: center;\" width=\"121\">30<\/td>\n<td style=\"text-align: center;\" width=\"121\">31<\/td>\n<td style=\"text-align: center;\" width=\"121\">32<\/td>\n<\/tr>\n<\/tbody>\n<\/table>\n<p>The top will perfectly match:<br \/>\n<a href=\"https:\/\/motywkadence.hastan.pl\/en\/kategoria-produktu\/damskie\/seamless\/legginsy\/\">Seamless sports leggins<\/a><br \/>\nChoose one for yourself.<\/p>","protected":false},"excerpt":{"rendered":"<p>TOP WSPINACZKOWY Obecnie to bezszwowa konstrukcja odzie\u017cy podbija serca kobiet.\u00a0 Top sportowy to jeden z najwa\u017cniejszych element\u00f3w odzie\u017cy do treningu. Poznaj nasz top wspinaczkowy: wyd\u0142u\u017cony i mocno zabudowany kr\u00f3j dla poczucia komfortu zapewnia pe\u0142n\u0105 swobod\u0119 ruch\u00f3w mi\u0119kka dzianina sprawia wra\u017cenie drugiej sk\u00f3ry specjalistyczna technologia, kt\u00f3ra g\u0119sto splata tkanin\u0119 zgodnie z uk\u0142adem mi\u0119\u015bni cz\u0142owieka wysokie podtrzymanie&#8230;<\/p>","protected":false},"featured_media":11886,"comment_status":"open","ping_status":"closed","template":"","meta":{"_kadence_starter_templates_imported_post":false,"_kad_post_transparent":"","_kad_post_title":"","_kad_post_layout":"","_kad_post_sidebar_id":"","_kad_post_content_style":"","_kad_post_vertical_padding":"","_kad_post_feature":"","_kad_post_feature_position":"","_kad_post_header":false,"_kad_post_footer":false},"product_brand":[],"product_cat":[38,290,291,138,145,143,81,153],"product_tag":[],"class_list":{"0":"post-11423","1":"product","2":"type-product","3":"status-publish","4":"has-post-thumbnail","6":"product_cat-damskie","7":"product_cat-seamless","8":"product_cat-bezszwowy-top","9":"product_cat-ostatnie-sztuki-damskie","10":"product_cat-wyprzedaz","11":"product_cat-ostatnie-sztuki","12":"product_cat-promocja","13":"product_cat-damskie-promocja","14":"pa_rozmiar-l","15":"pa_rozmiar-m","16":"pa_rozmiar-s","17":"pa_rozmiar-xs","18":"pa_rozmiar-xxs","20":"first","21":"instock","22":"sale","23":"taxable","24":"shipping-taxable","25":"purchasable","26":"product-type-variable","27":"entry","28":"content-bg","29":"loop-entry"},"jetpack_sharing_enabled":true,"_links":{"self":[{"href":"https:\/\/motywkadence.hastan.pl\/en\/wp-json\/wp\/v2\/product\/11423","targetHints":{"allow":["GET"]}}],"collection":[{"href":"https:\/\/motywkadence.hastan.pl\/en\/wp-json\/wp\/v2\/product"}],"about":[{"href":"https:\/\/motywkadence.hastan.pl\/en\/wp-json\/wp\/v2\/types\/product"}],"replies":[{"embeddable":true,"href":"https:\/\/motywkadence.hastan.pl\/en\/wp-json\/wp\/v2\/comments?post=11423"}],"wp:featuredmedia":[{"embeddable":true,"href":"https:\/\/motywkadence.hastan.pl\/en\/wp-json\/wp\/v2\/media\/11886"}],"wp:attachment":[{"href":"https:\/\/motywkadence.hastan.pl\/en\/wp-json\/wp\/v2\/media?parent=11423"}],"wp:term":[{"taxonomy":"product_brand","embeddable":true,"href":"https:\/\/motywkadence.hastan.pl\/en\/wp-json\/wp\/v2\/product_brand?post=11423"},{"taxonomy":"product_cat","embeddable":true,"href":"https:\/\/motywkadence.hastan.pl\/en\/wp-json\/wp\/v2\/product_cat?post=11423"},{"taxonomy":"product_tag","embeddable":true,"href":"https:\/\/motywkadence.hastan.pl\/en\/wp-json\/wp\/v2\/product_tag?post=11423"}],"curies":[{"name":"wp","href":"https:\/\/api.w.org\/{rel}","templated":true}]}}