{"id":11417,"date":"2023-02-28T20:00:29","date_gmt":"2023-02-28T19:00:29","guid":{"rendered":"https:\/\/hastan.pl\/?post_type=product&#038;p=11417"},"modified":"2025-04-17T11:51:13","modified_gmt":"2025-04-17T09:51:13","slug":"legginsy-z-paskiem-mieta","status":"publish","type":"product","link":"https:\/\/motywkadence.hastan.pl\/en\/product\/legginsy-z-paskiem-mieta\/","title":{"rendered":"Shaping leggins mint"},"content":{"rendered":"<p>SHAPING LEGGINS<\/p>\n<p>Are you looking for leggings in which you will feel comfortable and emphasize your figure?<br \/>\nIf you want feel like second skin, check our shaping, seamless leggins.<\/p>\n<p>Leggins for yoga, fitness, running, gym and daily use. NOT FOR CLIMBING.<\/p>\n<p>Here are some reasons why it's worth it:<\/p>\n<p>DESIGN:<\/p>\n<p>specialized seamless technology giving the effect of a second skin<br \/>\nhigh waist flattening the belly<br \/>\nwide waist shaping belt<br \/>\nbelt that doesn't wrap during intensive training<br \/>\nmodeling yoke above the buttocks<br \/>\ncontoured buttocks with controlled excess knit<br \/>\nwedge crotch insert<\/p>\n<p>COMFORT:<br \/>\nFlexible and soft fabric that allows the skin to breathe, is not transparent and is pleasant to the touch.<br \/>\nYou can trust us. We have combined a sense of femininity with a sports flair in one project.<\/p>\n<p>COMPOSITION<br \/>\nPolyamide 88%<br \/>\nElastane 12%<\/p>\n<p>SIZE CHART:<\/p>\n<p>Choose the perfect size for your figure and remember about the right underwear.<\/p>\n<table>\n<tbody>\n<tr>\n<td style=\"text-align: center;\" colspan=\"6\" width=\"604\"><strong>Shaping leggins<\/strong><\/td>\n<\/tr>\n<tr>\n<td width=\"121\"><\/td>\n<td style=\"text-align: center;\" width=\"121\">XXS<\/td>\n<td style=\"text-align: center;\" width=\"121\">XS<\/td>\n<td style=\"text-align: center;\" width=\"121\">S<\/td>\n<td style=\"text-align: center;\" width=\"121\">M<\/td>\n<td style=\"text-align: center;\" width=\"121\">L<\/td>\n<\/tr>\n<tr>\n<td width=\"121\"><strong>Waist circumference<\/strong><\/td>\n<td style=\"text-align: center;\" width=\"121\">55-59<\/td>\n<td style=\"text-align: center;\" width=\"121\">60-64<\/td>\n<td style=\"text-align: center;\" width=\"121\">65-69<\/td>\n<td style=\"text-align: center;\" width=\"121\">70-74<\/td>\n<td style=\"text-align: center;\" width=\"121\">75-80<\/td>\n<\/tr>\n<tr>\n<td width=\"121\"><strong>Hips circumference<\/strong><\/td>\n<td style=\"text-align: center;\" width=\"121\">85-88<\/td>\n<td style=\"text-align: center;\" width=\"121\">89-93<\/td>\n<td style=\"text-align: center;\" width=\"121\">94-98<\/td>\n<td style=\"text-align: center;\" width=\"121\">99-105<\/td>\n<td style=\"text-align: center;\" width=\"121\">106-112<\/td>\n<\/tr>\n<tr>\n<td width=\"121\"><strong>Total length\u00a0<\/strong><\/td>\n<td style=\"text-align: center;\" width=\"121\">88<\/td>\n<td style=\"text-align: center;\" width=\"121\">90<\/td>\n<td style=\"text-align: center;\" width=\"121\">92<\/td>\n<td style=\"text-align: center;\" width=\"121\">95<\/td>\n<td style=\"text-align: center;\" width=\"121\">98<\/td>\n<\/tr>\n<tr>\n<td width=\"121\"><strong>Length from crotch to ankle<\/strong><\/td>\n<td style=\"text-align: center;\" width=\"121\">66<\/td>\n<td style=\"text-align: center;\" width=\"121\">67<\/td>\n<td style=\"text-align: center;\" width=\"121\">68<\/td>\n<td style=\"text-align: center;\" width=\"121\">69<\/td>\n<td style=\"text-align: center;\" width=\"121\">72<\/td>\n<\/tr>\n<\/tbody>\n<\/table>\n<p>The leggings will perfectly match:<br \/>\n<a href=\"https:\/\/motywkadence.hastan.pl\/en\/kategoria-produktu\/damskie\/seamless\/bezszwowy-top\/\">Seamless sports bra<\/a><br \/>\nChoose one for yourself.<\/p>","protected":false},"excerpt":{"rendered":"<p>SPORTOWE LEGGINSY MODELUJ\u0104CE Szukasz leggins\u00f3w, w kt\u00f3rych poczujesz si\u0119 wygodnie i podkre\u015blisz swoj\u0105 figur\u0119? Je\u015bli chcesz poczu\u0107, \u017ce legginsy mog\u0105 by\u0107 jak druga sk\u00f3ra, sprawd\u017a nasze\u00a0 legginsy modeluj\u0105ce. Legginsy do jogi, fitnessu, biegania, na si\u0142owni\u0119 i do codziennych stylizacji.\u00a0 NIE DO WSPINANIA. Oto kilka argument\u00f3w, dlaczego warto: KONSTRUKCJA: specjalistyczna technologia z minimaln\u0105 ilo\u015bci\u0105 p\u0142askich szw\u00f3w&#8230;<\/p>","protected":false},"featured_media":11848,"comment_status":"open","ping_status":"closed","template":"","meta":{"_kadence_starter_templates_imported_post":false,"_kad_post_transparent":"","_kad_post_title":"","_kad_post_layout":"","_kad_post_sidebar_id":"","_kad_post_content_style":"","_kad_post_vertical_padding":"","_kad_post_feature":"","_kad_post_feature_position":"","_kad_post_header":false,"_kad_post_footer":false},"product_brand":[],"product_cat":[38,290,292],"product_tag":[],"class_list":{"0":"post-11417","1":"product","2":"type-product","3":"status-publish","4":"has-post-thumbnail","6":"product_cat-damskie","7":"product_cat-seamless","8":"product_cat-legginsy","9":"pa_rozmiar-l","10":"pa_rozmiar-m","11":"pa_rozmiar-s","12":"pa_rozmiar-xs","13":"pa_rozmiar-xxs","15":"first","16":"instock","17":"taxable","18":"shipping-taxable","19":"purchasable","20":"product-type-variable","21":"entry","22":"content-bg","23":"loop-entry"},"jetpack_sharing_enabled":true,"_links":{"self":[{"href":"https:\/\/motywkadence.hastan.pl\/en\/wp-json\/wp\/v2\/product\/11417","targetHints":{"allow":["GET"]}}],"collection":[{"href":"https:\/\/motywkadence.hastan.pl\/en\/wp-json\/wp\/v2\/product"}],"about":[{"href":"https:\/\/motywkadence.hastan.pl\/en\/wp-json\/wp\/v2\/types\/product"}],"replies":[{"embeddable":true,"href":"https:\/\/motywkadence.hastan.pl\/en\/wp-json\/wp\/v2\/comments?post=11417"}],"wp:featuredmedia":[{"embeddable":true,"href":"https:\/\/motywkadence.hastan.pl\/en\/wp-json\/wp\/v2\/media\/11848"}],"wp:attachment":[{"href":"https:\/\/motywkadence.hastan.pl\/en\/wp-json\/wp\/v2\/media?parent=11417"}],"wp:term":[{"taxonomy":"product_brand","embeddable":true,"href":"https:\/\/motywkadence.hastan.pl\/en\/wp-json\/wp\/v2\/product_brand?post=11417"},{"taxonomy":"product_cat","embeddable":true,"href":"https:\/\/motywkadence.hastan.pl\/en\/wp-json\/wp\/v2\/product_cat?post=11417"},{"taxonomy":"product_tag","embeddable":true,"href":"https:\/\/motywkadence.hastan.pl\/en\/wp-json\/wp\/v2\/product_tag?post=11417"}],"curies":[{"name":"wp","href":"https:\/\/api.w.org\/{rel}","templated":true}]}}