{"id":10612,"date":"2022-12-03T15:38:23","date_gmt":"2022-12-03T14:38:23","guid":{"rendered":"https:\/\/hastan.pl\/?post_type=product&#038;p=10612"},"modified":"2025-03-23T18:28:22","modified_gmt":"2025-03-23T17:28:22","slug":"spodnie-wspinaczkowe-damskie-sahara","status":"publish","type":"product","link":"https:\/\/motywkadence.hastan.pl\/en\/product\/spodnie-wspinaczkowe-damskie-sahara\/","title":{"rendered":"Climbing Pants Women's - Sahara"},"content":{"rendered":"<p>Extremely strong cotton with the addition of elastane will make the climbing pants endure a lot. Natural fabric that does not cause abrasions or allergic reactions will satisfy the most demanding customer.<\/p>\n<p>We finished the legs of the climbing pants with a cuff in the ethno pattern, which, combined with the sand color, reminded us of the atmosphere of the African desert \ud83d\ude42<\/p>\n<p>Why is it worth:<\/p>\n<ul>\n<li>Crotch gusset (ideal for splits)<\/li>\n<li>Darts in the knees<\/li>\n<li>4 Large and convenient pockets<\/li>\n<li>No irritating labels inside<\/li>\n<li>Elastic waistband and drawstring<\/li>\n<li>Entirely designed and sewn in \u0141\u00f3d\u017a<\/li>\n<li>Accessories: embroidery, tags, button, zipper all made locally in the \u0141\u00f3d\u017a area<\/li>\n<\/ul>\n<p>Works with the harness and provides pocket access.<\/p>\n<p>Pants also look great after climbing. With an ordinary T-shirt, you can boldly go to the city in them.<\/p>\n<p>Packaging - ZERO FOIL - Each climbing pants is packed in a denim bag that you can use in any way. We know from the information from our clients that it will be perfect for quickdraws, climbing shoes, and even crampons \ud83d\ude09<\/p>\n<p>k\u0142ad:<br \/>\nCotton 98%<br \/>\nElastane 2%<\/p>\n<table>\n<tbody>\n<tr>\n<td style=\"text-align: center;\" colspan=\"5\" width=\"604\"><strong>Spodnie damskie &#8211; Sahara<\/strong><\/td>\n<\/tr>\n<tr>\n<td width=\"151\"><\/td>\n<td style=\"text-align: center;\" width=\"151\">XS<\/td>\n<td style=\"text-align: center;\" width=\"151\">S<\/td>\n<td style=\"text-align: center;\" width=\"151\">M<\/td>\n<td style=\"text-align: center;\" width=\"151\">L<\/td>\n<\/tr>\n<tr>\n<td width=\"151\"><strong>Waist circumference*<\/strong><\/td>\n<td style=\"text-align: center;\" width=\"151\">56\/88<\/td>\n<td style=\"text-align: center;\" width=\"151\">59\/93<\/td>\n<td style=\"text-align: center;\" width=\"151\">62\/98<\/td>\n<td style=\"text-align: center;\" width=\"151\">64\/104<\/td>\n<\/tr>\n<tr>\n<td width=\"151\"><strong>Hips circumference<\/strong><\/td>\n<td style=\"text-align: center;\" width=\"151\">100<\/td>\n<td style=\"text-align: center;\" width=\"151\">102<\/td>\n<td style=\"text-align: center;\" width=\"151\">106<\/td>\n<td style=\"text-align: center;\" width=\"151\">110<\/td>\n<\/tr>\n<tr>\n<td width=\"151\"><strong>Thigh circumference<\/strong><\/td>\n<td style=\"text-align: center;\" width=\"151\">54<\/td>\n<td style=\"text-align: center;\" width=\"151\">56<\/td>\n<td style=\"text-align: center;\" width=\"151\">58<\/td>\n<td style=\"text-align: center;\" width=\"151\">60<\/td>\n<\/tr>\n<tr>\n<td width=\"151\"><strong>Length in the crotch<\/strong><\/td>\n<td style=\"text-align: center;\" width=\"151\">72<\/td>\n<td style=\"text-align: center;\" width=\"151\">73<\/td>\n<td style=\"text-align: center;\" width=\"151\">74<\/td>\n<td style=\"text-align: center;\" width=\"151\">75<\/td>\n<\/tr>\n<tr>\n<td width=\"151\"><strong>Leg length<\/strong><\/td>\n<td style=\"text-align: center;\" width=\"151\">92<\/td>\n<td style=\"text-align: center;\" width=\"151\">94<\/td>\n<td style=\"text-align: center;\" width=\"151\">96<\/td>\n<td style=\"text-align: center;\" width=\"151\">97<\/td>\n<\/tr>\n<\/tbody>\n<\/table>\n<p>* flat without stretching \/ stretched<\/p>","protected":false},"excerpt":{"rendered":"<p>Niezwykle mocna bawe\u0142na z dodatkiem elastanu sprawi, \u017ce spodnie wspinaczkowe znios\u0105 wiele. Naturalna tkanina nie powoduj\u0105ca obtar\u0107 czy reakcji alergicznych zadowoli najbardziej wymagaj\u0105cego klienta. Nogawki spodni wspinaczkowych wyko\u0144czyli\u015bmy mankietem we wzorze etno, kt\u00f3ry w po\u0142\u0105czeniu z piaskowym kolorem, przypomnia\u0142 nam klimat afryka\u0144skiej pustyni \ud83d\ude42 Dlaczego warto: Klin w kroku (idealne do szpagat\u00f3w) Zaszewki w kolanach&#8230;<\/p>","protected":false},"featured_media":14060,"comment_status":"open","ping_status":"closed","template":"","meta":{"_kadence_starter_templates_imported_post":false,"_kad_post_transparent":"","_kad_post_title":"","_kad_post_layout":"","_kad_post_sidebar_id":"","_kad_post_content_style":"","_kad_post_vertical_padding":"","_kad_post_feature":"","_kad_post_feature_position":"","_kad_post_header":false,"_kad_post_footer":false},"product_brand":[],"product_cat":[38,284,87,138,143],"product_tag":[],"class_list":{"0":"post-10612","1":"product","2":"type-product","3":"status-publish","4":"has-post-thumbnail","6":"product_cat-damskie","7":"product_cat-klasyka-damskie","8":"product_cat-spodnie-dlugie-damskie","9":"product_cat-ostatnie-sztuki-damskie","10":"product_cat-ostatnie-sztuki","11":"pa_rozmiar-l","12":"pa_rozmiar-m","13":"pa_rozmiar-s","14":"pa_rozmiar-xs","16":"first","17":"outofstock","18":"taxable","19":"shipping-taxable","20":"purchasable","21":"product-type-variable","22":"entry","23":"content-bg","24":"loop-entry"},"jetpack_sharing_enabled":true,"_links":{"self":[{"href":"https:\/\/motywkadence.hastan.pl\/en\/wp-json\/wp\/v2\/product\/10612","targetHints":{"allow":["GET"]}}],"collection":[{"href":"https:\/\/motywkadence.hastan.pl\/en\/wp-json\/wp\/v2\/product"}],"about":[{"href":"https:\/\/motywkadence.hastan.pl\/en\/wp-json\/wp\/v2\/types\/product"}],"replies":[{"embeddable":true,"href":"https:\/\/motywkadence.hastan.pl\/en\/wp-json\/wp\/v2\/comments?post=10612"}],"wp:featuredmedia":[{"embeddable":true,"href":"https:\/\/motywkadence.hastan.pl\/en\/wp-json\/wp\/v2\/media\/14060"}],"wp:attachment":[{"href":"https:\/\/motywkadence.hastan.pl\/en\/wp-json\/wp\/v2\/media?parent=10612"}],"wp:term":[{"taxonomy":"product_brand","embeddable":true,"href":"https:\/\/motywkadence.hastan.pl\/en\/wp-json\/wp\/v2\/product_brand?post=10612"},{"taxonomy":"product_cat","embeddable":true,"href":"https:\/\/motywkadence.hastan.pl\/en\/wp-json\/wp\/v2\/product_cat?post=10612"},{"taxonomy":"product_tag","embeddable":true,"href":"https:\/\/motywkadence.hastan.pl\/en\/wp-json\/wp\/v2\/product_tag?post=10612"}],"curies":[{"name":"wp","href":"https:\/\/api.w.org\/{rel}","templated":true}]}}