{"id":3786,"date":"2020-11-23T12:56:49","date_gmt":"2020-11-23T11:56:49","guid":{"rendered":"http:\/\/serwer76064.lh.pl\/?page_id=3786"},"modified":"2023-03-21T21:01:42","modified_gmt":"2023-03-21T20:01:42","slug":"koszt-dostawy","status":"publish","type":"page","link":"https:\/\/motywkadence.hastan.pl\/en\/koszt-dostawy\/","title":{"rendered":"COST OF DELIVERY"},"content":{"rendered":"<p>&nbsp;<\/p>\r\n\r\n\r\n\r\n<p>Depending on the quantity and weight of the products you order, the selected payment method and your own preferences, you can choose one of the delivery methods:<\/p>\r\n\r\n\r\n\r\n<ul class=\"wp-block-list\">\r\n<li><strong>Okay:\u00a0<\/strong><em>Delivery company.\u00a0<\/em>The delivery is carried out by a professional courier company DHL. Choosing a courier means convenience and certainty that your order will be delivered on time and at an affordable price. In addition, you will receive a link to the page on your e-mail address, where you will be able to check the location of your shipment on an ongoing basis.<\/li>\r\n<li><strong>Cheapest and fastest:<br \/><\/strong><em>Paczkomat In Post<\/em>. The strength of Parcel Lockers is, above all, the speed and convenience of operation. Machines are located in close proximity to housing estates and shops, and are open 24\/7, so we can easily pick up parcels during an evening walk with the dog or while running other errands. The speed of operation is also an important advantage of Parcel Lockers: up to 98% of parcels is delivered to recipients the next day!<\/li>\r\n<li><strong>Easiest:<br \/><\/strong><em>Pickup in person.<\/em>\u00a0This is the easiest way to collect ordered goods - come to the company&#039;s headquarters at the following address:\u00a0<strong>HASTAN, ul. Gliniana 34, Lodz<\/strong>.\u00a0<strong>Prosz\u0119 o wcze\u015bniejszy kontakt telefoniczny w celu ustalenia terminu odbioru: 502-081-343.<\/strong>\u00a0There are no additional costs for picking up in person.<\/li>\r\n<\/ul>\r\n\r\n\r\n\r\n<h3 class=\"wp-block-heading\">Cost of delivery<\/h3>\r\n\r\n\r\n\r\n<p>Ca\u0142kowity koszt dostawy zam\u00f3wienia poznasz po dodaniu produkt\u00f3w do koszyka i wybraniu interesuj\u0105cej Ciebie formy dostawy i metody p\u0142atno\u015bci &#8211; w podsumowaniu zobaczysz dok\u0142adn\u0105 warto\u015b\u0107 do zap\u0142aty.\u00a0Poni\u017cej znajdziesz list\u0119 standardowych koszt\u00f3w dostawy, wraz z szacunkowym czasem dostarczenia zam\u00f3wienia:<\/p>\r\n\r\n\r\n\r\n<figure class=\"wp-block-table\">\r\n<table>\r\n<thead>\r\n<tr>\r\n<th>Delivery method<\/th>\r\n<th>Prepayment<br \/>(przelew lub\u00a0p\u0142atno\u015b\u0107 online)<\/th>\r\n<th>Download<\/th>\r\n<th>Delivery time<\/th>\r\n<\/tr>\r\n<\/thead>\r\n<tbody>\r\n<tr>\r\n<td><strong>Delivery company<\/strong><\/td>\r\n<td>PLN 15.99<\/td>\r\n<td>+ PLN 5.00<\/td>\r\n<td>24h<\/td>\r\n<\/tr>\r\n<tr>\r\n<td><strong>Parcel lockers<\/strong><\/td>\r\n<td>PLN 11.99<\/td>\r\n<td>+ PLN 5.00<\/td>\r\n<td>24h<\/td>\r\n<\/tr>\r\n<tr>\r\n<td><strong>Pickup in person<\/strong><\/td>\r\n<td>free<\/td>\r\n<td>free<\/td>\r\n<td>&#8211;<\/td>\r\n<\/tr>\r\n<\/tbody>\r\n<\/table>\r\n<\/figure>\r\n\r\n\r\n\r\n<p><strong>Attention:\u00a0<\/strong>the cost of delivery may be increased in the case of products with non-standard dimensions and \/ or greater weight.<\/p>","protected":false},"excerpt":{"rendered":"<p>&nbsp; W zale\u017cno\u015bci od ilo\u015bci i wagi zamawianych przez Ciebie produkt\u00f3w, wybranej formy p\u0142atno\u015bci i w\u0142asnych preferencji, mo\u017cesz wybra\u0107 jedn\u0105 z form dostawy: Dobrze:\u00a0Firma kurierska.\u00a0Dostawa jest realizowana przez profesjonaln\u0105 firm\u0119 kuriersk\u0105 DHL. Wybranie kuriera oznacza wygod\u0119 i pewno\u015b\u0107, \u017ce Twoje zam\u00f3wienie dotrze na czas za niewyg\u00f3rowan\u0105 cen\u0119. Dodatkowo, na Tw\u00f3j adres e-mail otrzymasz link do&#8230;<\/p>","protected":false},"author":1,"featured_media":0,"parent":0,"menu_order":0,"comment_status":"closed","ping_status":"closed","template":"","meta":{"_kadence_starter_templates_imported_post":false,"_kad_post_transparent":"","_kad_post_title":"","_kad_post_layout":"","_kad_post_sidebar_id":"","_kad_post_content_style":"","_kad_post_vertical_padding":"","_kad_post_feature":"","_kad_post_feature_position":"","_kad_post_header":false,"_kad_post_footer":false,"footnotes":""},"class_list":["post-3786","page","type-page","status-publish","hentry"],"jetpack_sharing_enabled":true,"_links":{"self":[{"href":"https:\/\/motywkadence.hastan.pl\/en\/wp-json\/wp\/v2\/pages\/3786","targetHints":{"allow":["GET"]}}],"collection":[{"href":"https:\/\/motywkadence.hastan.pl\/en\/wp-json\/wp\/v2\/pages"}],"about":[{"href":"https:\/\/motywkadence.hastan.pl\/en\/wp-json\/wp\/v2\/types\/page"}],"author":[{"embeddable":true,"href":"https:\/\/motywkadence.hastan.pl\/en\/wp-json\/wp\/v2\/users\/1"}],"replies":[{"embeddable":true,"href":"https:\/\/motywkadence.hastan.pl\/en\/wp-json\/wp\/v2\/comments?post=3786"}],"version-history":[{"count":7,"href":"https:\/\/motywkadence.hastan.pl\/en\/wp-json\/wp\/v2\/pages\/3786\/revisions"}],"predecessor-version":[{"id":12141,"href":"https:\/\/motywkadence.hastan.pl\/en\/wp-json\/wp\/v2\/pages\/3786\/revisions\/12141"}],"wp:attachment":[{"href":"https:\/\/motywkadence.hastan.pl\/en\/wp-json\/wp\/v2\/media?parent=3786"}],"curies":[{"name":"wp","href":"https:\/\/api.w.org\/{rel}","templated":true}]}}