{"id":3784,"date":"2020-11-23T12:56:14","date_gmt":"2020-11-23T11:56:14","guid":{"rendered":"http:\/\/serwer76064.lh.pl\/?page_id=3784"},"modified":"2021-06-01T22:58:06","modified_gmt":"2021-06-01T20:58:06","slug":"formy-platnosci","status":"publish","type":"page","link":"https:\/\/motywkadence.hastan.pl\/en\/formy-platnosci\/","title":{"rendered":"FORMS OF PAYMENT"},"content":{"rendered":"<p>Depending on the value of the order, the chosen method of delivery and your own preferences, you can choose one of the following payment methods:<\/p>\n\n\n\n<ul class=\"wp-block-list\"><li><strong>Transfer<\/strong>\u00a0- the payment should be made to the indicated bank account number, which we will provide you in the e-mail confirming the acceptance of the order. You can make the transfer online, at the post office or in a bank. After the payment is credited to our account, we will start processing the order.<\/li><li><strong>Download<\/strong>\u00a0- you pay in cash upon receipt of the goods (to the courier, postman or at a Polish Post office - depending on the delivery method). This payment method is associated with a higher order fulfillment fee, which does not apply to other fees.<\/li><li><strong>PayU<\/strong> - a system that makes it possible to make and receive payments via the Internet between people who have an e-mail account. PayU gives you the option to pay by credit card or bank transfer<\/li><\/ul>\n\n\n\n<p><\/p>","protected":false},"excerpt":{"rendered":"<p>W zale\u017cno\u015bci od warto\u015bci zam\u00f3wienia, wybranej formy dostawy i w\u0142asnych preferencji, mo\u017cesz wybra\u0107 jeden z nast\u0119puj\u0105cych sposob\u00f3w p\u0142atno\u015bci: Przelew\u00a0&#8211; wp\u0142aty nale\u017cy dokona\u0107 na wskazany numer rachunku bankowego, kt\u00f3ry przeka\u017cemy Ci w wiadomo\u015bci email potwierdzaj\u0105cej przyj\u0119cie zam\u00f3wienia. Przelew mo\u017cesz zrealizowa\u0107 przez Internet, na poczcie lub w banku. Po zaksi\u0119gowaniu wp\u0142aty na naszym koncie, rozpoczniemy realizacj\u0119 zam\u00f3wienia&#8230;.<\/p>","protected":false},"author":1,"featured_media":0,"parent":0,"menu_order":0,"comment_status":"closed","ping_status":"closed","template":"","meta":{"_kadence_starter_templates_imported_post":false,"_kad_post_transparent":"","_kad_post_title":"","_kad_post_layout":"","_kad_post_sidebar_id":"","_kad_post_content_style":"","_kad_post_vertical_padding":"","_kad_post_feature":"","_kad_post_feature_position":"","_kad_post_header":false,"_kad_post_footer":false,"footnotes":""},"class_list":["post-3784","page","type-page","status-publish","hentry"],"jetpack_sharing_enabled":true,"_links":{"self":[{"href":"https:\/\/motywkadence.hastan.pl\/en\/wp-json\/wp\/v2\/pages\/3784","targetHints":{"allow":["GET"]}}],"collection":[{"href":"https:\/\/motywkadence.hastan.pl\/en\/wp-json\/wp\/v2\/pages"}],"about":[{"href":"https:\/\/motywkadence.hastan.pl\/en\/wp-json\/wp\/v2\/types\/page"}],"author":[{"embeddable":true,"href":"https:\/\/motywkadence.hastan.pl\/en\/wp-json\/wp\/v2\/users\/1"}],"replies":[{"embeddable":true,"href":"https:\/\/motywkadence.hastan.pl\/en\/wp-json\/wp\/v2\/comments?post=3784"}],"version-history":[{"count":4,"href":"https:\/\/motywkadence.hastan.pl\/en\/wp-json\/wp\/v2\/pages\/3784\/revisions"}],"predecessor-version":[{"id":5049,"href":"https:\/\/motywkadence.hastan.pl\/en\/wp-json\/wp\/v2\/pages\/3784\/revisions\/5049"}],"wp:attachment":[{"href":"https:\/\/motywkadence.hastan.pl\/en\/wp-json\/wp\/v2\/media?parent=3784"}],"curies":[{"name":"wp","href":"https:\/\/api.w.org\/{rel}","templated":true}]}}